{"id":1567,"date":"2017-04-24T14:54:23","date_gmt":"2017-04-24T14:54:23","guid":{"rendered":"http:\/\/esteio.com.br\/?page_id=1567"},"modified":"2020-08-18T19:55:25","modified_gmt":"2020-08-18T19:55:25","slug":"desenvolvimento-urbano","status":"publish","type":"page","link":"https:\/\/www.esteio.com.br\/en\/atuacao\/desenvolvimento-urbano\/","title":{"rendered":"Desenvolvimento Urbano"},"content":{"rendered":"[IMAGEM_CAROUSEL]\n<p>As cidades de muitos pa\u00edses em desenvolvimento apresentam problemas de transporte e qualidade de vida. Altera\u00e7\u00e3o das condi\u00e7\u00f5es ambientais e tr\u00e1fego conturbado (mobilidade) s\u00e3o problemas cr\u00f4nicos em muitas cidades.<\/p>\n<p>Cada cidade tem condi\u00e7\u00f5es espec\u00edficas e deve procurar solu\u00e7\u00f5es adequadas a eles. As solu\u00e7\u00f5es variam por regi\u00e3o e pela dimens\u00e3o de cada cidade. A cidade \u00e9 um sistema complexo de rela\u00e7\u00f5es que est\u00e1 em permanente mudan\u00e7a. A forma como o solo \u00e9 usado e ocupado e as condi\u00e7\u00f5es socio-econ\u00f4micas dos habitantes determinam a quantidade e o tipo de deslocamentos necess\u00e1rios, que precisam ser atendidos utilizando a infra-estrutura vi\u00e1ria e os ve\u00edculos dispon\u00edveis.<\/p>\n<p>As cidades de muitos pa\u00edses em desenvolvimento apresentam problemas de transporte e qualidade de vida. Altera\u00e7\u00e3o das condi\u00e7\u00f5es ambientais e tr\u00e1fego conturbado (mobilidade) s\u00e3o problemas cr\u00f4nicos em muitas cidades.<\/p>\n<p>Cada cidade tem condi\u00e7\u00f5es espec\u00edficas e deve procurar solu\u00e7\u00f5es adequadas a eles. As solu\u00e7\u00f5es variam por regi\u00e3o e pela dimens\u00e3o de cada cidade.<\/p>\n<p>A cidade \u00e9 um sistema complexo de rela\u00e7\u00f5es que est\u00e1 em permanente mudan\u00e7a. A forma como o solo \u00e9 usado e ocupado e as condi\u00e7\u00f5es socio-econ\u00f4micas dos habitantes determinam a quantidade e o tipo de deslocamentos necess\u00e1rios, que precisam ser atendidos utilizando a infra-estrutura vi\u00e1ria e os ve\u00edculos dispon\u00edveis.<\/p>\n<p>A gest\u00e3o deste complexo sistema de rela\u00e7\u00f5es requer a uni\u00e3o de esfor\u00e7os entre Estado e sociedade, bem como a organiza\u00e7\u00e3o adequada da administra\u00e7\u00e3o p\u00fablica. Assim, a ferramenta mais apropriada para servir de base neste processo \u00e9 a Cartografia.<\/p>\n<p class=\"subtitulo\">Planejamento Urbano e Tributa\u00e7\u00e3o, com Elabora\u00e7\u00e3o de:<\/p>\n<ol class=\"breadcrumb\">\n<li class=\"active\">\n<ul>\n<li>Levantamento Cadastral;<\/li>\n<li>Planos Diretores;<\/li>\n<li>Plantas de Uso do Solo;<\/li>\n<li>Boletim Cadastral;<\/li>\n<li>Foto-Cadastro;<\/li>\n<li>Cartografia;<\/li>\n<li>SIG.<\/li>\n<\/ul>\n<\/li>\n<\/ol>\n<p class=\"subtitulo\">Projeto de Rede Vi\u00e1ria:<\/p>\n<ol class=\"breadcrumb\">\n<li class=\"active\">\n<ul>\n<li>Ante-projetos e projetos de malha vi\u00e1ria.<\/li>\n<\/ul>\n<\/li>\n<\/ol>\n<p class=\"subtitulo\">Cadastros Especializados de:<\/p>\n<ol class=\"breadcrumb\">\n<li class=\"active\">\n<ul>\n<li>Equipamentos Urbanos (telefones p\u00fablicos, placas de sinaliza\u00e7\u00e3o, sem\u00e1foros entre outros);<\/li>\n<li>Logradouros;<\/li>\n<li>Transportes Urbanos;<\/li>\n<li>\u00c1rvores;<\/li>\n<li>Redes Existentes de Concession\u00e1rias de Luz, \u00c1gua, Esgoto e Telefones.<\/li>\n<\/ul>\n<\/li>\n<\/ol>","protected":false},"excerpt":{"rendered":"<p>[IMAGEM_CAROUSEL] As cidades de muitos pa\u00edses em desenvolvimento apresentam problemas de transporte e qualidade de vida. Altera\u00e7\u00e3o das condi\u00e7\u00f5es ambientais e tr\u00e1fego conturbado (mobilidade) s\u00e3o problemas cr\u00f4nicos em muitas cidades. &#8230;<\/p>\n","protected":false},"author":1,"featured_media":0,"parent":1292,"menu_order":0,"comment_status":"closed","ping_status":"closed","template":"","meta":{"footnotes":""},"class_list":["post-1567","page","type-page","status-publish","hentry"],"_links":{"self":[{"href":"https:\/\/www.esteio.com.br\/en\/wp-json\/wp\/v2\/pages\/1567","targetHints":{"allow":["GET"]}}],"collection":[{"href":"https:\/\/www.esteio.com.br\/en\/wp-json\/wp\/v2\/pages"}],"about":[{"href":"https:\/\/www.esteio.com.br\/en\/wp-json\/wp\/v2\/types\/page"}],"author":[{"embeddable":true,"href":"https:\/\/www.esteio.com.br\/en\/wp-json\/wp\/v2\/users\/1"}],"replies":[{"embeddable":true,"href":"https:\/\/www.esteio.com.br\/en\/wp-json\/wp\/v2\/comments?post=1567"}],"version-history":[{"count":13,"href":"https:\/\/www.esteio.com.br\/en\/wp-json\/wp\/v2\/pages\/1567\/revisions"}],"predecessor-version":[{"id":5106,"href":"https:\/\/www.esteio.com.br\/en\/wp-json\/wp\/v2\/pages\/1567\/revisions\/5106"}],"up":[{"embeddable":true,"href":"https:\/\/www.esteio.com.br\/en\/wp-json\/wp\/v2\/pages\/1292"}],"wp:attachment":[{"href":"https:\/\/www.esteio.com.br\/en\/wp-json\/wp\/v2\/media?parent=1567"}],"curies":[{"name":"wp","href":"https:\/\/api.w.org\/{rel}","templated":true}]}}