{"id":1651,"date":"2017-04-26T16:42:54","date_gmt":"2017-04-26T16:42:54","guid":{"rendered":"http:\/\/esteio.com.br\/?page_id=1651"},"modified":"2022-01-12T17:08:40","modified_gmt":"2022-01-12T17:08:40","slug":"2008-2","status":"publish","type":"page","link":"https:\/\/www.esteio.com.br\/en\/download\/trabalhos-e-artigos\/2008-2\/","title":{"rendered":"Arquivos 2008"},"content":{"rendered":"<ul>\n<li><strong>Aerotriangula\u00e7\u00e3o Digital<\/strong><\/li>\n<\/ul>\n<p>Por: \u00c2ngela Kugler<\/p>\n<p><a href=\"http:\/\/esteio.com.br\/downloads\/2008\/aerotriangulacao_digital.pdf\" target=\"_blank\" rel=\"noopener noreferrer\">Download &#8211; Arquivo PDF &#8211; 682 KB<\/a><\/p>\n<p>&nbsp;<\/p>\n<ul>\n<li><strong>Invent\u00e1rios e Partilhas agora em Cart\u00f3rios \u2013 Mais um Passo para a Regulariza\u00e7\u00e3o Jur\u00eddica de Im\u00f3veis?<\/strong><\/li>\n<\/ul>\n<p>Por: Jos\u00e9 Alexandre F. da Silva<\/p>\n<p><a href=\"http:\/\/esteio.com.br\/downloads\/2008\/inventarios-e-partilhas-em-cartorios.pdf\" target=\"_blank\" rel=\"noopener noreferrer\">Download &#8211; Arquivo PDF &#8211; 232 KB<\/a><\/p>\n<p>&nbsp;<\/p>\n<ul>\n<li><strong>Base Cartogr\u00e1fica, Atualizar ou Come\u00e7ar do Zero? Algumas considera\u00e7\u00f5es<\/strong><\/li>\n<\/ul>\n<p>Por: Hiram Skolimowski da Silva<\/p>\n<p><a href=\"http:\/\/esteio.com.br\/downloads\/2008\/atualizacao_cartografica.pdf\" target=\"_blank\" rel=\"noopener noreferrer\">Download &#8211; Arquivo PDF &#8211; 325 KB<\/a><\/p>\n<p>&nbsp;<\/p>\n<ul>\n<li><strong>Compreendendo os Efeitos da Proje\u00e7\u00e3o nas Imagens A\u00e9reas<\/strong><\/li>\n<\/ul>\n<p>Por: Hiram Skolimowski da Silva<\/p>\n<p><a href=\"http:\/\/esteio.com.br\/downloads\/2008\/Efeitos_Da_Projecao_A.pdf\" target=\"_blank\" rel=\"noopener noreferrer\">Download &#8211; Arquivo PDF &#8211; 1.355 KB<\/a><\/p>\n<p>&nbsp;<\/p>\n<ul>\n<li><strong>ESTEIO Inicia Processo de Substitui\u00e7\u00e3o dos E.L.T. (Emergency Locator Transmitter) de suas Aeronaves para o Novo Sistema Digital<\/strong><\/li>\n<\/ul>\n<p>Por: Jos\u00e9 Alexandre Ferreira da Silva<\/p>\n<p><a href=\"http:\/\/esteio.com.br\/downloads\/2008\/elt_avioes_esteio.pdf\" target=\"_blank\" rel=\"noopener noreferrer\">Download &#8211; Arquivo PDF &#8211; 295 KB<\/a><\/p>\n<p><strong>GeoSAR Mapping Services: Statement of Qualifications<\/strong><\/p>\n<p>Por: FUGRO EARTHDATA,INC<\/p>\n<p><a href=\"http:\/\/esteio.com.br\/downloads\/2008\/SOQ_GeoSAR.pdf\" target=\"_blank\" rel=\"noopener noreferrer\">Download &#8211; Arquivo PDF &#8211; 2.485 KB<\/a><\/p>\n<p>&nbsp;<\/p>\n<ul>\n<li><strong>Novos Equipamentos e Tecnologias Aplicadas aos Levantamentos Topogr\u00e1ficos em Solo<\/strong><\/li>\n<\/ul>\n<p>Por: Jos\u00e9 Alexandre Ferreira da Silva<\/p>\n<p><a href=\"http:\/\/esteio.com.br\/downloads\/2008\/NovosEquipamentosTopograficos.pdf\" target=\"_blank\" rel=\"noopener noreferrer\">Download &#8211; Arquivo PDF &#8211; 578 KB<\/a><\/p>\n<p>&nbsp;<\/p>\n<ul>\n<li><strong>Qual a Escala de um Voo Digital? <\/strong><\/li>\n<\/ul>\n<p>Por: \u00c2ngela Kugler<\/p>\n<p><a href=\"http:\/\/esteio.com.br\/downloads\/2008\/EscalaDigital.pdf\" target=\"_blank\" rel=\"noopener noreferrer\">Download &#8211; Arquivo PDF &#8211; 666 KB<\/a><\/p>\n<p>&nbsp;<\/p>\n<ul>\n<li><strong>Qualidade Radiom\u00e9trica das Imagens Sensor ADS40<\/strong><\/li>\n<\/ul>\n<p>Por: \u00c2ngela Kugler<\/p>\n<p><a href=\"http:\/\/esteio.com.br\/downloads\/2008\/qualidade_radiometrica_ads40.pdf\" target=\"_blank\" rel=\"noopener noreferrer\">Download &#8211; Arquivo PDF &#8211; 977 KB<\/a><\/p>\n<p>&nbsp;<\/p>\n<ul>\n<li><strong>Utiliza\u00e7\u00e3o da Tecnologia Multi Pulso nos Sistemas LASER<\/strong><\/li>\n<\/ul>\n<p>Por: Silas Sallem Filho<\/p>\n<p><a href=\"http:\/\/esteio.com.br\/downloads\/2008\/ALS50IIMPiA.pdf\" target=\"_blank\" rel=\"noopener noreferrer\">Download &#8211; Arquivo PDF &#8211; 507 KB<\/a><\/p>\n<p>&nbsp;<\/p>\n<ul>\n<li><strong>Ve\u00edculo A\u00e9reo N\u00e3o Tripulado Uso Civil \u2013 Aerofotogrametria, Sensoriamento Remoto e Atividades Afins <\/strong><\/li>\n<\/ul>\n<p>Por: Jos\u00e9 Alexandre Ferreira da Silva<\/p>\n<p><a href=\"http:\/\/esteio.com.br\/downloads\/2008\/UAV_Unmanned_aerial_vehicle.pdf\" target=\"_blank\" rel=\"noopener noreferrer\">Download &#8211; Arquivo PDF &#8211; 498 KB<\/a><\/p>\n<p>&nbsp;<\/p>\n<ul>\n<li><strong>Cartografia x Planejamento Urbano<\/strong><\/li>\n<\/ul>\n<p>Por: Fabio V. F. Gil<\/p>\n<p><a href=\"http:\/\/esteio.com.br\/downloads\/2008\/cartografia_x_planejamento_urbano.pdf\" target=\"_blank\" rel=\"noopener noreferrer\">Download &#8211; Arquivo PDF &#8211; 233 KB<\/a><\/p>\n<p>&nbsp;<\/p>\n<ul>\n<li><strong>Da Prancheta ao Computador<\/strong><\/li>\n<\/ul>\n<p>Por: Ana Silvia E. T. de Oliveira<\/p>\n<p><a href=\"http:\/\/esteio.com.br\/downloads\/2008\/da_prancheta_ao_computador.pdf\" target=\"_blank\" rel=\"noopener noreferrer\">Download &#8211; Arquivo PDF &#8211; 794 KB<\/a><\/p>\n<p>&nbsp;<\/p>\n<ul>\n<li><strong>Na Contram\u00e3o do Desenvolvimento<\/strong><\/li>\n<\/ul>\n<p>Por: Fabio V. F. Gil<\/p>\n<p><a href=\"http:\/\/esteio.com.br\/downloads\/2008\/na_contramao_do_desenvolvimento.pdf\" target=\"_blank\" rel=\"noopener noreferrer\">Download &#8211; Arquivo PDF &#8211; 112 KB<\/a><\/p>\n<p>&nbsp;<\/p>\n<ul>\n<li><strong>Redes Sociais Geogr\u00e1ficas<\/strong><\/li>\n<\/ul>\n<p>Por: Eliana Ferreira Cascaes Correia<\/p>\n<p><a href=\"http:\/\/esteio.com.br\/downloads\/2008\/redessociaisgeograficas.pdf\" target=\"_blank\" rel=\"noopener noreferrer\">Download &#8211; Arquivo PDF &#8211; 449 KB<\/a><\/p>\n<p>&nbsp;<\/p>\n<ul>\n<li><strong>SIRGAS 2000, Quando Iniciar a sua Utiliza\u00e7\u00e3o?<\/strong><\/li>\n<\/ul>\n<p>Por: Silvia M. Paoletto Bonatto<\/p>\n<p><a href=\"http:\/\/esteio.com.br\/downloads\/2008\/sirgas2000.pdf\" target=\"_blank\" rel=\"noopener noreferrer\">Download &#8211; Arquivo PDF &#8211; 743 KB<\/a><\/p>\n<p>&nbsp;<\/p>\n<ul>\n<li><strong>TI Verde<\/strong><\/li>\n<\/ul>\n<p>Por: Eliana Ferreira Cascaes Correia<\/p>\n<p><a href=\"http:\/\/esteio.com.br\/downloads\/2008\/ti_verde.pdf\" target=\"_blank\" rel=\"noopener noreferrer\">Download &#8211; Arquivo PDF &#8211; 201 KB<\/a><\/p>\n<p>&nbsp;<\/p>\n<ul>\n<li><strong>Vantagens da Otimiza\u00e7\u00e3o para Atividades Repetitivas<\/strong><\/li>\n<\/ul>\n<p>Por: Ana Silvia E. T. de Oliveira<\/p>\n<p><a href=\"http:\/\/esteio.com.br\/downloads\/2008\/VantagensOtimizacao.pdf\" target=\"_blank\" rel=\"noopener noreferrer\">Download &#8211; Arquivo PDF &#8211; 462 KB<\/a><\/p>\n<p>&nbsp;<\/p>\n<ul>\n<li><strong>Geoinforma\u00e7\u00e3o na Internet<\/strong><\/li>\n<\/ul>\n<p>Por: Maysa Portugal de Oliveira Furquim<\/p>\n<p><a href=\"http:\/\/esteio.com.br\/downloads\/2008\/GeoinformacaoInternet.pdf\" target=\"_blank\" rel=\"noopener noreferrer\">Download &#8211; Arquivo PDF &#8211; 298 KB<\/a><\/p>\n<p>&nbsp;<\/p>\n<ul>\n<li><strong>Geotecnologias, Apoio ao Desenvolvimento Urbano<\/strong><\/li>\n<\/ul>\n<p>Por: Silvia Maria Paoletto Bonatto<\/p>\n<p><a href=\"http:\/\/esteio.com.br\/downloads\/2008\/GeotecnologiasDesenvolvimentoUrbano.pdf\" target=\"_blank\" rel=\"noopener noreferrer\">Download &#8211; Arquivo PDF &#8211; 206 KB<\/a><\/p>\n<p>&nbsp;<\/p>\n<ul>\n<li><strong>Malha Dutovi\u00e1ria da PETROBRAS \u2013 A Participa\u00e7\u00e3o da ESTEIO na \u00e1rea de \u00f3leo e G\u00e1s<\/strong><\/li>\n<\/ul>\n<p>Por: Hiram Skolimowski da Silva<\/p>\n<p><a href=\"http:\/\/esteio.com.br\/downloads\/2008\/sistema_dutoviaria.pdf\" target=\"_blank\" rel=\"noopener noreferrer\">Download &#8211; Arquivo PDF &#8211; 900 KB<\/a>","protected":false},"excerpt":{"rendered":"<p>Aerotriangula\u00e7\u00e3o Digital Por: \u00c2ngela Kugler Download &#8211; Arquivo PDF &#8211; 682 KB &nbsp; Invent\u00e1rios e Partilhas agora em Cart\u00f3rios \u2013 Mais um Passo para a Regulariza\u00e7\u00e3o Jur\u00eddica de Im\u00f3veis? Por: &#8230;<\/p>\n","protected":false},"author":1,"featured_media":0,"parent":1603,"menu_order":0,"comment_status":"closed","ping_status":"closed","template":"template-left-sidebar.php","meta":{"footnotes":""},"class_list":["post-1651","page","type-page","status-publish","hentry"],"_links":{"self":[{"href":"https:\/\/www.esteio.com.br\/en\/wp-json\/wp\/v2\/pages\/1651","targetHints":{"allow":["GET"]}}],"collection":[{"href":"https:\/\/www.esteio.com.br\/en\/wp-json\/wp\/v2\/pages"}],"about":[{"href":"https:\/\/www.esteio.com.br\/en\/wp-json\/wp\/v2\/types\/page"}],"author":[{"embeddable":true,"href":"https:\/\/www.esteio.com.br\/en\/wp-json\/wp\/v2\/users\/1"}],"replies":[{"embeddable":true,"href":"https:\/\/www.esteio.com.br\/en\/wp-json\/wp\/v2\/comments?post=1651"}],"version-history":[{"count":3,"href":"https:\/\/www.esteio.com.br\/en\/wp-json\/wp\/v2\/pages\/1651\/revisions"}],"predecessor-version":[{"id":5922,"href":"https:\/\/www.esteio.com.br\/en\/wp-json\/wp\/v2\/pages\/1651\/revisions\/5922"}],"up":[{"embeddable":true,"href":"https:\/\/www.esteio.com.br\/en\/wp-json\/wp\/v2\/pages\/1603"}],"wp:attachment":[{"href":"https:\/\/www.esteio.com.br\/en\/wp-json\/wp\/v2\/media?parent=1651"}],"curies":[{"name":"wp","href":"https:\/\/api.w.org\/{rel}","templated":true}]}}