{"id":1674,"date":"2017-04-26T16:55:26","date_gmt":"2017-04-26T16:55:26","guid":{"rendered":"http:\/\/esteio.com.br\/?page_id=1674"},"modified":"2022-01-06T13:32:20","modified_gmt":"2022-01-06T13:32:20","slug":"2002-2","status":"publish","type":"page","link":"https:\/\/www.esteio.com.br\/en\/download\/trabalhos-e-artigos\/2002-2\/","title":{"rendered":"Arquivos 2002"},"content":{"rendered":"<ul>\n<li><strong>GISWEB &#8211; Informa\u00e7\u00e3o Geogr\u00e1fica ao Alcance de Todos<\/strong><\/li>\n<\/ul>\n<p>Por: Bruno Perboni, Maysa Portugal de O. Furquim e Paula Foltran de Azevedo<\/p>\n<p><a href=\"http:\/\/esteio.com.br\/downloads\/2002\/02-GISWEB.pdf\" target=\"_blank\" rel=\"noopener noreferrer\">Download &#8211; Arquivo PDF &#8211; 2,96 MB<\/a><\/p>\n<p>&nbsp;<\/p>\n<ul>\n<li><strong>Ortofotocartas Digitais e Geoprocessamento em Rodovias<\/strong><\/li>\n<\/ul>\n<p>Por: Maysa Portugal de O. Furquim e Silas Sallem Filho<\/p>\n<p><a href=\"http:\/\/esteio.com.br\/downloads\/2002\/02-ORTORODOVIAS.pdf\" target=\"_blank\" rel=\"noopener noreferrer\">Download &#8211; Arquivo PDF &#8211; 2,66 MB<\/a><\/p>\n<p>&nbsp;<\/p>\n<ul>\n<li><strong>Sistema de Navega\u00e7\u00e3o Automotiva<\/strong><\/li>\n<\/ul>\n<p>Por: Maysa Portugal de O. Furquim<\/p>\n<p><a href=\"http:\/\/esteio.com.br\/downloads\/2002\/02-SNA.pdf\" target=\"_blank\" rel=\"noopener noreferrer\">Download &#8211; Arquivo PDF &#8211; 8,65 KB<\/a>","protected":false},"excerpt":{"rendered":"<p>GISWEB &#8211; Informa\u00e7\u00e3o Geogr\u00e1fica ao Alcance de Todos Por: Bruno Perboni, Maysa Portugal de O. Furquim e Paula Foltran de Azevedo Download &#8211; Arquivo PDF &#8211; 2,96 MB &nbsp; Ortofotocartas &#8230;<\/p>\n","protected":false},"author":1,"featured_media":0,"parent":1603,"menu_order":0,"comment_status":"closed","ping_status":"closed","template":"template-left-sidebar.php","meta":{"footnotes":""},"class_list":["post-1674","page","type-page","status-publish","hentry"],"_links":{"self":[{"href":"https:\/\/www.esteio.com.br\/en\/wp-json\/wp\/v2\/pages\/1674","targetHints":{"allow":["GET"]}}],"collection":[{"href":"https:\/\/www.esteio.com.br\/en\/wp-json\/wp\/v2\/pages"}],"about":[{"href":"https:\/\/www.esteio.com.br\/en\/wp-json\/wp\/v2\/types\/page"}],"author":[{"embeddable":true,"href":"https:\/\/www.esteio.com.br\/en\/wp-json\/wp\/v2\/users\/1"}],"replies":[{"embeddable":true,"href":"https:\/\/www.esteio.com.br\/en\/wp-json\/wp\/v2\/comments?post=1674"}],"version-history":[{"count":3,"href":"https:\/\/www.esteio.com.br\/en\/wp-json\/wp\/v2\/pages\/1674\/revisions"}],"predecessor-version":[{"id":5898,"href":"https:\/\/www.esteio.com.br\/en\/wp-json\/wp\/v2\/pages\/1674\/revisions\/5898"}],"up":[{"embeddable":true,"href":"https:\/\/www.esteio.com.br\/en\/wp-json\/wp\/v2\/pages\/1603"}],"wp:attachment":[{"href":"https:\/\/www.esteio.com.br\/en\/wp-json\/wp\/v2\/media?parent=1674"}],"curies":[{"name":"wp","href":"https:\/\/api.w.org\/{rel}","templated":true}]}}