{"id":1677,"date":"2017-04-26T16:57:37","date_gmt":"2017-04-26T16:57:37","guid":{"rendered":"http:\/\/esteio.com.br\/?page_id=1677"},"modified":"2022-01-06T13:27:44","modified_gmt":"2022-01-06T13:27:44","slug":"cameras-aereas-digitais","status":"publish","type":"page","link":"https:\/\/www.esteio.com.br\/en\/download\/trabalhos-e-artigos\/cameras-aereas-digitais\/","title":{"rendered":"C\u00e2meras A\u00e9reas Digitais"},"content":{"rendered":"<ul>\n<li><strong>ADS40 &#8211; Leicageosystems RIOPIPELINE 2005<\/strong><\/li>\n<\/ul>\n<p><a href=\"http:\/\/esteio.com.br\/downloads\/camarasaero\/ADS40_2005.pdf\" target=\"_blank\" rel=\"noopener noreferrer\">Download &#8211; Arquivo PDF &#8211; 3,57 MB<\/a><\/p>\n<p>&nbsp;<\/p>\n<ul>\n<li><strong>Benefits of ADS PE-RS<\/strong><\/li>\n<\/ul>\n<p>Por: Peter Fricker<\/p>\n<p><a href=\"http:\/\/esteio.com.br\/downloads\/camarasaero\/PeterFricker.pdf\" target=\"_blank\" rel=\"noopener noreferrer\">Download &#8211; Arquivo PDF &#8211; 293 KB<\/a><\/p>\n<p>&nbsp;<\/p>\n<ul>\n<li><strong>C\u00e2maras A\u00e9reas Digitais: Do Sonho a Realidade &#8211; ESTEIO 2006<\/strong><\/li>\n<\/ul>\n<p>Por: Valther Xavier Aguiar<\/p>\n<p><a href=\"http:\/\/esteio.com.br\/downloads\/camarasaero\/CamAereasDig2006.pdf\" target=\"_blank\" rel=\"noopener noreferrer\">Download &#8211; Arquivo PDF &#8211; 2,66 MB<\/a><\/p>\n<p>&nbsp;<\/p>\n<ul>\n<li><strong>C\u00e2maras A\u00e9reas Digitais: Uma Nova Op\u00e7\u00e3o em Fotogrametria &#8211; GeoBrasil2003<\/strong><\/li>\n<\/ul>\n<p>Por: Valther Xavier Aguiar<\/p>\n<p><a href=\"http:\/\/esteio.com.br\/downloads\/camarasaero\/CamAereasDig2003.pdf\" target=\"_blank\" rel=\"noopener noreferrer\">Download &#8211; Arquivo PDF &#8211; 6,37 MB<\/a><\/p>\n<p>&nbsp;<\/p>\n<ul>\n<li><strong>Digital Cameras &#8211; Status Future &#8211; 2005<\/strong><\/li>\n<\/ul>\n<p><a href=\"http:\/\/esteio.com.br\/downloads\/camarasaero\/digcamFuture.pdf\" target=\"_blank\" rel=\"noopener noreferrer\">Download &#8211; Arquivo PDF &#8211; 792 KB<\/a><\/p>\n<p>&nbsp;<\/p>\n<ul>\n<li><strong>Evolu\u00e7\u00e3o Tecnol\u00f3gica: Amea\u00e7a ou Oportunidade &#8211; 2006<\/strong><\/li>\n<\/ul>\n<p>Por: Valther Xavier Aguiar<\/p>\n<p><a href=\"http:\/\/esteio.com.br\/downloads\/camarasaero\/EvoTec2006.pdf\" target=\"_blank\" rel=\"noopener noreferrer\">Download &#8211; Arquivo PDF &#8211; 800 KB<\/a><\/p>\n<p>&nbsp;<\/p>\n<ul>\n<li><strong>High Resolution Imagery for Remote Sensing &#8211; 2005<\/strong><\/li>\n<\/ul>\n<p>Por: Peter Fricker<\/p>\n<p><a href=\"http:\/\/esteio.com.br\/downloads\/camarasaero\/Fricker2005.pdf\" target=\"_blank\" rel=\"noopener noreferrer\">Download &#8211; Arquivo PDF &#8211; 229 KB<\/a><\/p>\n<p>&nbsp;<\/p>\n<ul>\n<li><strong>Introduction to ADS40 Components and Operation<\/strong><\/li>\n<\/ul>\n<p>Por: Peter Fricker e Fabian Hohmuth &#8211; ASW2005<\/p>\n<p><a href=\"http:\/\/esteio.com.br\/downloads\/camarasaero\/FrickerADS40.pdf\" target=\"_blank\" rel=\"noopener noreferrer\">Download &#8211; Arquivo PDF &#8211; 8,10 MB<\/a><\/p>\n<p>&nbsp;<\/p>\n<ul>\n<li><strong>Leica ADS40 (Espanhol) &#8211; 2003<\/strong><\/li>\n<\/ul>\n<p>Por: Peter Fricker e Felix Zuberb\u00c3\u00bchler<\/p>\n<p><a href=\"http:\/\/esteio.com.br\/downloads\/camarasaero\/LeicaADS40.pdf\" target=\"_blank\" rel=\"noopener noreferrer\">Download &#8211; Arquivo PDF &#8211; 3,72 MB<\/a><\/p>\n<p>&nbsp;<\/p>\n<ul>\n<li><strong>Sensores Aerotransportados &#8211; 2004<\/strong><\/li>\n<\/ul>\n<p>Por: Fernando Dias e Valther Xavier Aguiar<\/p>\n<p><a href=\"http:\/\/esteio.com.br\/downloads\/camarasaero\/SensAero2004.pdf\" target=\"_blank\" rel=\"noopener noreferrer\">Download &#8211; Arquivo PDF &#8211; 3,91 MB<\/a><\/p>\n<p>&nbsp;<\/p>\n<ul>\n<li><strong>Sensores Aerotransportados (Entrevista)<\/strong><\/li>\n<\/ul>\n<p><a href=\"http:\/\/esteio.com.br\/downloads\/camarasaero\/EntreSensAero.pdf\" target=\"_blank\" rel=\"noopener noreferrer\">Download &#8211; Arquivo PDF &#8211; 1,04 MB<\/a><\/p>\n<p>&nbsp;<\/p>\n<ul>\n<li><strong>Sensores Aerotransportados: Passado, Presente e Futuro &#8211; ESTEIO 2003<\/strong><\/li>\n<\/ul>\n<p>Por: Valther Xavier Aguiar<\/p>\n<p><a href=\"http:\/\/esteio.com.br\/downloads\/camarasaero\/SensAeroPPF.pdf\" target=\"_blank\" rel=\"noopener noreferrer\">Download &#8211; Arquivo PDF &#8211; 10,9 MB<\/a><\/p>\n<p>&nbsp;<\/p>\n<ul>\n<li><strong>Vantagem no Uso das Imagens da C\u00e2mara ADS-40 &#8211; ESTEIO 2007<\/strong><\/li>\n<\/ul>\n<p>Por: Angela Kugler<\/p>\n<p><a href=\"http:\/\/esteio.com.br\/downloads\/2007\/vantagens_ads40.pdf\" target=\"_blank\" rel=\"noopener noreferrer\">Download &#8211; Arquivo PDF &#8211; 1,23 MB<\/a>","protected":false},"excerpt":{"rendered":"<p>ADS40 &#8211; Leicageosystems RIOPIPELINE 2005 Download &#8211; Arquivo PDF &#8211; 3,57 MB &nbsp; Benefits of ADS PE-RS Por: Peter Fricker Download &#8211; Arquivo PDF &#8211; 293 KB &nbsp; C\u00e2maras A\u00e9reas &#8230;<\/p>\n","protected":false},"author":1,"featured_media":0,"parent":1603,"menu_order":0,"comment_status":"closed","ping_status":"closed","template":"template-left-sidebar.php","meta":{"footnotes":""},"class_list":["post-1677","page","type-page","status-publish","hentry"],"_links":{"self":[{"href":"https:\/\/www.esteio.com.br\/en\/wp-json\/wp\/v2\/pages\/1677","targetHints":{"allow":["GET"]}}],"collection":[{"href":"https:\/\/www.esteio.com.br\/en\/wp-json\/wp\/v2\/pages"}],"about":[{"href":"https:\/\/www.esteio.com.br\/en\/wp-json\/wp\/v2\/types\/page"}],"author":[{"embeddable":true,"href":"https:\/\/www.esteio.com.br\/en\/wp-json\/wp\/v2\/users\/1"}],"replies":[{"embeddable":true,"href":"https:\/\/www.esteio.com.br\/en\/wp-json\/wp\/v2\/comments?post=1677"}],"version-history":[{"count":2,"href":"https:\/\/www.esteio.com.br\/en\/wp-json\/wp\/v2\/pages\/1677\/revisions"}],"predecessor-version":[{"id":5897,"href":"https:\/\/www.esteio.com.br\/en\/wp-json\/wp\/v2\/pages\/1677\/revisions\/5897"}],"up":[{"embeddable":true,"href":"https:\/\/www.esteio.com.br\/en\/wp-json\/wp\/v2\/pages\/1603"}],"wp:attachment":[{"href":"https:\/\/www.esteio.com.br\/en\/wp-json\/wp\/v2\/media?parent=1677"}],"curies":[{"name":"wp","href":"https:\/\/api.w.org\/{rel}","templated":true}]}}