{"id":1861,"date":"2017-05-10T17:59:40","date_gmt":"2017-05-10T17:59:40","guid":{"rendered":"http:\/\/esteio.com.br\/?page_id=1861"},"modified":"2020-08-27T18:27:36","modified_gmt":"2020-08-27T18:27:36","slug":"eletro-norte","status":"publish","type":"page","link":"https:\/\/www.esteio.com.br\/en\/executados\/cadastros-especiais\/eletro-norte\/","title":{"rendered":"Mapeamento e Levantamento Cadastral da APM Manso para ELETRONORTE"},"content":{"rendered":"[IMAGEM_CAROUSEL]\n<p>Localizado no munic\u00edpio de Chapada dos Guimar\u00e3es, Estado de Mato Grosso, no rio Manso, principal afluente do rio Cuiab\u00e1, \u00e0 jusante da foz do rio Casca, o Aproveitamento M\u00faltiplo de Manso ter\u00e1 uma pot\u00eancia instalada de 210 MW, com quatro unidades geradoras de 52,5 MW.<\/p>\n<p>O hist\u00f3rico do APM Manso \u00e9 marcado por duas fases: a primeira, em setembro de 1988, quando se deu o in\u00edcio das obras que foram paralisadas em outubro de 1989; e a segunda, marcada pela retomada das obras em fevereiro de 1998, em decorr\u00eancia do novo modelo do setor el\u00e9trico.<\/p>\n<p>A gera\u00e7\u00e3o da primeira unidade ser\u00e1 em dezembro de 2000; da segunda, em mar\u00e7o de 2001; da terceira, se dar\u00e1 em junho de 2001; e, da \u00faltima, em setembro de 2001.<\/p>\n<p>A ESTEIO realizou os servi\u00e7os de Cadastro Aerofotogram\u00e9trico da \u00e1rea destinada ao futuro reservat\u00f3rio do Aproveitamento M\u00faltiplo de Manso &#8211; APM Manso.<\/p>\n<p>Entre os servi\u00e7os desenvolvidos estavam a cobertura aerofotogram\u00e9trica na escala 1:20.000, numa \u00e1rea aproximada de 1.400 Km\u00b2, o apoio b\u00e1sico horizontal da regi\u00e3o, nivelamento geom\u00e9trico e a demarca\u00e7\u00e3o da cota de desapropria\u00e7\u00e3o.<\/p>\n<p>Al\u00e9m dos produtos convencionais da Aerofotogrametria e do Cadastro T\u00e9cnico, foram obtidas Ortofotocartas Digitais da \u00e1rea de desapropria\u00e7\u00e3o, onde foram superpostos os dados vetoriais do cadastro t\u00e9cnico para desapropria\u00e7\u00e3o.","protected":false},"excerpt":{"rendered":"<p>[IMAGEM_CAROUSEL] Localizado no munic\u00edpio de Chapada dos Guimar\u00e3es, Estado de Mato Grosso, no rio Manso, principal afluente do rio Cuiab\u00e1, \u00e0 jusante da foz do rio Casca, o Aproveitamento M\u00faltiplo &#8230;<\/p>\n","protected":false},"author":1,"featured_media":5237,"parent":1805,"menu_order":0,"comment_status":"closed","ping_status":"closed","template":"template-left-sidebar.php","meta":{"footnotes":""},"class_list":["post-1861","page","type-page","status-publish","has-post-thumbnail","hentry"],"_links":{"self":[{"href":"https:\/\/www.esteio.com.br\/en\/wp-json\/wp\/v2\/pages\/1861","targetHints":{"allow":["GET"]}}],"collection":[{"href":"https:\/\/www.esteio.com.br\/en\/wp-json\/wp\/v2\/pages"}],"about":[{"href":"https:\/\/www.esteio.com.br\/en\/wp-json\/wp\/v2\/types\/page"}],"author":[{"embeddable":true,"href":"https:\/\/www.esteio.com.br\/en\/wp-json\/wp\/v2\/users\/1"}],"replies":[{"embeddable":true,"href":"https:\/\/www.esteio.com.br\/en\/wp-json\/wp\/v2\/comments?post=1861"}],"version-history":[{"count":5,"href":"https:\/\/www.esteio.com.br\/en\/wp-json\/wp\/v2\/pages\/1861\/revisions"}],"predecessor-version":[{"id":5238,"href":"https:\/\/www.esteio.com.br\/en\/wp-json\/wp\/v2\/pages\/1861\/revisions\/5238"}],"up":[{"embeddable":true,"href":"https:\/\/www.esteio.com.br\/en\/wp-json\/wp\/v2\/pages\/1805"}],"wp:featuredmedia":[{"embeddable":true,"href":"https:\/\/www.esteio.com.br\/en\/wp-json\/wp\/v2\/media\/5237"}],"wp:attachment":[{"href":"https:\/\/www.esteio.com.br\/en\/wp-json\/wp\/v2\/media?parent=1861"}],"curies":[{"name":"wp","href":"https:\/\/api.w.org\/{rel}","templated":true}]}}