{"id":1930,"date":"2017-05-11T13:50:14","date_gmt":"2017-05-11T13:50:14","guid":{"rendered":"http:\/\/esteio.com.br\/?page_id=1930"},"modified":"2022-05-26T14:23:15","modified_gmt":"2022-05-26T14:23:15","slug":"cartografia","status":"publish","type":"page","link":"https:\/\/www.esteio.com.br\/en\/executados\/cartografia\/","title":{"rendered":"Cartografia"},"content":{"rendered":"[IMAGEM_CAROUSEL URLpagina=&#8221;\/imagens\/servicos\/executados\/cartografia\/&#8221;]\n<p>Estamos no auge da era da informa\u00e7\u00e3o, onde tecnologias de gerenciamento de dados dominam as atividades relacionadas \u00e0 cartografia, se consolidando como meios poderosos de manipula\u00e7\u00e3o de grandes volumes de informa\u00e7\u00e3o cartogr\u00e1fica e embasamento para solu\u00e7\u00f5es de problemas que envolvem o meio ambiente e os seres que nele vivem.<\/p>\n<p>As ferramentas atuais de disponibiliza\u00e7\u00e3o de dados geogr\u00e1ficos ampliaram o acesso e a import\u00e2ncia da informa\u00e7\u00e3o dentro da perspectiva da Cartografia para todos os setores da sociedade. Todos os avan\u00e7os tecnol\u00f3gicos resultaram em controles efetivos e eficazes dos recursos naturais do planeta cada vez mais priorit\u00e1rio. A Cartografia Automatizada\/Digital e os Sistemas de Informa\u00e7\u00e3o Geogr\u00e1fica (SIG) foram e continuam sendo ferramentas importantes neste processo de evolu\u00e7\u00e3o que j\u00e1 apresenta novas ferramentas.<\/p>\n<p>Atrav\u00e9s do mundo, governos, empresas e universidades mant\u00eam investimentos anuais de milh\u00f5es de d\u00f3lares em sistemas computacionais para armazenar, gerenciar e analisar mapas e informa\u00e7\u00e3o geogr\u00e1fica. As tecnologias da Cartografia Digital, do SIG e da integra\u00e7\u00e3o com a WEB crescem com a prolifera\u00e7\u00e3o dos computadores cada vez mais poderosos e com custo cada vez mais reduzido.<\/p>\n<p class=\"subtitulo\">Hist\u00f3ria e Limita\u00e7\u00f5es do Mapa Convencional<\/p>\n<p>O mapa convencional usava o papel como meio de suporte mais comum. Dentro deste ambiente limitado, a representa\u00e7\u00e3o do mundo real ficava restringida pela possibilidade de transportar este mundo para o mapa<\/p>\n<p>Para a distin\u00e7\u00e3o de fei\u00e7\u00f5es cartogr\u00e1ficas, os cart\u00f3grafos utilizavam-se de uma variedade de recursos, tais como:<\/p>\n<ol class=\"breadcrumb\">\n<li class=\"active\">\n<ul>\n<li>S\u00edmbolos especiais<\/li>\n<li>Tra\u00e7os especiais<\/li>\n<li>Hachuras<\/li>\n<li>Separa\u00e7\u00e3o em cores<\/li>\n<li>Estilos de textos<\/li>\n<\/ul>\n<\/li>\n<\/ol>\n<p>Com o advento dos sistemas CAM (Computer Aided Mapping), o meio de suporte dos mapas passou do papel para o meio magn\u00e9tico. Com a utiliza\u00e7\u00e3o do computador, as tarefas corriqueiras para a confec\u00e7\u00e3o de mapas foram automatizadas.<\/p>\n<p>Esta automatiza\u00e7\u00e3o possibilitou a produ\u00e7\u00e3o de uma maior quantidade de mapas em um mesmo per\u00edodo de tempo com a vantagem da homogeneiza\u00e7\u00e3o das fei\u00e7\u00f5es cartogr\u00e1ficas representadas. Desta forma, o CAM foi uma ferramenta que melhorou a produtividade na confec\u00e7\u00e3o dos mapas. No entanto, o mapa continuava limitado \u00e0 representa\u00e7\u00e3o das fei\u00e7\u00f5es cartogr\u00e1ficas e nada mais. O papel e o meio magn\u00e9tico tornaram-se incapazes de apresentar toda a gama de informa\u00e7\u00f5es que o usu\u00e1rio desejava.<\/p>\n<p>Com a evolu\u00e7\u00e3o dos gerenciadores de bancos de dados (BD), abriram-se os caminhos para a liga\u00e7\u00e3o entre os dados gr\u00e1ficos de um mapa e um conjunto de informa\u00e7\u00f5es adicionais associadas, pertencentes a um BD externo.<\/p>\n<p>No princ\u00edpio, estes dados alfanum\u00e9ricos eram simples atributos dos dados gr\u00e1ficos, contudo, este foi o primeiro grande passo para a implementa\u00e7\u00e3o dos SIGs.<\/p>\n<p class=\"subtitulo\">Avan\u00e7os da Informatica x Cartografia<\/p>\n<p>A Inform\u00e1tica empregou seus avan\u00e7os tecnol\u00f3gicos no \u00e2mbito da Cartografia Digital e SIGs para Captura, Armazenamento, Manipula\u00e7\u00e3o e Sa\u00edda dos Dados.<\/p>\n<p>O desenvolvimento r\u00e1pido na \u00e1rea computacional promoveu uma adapta\u00e7\u00e3o dos sistemas cartogr\u00e1ficos, colaborando fortemente nestes avan\u00e7os. Processadores est\u00e3o mais r\u00e1pidos, custo de processamento mais baixo e perif\u00e9ricos gr\u00e1ficos dotados de maior precis\u00e3o.<\/p>\n<p>Os avan\u00e7os da inform\u00e1tica trar\u00e3o para o futuro da cartografia, a possibilidade da aplica\u00e7\u00e3o da realidade virtual para a modelagem de dados da superf\u00edcie, permitindo maior intera\u00e7\u00e3o com o usu\u00e1rio e ampliando suas aplica\u00e7\u00f5es.<\/p>\n<p class=\"subtitulo\">Cartografia Propriamente Dita<\/p>\n<p>A Cartografia contribuiu para a defini\u00e7\u00e3o das conven\u00e7\u00f5es gerais na cria\u00e7\u00e3o de produtos derivados de um mapa.<\/p>\n<p>Estas conven\u00e7\u00f5es incluem a Exatid\u00e3o e Precis\u00e3o; Proje\u00e7\u00e3o Cartogr\u00e1fica; Refer\u00eancia Cartogr\u00e1fica (coordenadas) e apar\u00eancia gr\u00e1fica (simbologia).<\/p>\n<p>Certamente, os mapas n\u00e3o precisam ser uma obra de arte mas, para serem v\u00e1lidos, \u00fateis, comunicativos e compreendidos, devem seguir os princ\u00edpios b\u00e1sicos e as normas da Cartografia.<\/p>\n<p class=\"subtitulo\">Geod\u00e9sia, Fotogrametria e Sensoriamento Remoto<\/p>\n<p>A Geod\u00e9sia, a Fotogrametria e o Sensoriamento Remoto s\u00e3o meios de obten\u00e7\u00e3o de informa\u00e7\u00f5es espaciais muito usados em Cartografia, assim como suporte na cria\u00e7\u00e3o ou incorpora\u00e7\u00e3o de dados espaciais em um SIG.<\/p>\n<p>A Geod\u00e9sia \u00e9 a ci\u00eancia que mede e observa o tamanho e a forma da terra ou de uma grande extens\u00e3o da mesma, determinando a posi\u00e7\u00e3o exata de pontos desejados nesta superf\u00edcie.<\/p>\n<p>Nos \u00faltimos trinta anos, o conhecimento da forma da terra foi consolidado com a utiliza\u00e7\u00e3o em larga escala dos sistemas de sat\u00e9lites artificiais de posicionamento e da evolu\u00e7\u00e3o dos m\u00e9todos gravim\u00e9tricos. O principal deles ainda \u00e9 o GPS-Navstar, mas os sistemas GLONASS e o GALILEU j\u00e1 ocupam um espa\u00e7o significativo no mercado de posicionamento por sat\u00e9lites.<\/p>\n<p>A Fotogrametria \u00e9 usada comumente para obten\u00e7\u00e3o de dados brutos de fotografias a\u00e9reas, necess\u00e1rios para a cria\u00e7\u00e3o de mapas b\u00e1sicos com um grau muito alto de exatid\u00e3o e precis\u00e3o.<\/p>\n<p>O Sensoriamento Remoto, uma disciplina que evoluiu da Fotogrametria, \u00e9 a an\u00e1lise e interpreta\u00e7\u00e3o de imagens obtidas atrav\u00e9s de t\u00e9cnicas que n\u00e3o requerem contato direto com o objeto imageado. O Sensoriamento utiliza fotos a\u00e9reas ou imageamento espacial (obtidas por sat\u00e9lites artificiais existentes para esta finalidade) para coletar dados da superf\u00edcie ou subsolo. Entre os programas de imageamento por sat\u00e9lite mais conhecidos est\u00e3o o LANDSAT (americano), SPOT (franc\u00eas) e em escalas cada vez maiores, os programas IKONOS e QUICKBIRD.<\/p>\n<p class=\"subtitulo\">Comunica\u00e7\u00e3o de Dados<\/p>\n<p>Os grandes avan\u00e7os na comunica\u00e7\u00e3o de dados e na tecnologia de redes expandiram a flexibilidade do computador levando o processamento de caracter\u00edstica centralizada em dire\u00e7\u00e3o ao processamento distribu\u00eddo.<\/p>\n<p>O desenvolvimento de programas espec\u00edficos permitiu o controle de redes complexas que usam protocolos de comunica\u00e7\u00e3o para a transfer\u00eancia de grandes volumes de dados com seguran\u00e7a e controle necess\u00e1rio de erros.<\/p>\n<p>Contribu\u00edram sensivelmente para estes avan\u00e7os as Redes Locais (LAN &#8211; Local Area Network); Sistemas telef\u00f4nicos digitais; Comunica\u00e7\u00e3o via sat\u00e9lite; Padroniza\u00e7\u00e3o (TCP\/IP, Ethernet) e Desenvolvimento da Internet, Intranet e Extranet.<\/p>\n<p class=\"subtitulo\">Acesso Facilitado com Integra\u00e7\u00e3o de Dados<\/p>\n<p>A integra\u00e7\u00e3o de diferentes tipos de dados geogr\u00e1ficos e documentos possibilitaram ao usu\u00e1rio um ambiente flex\u00edvel para a tomada de decis\u00f5es complexas. O mapeamento ou SIG, em seus conceitos originais, evoluiu para ferramentas hiperm\u00eddia e pelo acesso direto via Internet.<\/p>\n<p>Do ponto de vista dos dados, os sistemas evolu\u00edram para possibilidades de referenciar e recuperar formas diferentes de dados como mapas vetoriais, bancos de dados tabulares, textos livres, mapas em forma de imagens, documentos em forma de imagem, desenhos esquem\u00e1ticos (projetos estruturais), fotografias (a\u00e9reas, terrestres, ortofotos), \u00e1udio, v\u00eddeo e outros, visualizados e extra\u00eddos diretamente de um ambiente transparente como a Web (Web Map Server).<\/p>\n<table class=\"tabela\">\n<tbody>\n<tr>\n<td width=\"132\"><strong>Gera\u00e7\u00e3o<\/strong><\/td>\n<td width=\"124\"><strong>Tecnologia<\/strong><\/td>\n<td width=\"96\"><strong>Uso<\/strong><\/td>\n<td width=\"130\"><strong>Ambiente<\/strong><\/td>\n<td width=\"165\"><strong>Sistemas<\/strong><\/td>\n<\/tr>\n<tr>\n<td>83-90<\/td>\n<td>CAD\/CAM<\/p>\n<p>CARTOGRAFIA<\/td>\n<td>Mapeamento<\/td>\n<td>Projetos Isolados<\/td>\n<td>Pacotes Separados<\/td>\n<\/tr>\n<tr>\n<td>90-99<\/td>\n<td>BD<\/p>\n<p>Imagens<\/td>\n<td>An\u00e1lise<\/p>\n<p>Espacial<\/td>\n<td>Cliente-Servidor<\/td>\n<td>Programas Integrados<\/td>\n<\/tr>\n<tr>\n<td>99-2010<\/td>\n<td>Sistemas<\/p>\n<p>Distribuidos<\/td>\n<td>Centraliza\u00e7\u00e3o<\/p>\n<p>de Dados<\/td>\n<td>Multiservidor WWW<\/p>\n<p>(World Wide Web)<\/td>\n<td>Interoperabilidade<\/td>\n<\/tr>\n<tr>\n<td>2010&#8230;<\/td>\n<td>Sistemas<\/p>\n<p>Remotos Integrados<\/td>\n<td>Distribui\u00e7\u00e3o de<\/p>\n<p>Geoinforma\u00e7\u00e3o<\/td>\n<td>Web 2.0<\/td>\n<td>Acessibilidade<\/p>\n<p>M\u00f3vel<\/td>\n<\/tr>\n<\/tbody>\n<\/table>\n<p class=\"subtitulo\">Tend\u00eancias<\/p>\n<p>Com o avan\u00e7o da inform\u00e1tica no processamento e integra\u00e7\u00e3o de grande volume de dados, bem como no desenvolvimento de programas computacionais mais interativos, a realidade virtual na cartografia se apresenta como uma das principais tend\u00eancias para os pr\u00f3ximos 10 anos, alterando a representa\u00e7\u00e3o da cartografia bidimensional para um produto com representa\u00e7\u00f5es tridimensionais, dispon\u00edveis tanto no ambiente local, mas, principalmente, no ambiente WEB. Al\u00e9m desta altera\u00e7\u00e3o de representa\u00e7\u00e3o das informa\u00e7\u00f5es, ainda se prev\u00ea um avan\u00e7o na dimens\u00e3o do tempo, com uma cartografia tridimensional disponibilizada praticamente em tempo real.<\/p>\n<p>Outra tend\u00eancia \u00e9 uma amplia\u00e7\u00e3o das ferramentas de visualiza\u00e7\u00e3o de informa\u00e7\u00f5es e geoinforma\u00e7\u00f5es, com melhor qualidade geom\u00e9trica, dispon\u00edvel para os mais variados equipamentos, desde celulares 3G a WEB 2.0, com o conceito de dados armazenados e visualizado remotamente, permitindo maior acesso da popula\u00e7\u00e3o a cartografia e geoinforma\u00e7\u00e3o.<\/p>\n<p>A melhor qualidade dos sensores remotos quanto \u00e0 precis\u00e3o geom\u00e9trica tamb\u00e9m continuar\u00e1 avan\u00e7ando rapidamente seja nos sensores ativos como nos passivos, assim como outra evolu\u00e7\u00e3o j\u00e1 verificada e com possibilidades de grandes avan\u00e7os ser\u00e1 nos sensores LASER, em todas as suas potencialidades.<\/p>\n<p class=\"subtitulo\">Artigos Relacionados<\/p>\n<ol class=\"breadcrumb\">\n<li class=\"active\">\n<ul>\n<li><a href=\"http:\/\/esteio.com.br\/downloads\/2007\/precisao_Google-Earth.pdf\" target=\"_blank\" rel=\"noopener noreferrer\">Os Limites Posicionais do Google Earth<\/a><\/li>\n<\/ul>\n<\/li>\n<\/ol>","protected":false},"excerpt":{"rendered":"<p>[IMAGEM_CAROUSEL URLpagina=&#8221;\/imagens\/servicos\/executados\/cartografia\/&#8221;] Estamos no auge da era da informa\u00e7\u00e3o, onde tecnologias de gerenciamento de dados dominam as atividades relacionadas \u00e0 cartografia, se consolidando como meios poderosos de manipula\u00e7\u00e3o de grandes &#8230;<\/p>\n","protected":false},"author":1,"featured_media":0,"parent":1290,"menu_order":0,"comment_status":"closed","ping_status":"closed","template":"template-left-sidebar.php","meta":{"footnotes":""},"class_list":["post-1930","page","type-page","status-publish","hentry"],"_links":{"self":[{"href":"https:\/\/www.esteio.com.br\/en\/wp-json\/wp\/v2\/pages\/1930","targetHints":{"allow":["GET"]}}],"collection":[{"href":"https:\/\/www.esteio.com.br\/en\/wp-json\/wp\/v2\/pages"}],"about":[{"href":"https:\/\/www.esteio.com.br\/en\/wp-json\/wp\/v2\/types\/page"}],"author":[{"embeddable":true,"href":"https:\/\/www.esteio.com.br\/en\/wp-json\/wp\/v2\/users\/1"}],"replies":[{"embeddable":true,"href":"https:\/\/www.esteio.com.br\/en\/wp-json\/wp\/v2\/comments?post=1930"}],"version-history":[{"count":5,"href":"https:\/\/www.esteio.com.br\/en\/wp-json\/wp\/v2\/pages\/1930\/revisions"}],"predecessor-version":[{"id":6002,"href":"https:\/\/www.esteio.com.br\/en\/wp-json\/wp\/v2\/pages\/1930\/revisions\/6002"}],"up":[{"embeddable":true,"href":"https:\/\/www.esteio.com.br\/en\/wp-json\/wp\/v2\/pages\/1290"}],"wp:attachment":[{"href":"https:\/\/www.esteio.com.br\/en\/wp-json\/wp\/v2\/media?parent=1930"}],"curies":[{"name":"wp","href":"https:\/\/api.w.org\/{rel}","templated":true}]}}