{"id":1944,"date":"2017-05-11T13:58:26","date_gmt":"2017-05-11T13:58:26","guid":{"rendered":"http:\/\/esteio.com.br\/?page_id=1944"},"modified":"2020-08-27T20:14:53","modified_gmt":"2020-08-27T20:14:53","slug":"pm-bh","status":"publish","type":"page","link":"https:\/\/www.esteio.com.br\/en\/executados\/cartografia\/pm-bh\/","title":{"rendered":"Levantamento Planialtim\u00e9trico para PM de Barbacena-MG"},"content":{"rendered":"<div>\n<div>[IMAGEM_CAROUSEL]<\/div>\n<\/div>\n<p class=\"subtitulo\">Fundo Somma<\/p>\n<p>O SOMMA \u00e9 um fundo destinado a financiar a implementa\u00e7\u00e3o do Programa de Saneamento Ambiental, Organiza\u00e7\u00e3o e Moderniza\u00e7\u00e3o dos Munic\u00edpios do Estado de Minas Gerais.<\/p>\n<p>Este fundo foi institu\u00eddo pela Lei n\u00b0 11.085, de 30 de abril de 1993. Nos termos de seu artigo 1\u00b0, tem como objetivo &#8220;sob a forma de financiamento reembols\u00e1vel, apoiar os munic\u00edpios do Estado de Minas Gerais na elabora\u00e7\u00e3o e na implanta\u00e7\u00e3o de projeto de desenvolvimento institucional, de saneamento b\u00e1sico e ambiental, de infra-estrutura urbana e de expans\u00e3o da sua capacidade de investimento&#8221;. (par\u00e1grafo \u00fanico do art. 1\u00b0).<\/p>\n<ol class=\"breadcrumb\">\n<li class=\"active\">\n<ul>\n<li>Os munic\u00edpios mineiros podem usufruir dos recursos deste fundo de maneira direta ou atrav\u00e9s de seus Servi\u00e7os Municipais de \u00c1gua e Esgoto &#8211; SMAES, al\u00e9m da COPASA-MG. Para se habilitarem ao enquadramento no programa, os munic\u00edpios devem se comprometer com: Aumento da capacidade de investimento e de planejamento;<\/li>\n<li>Busca de maior efici\u00eancia na presta\u00e7\u00e3o dos servi\u00e7os;<\/li>\n<li>Racionaliza\u00e7\u00e3o de gastos;<\/li>\n<li>Exerc\u00edcio pleno da compet\u00eancia tribut\u00e1ria;<\/li>\n<li>Recupera\u00e7\u00e3o dos investimentos.<\/li>\n<\/ul>\n<\/li>\n<\/ol>\n<p class=\"subtitulo\">Aerofotogrametria em Barbacena-MG<\/p>\n<p>Utilizando recursos do SOMMA, a Prefeitura Municipal de Barbacena contratou o Projeto de Implanta\u00e7\u00e3o dos Servi\u00e7os de Levantamento Aerofotogram\u00e9trico com Restitui\u00e7\u00e3o Digital e SIG.<\/p>\n<p>Com o resultado deste levantamento, a PM de Barbacena recebeu uma base cartogr\u00e1fica atualizada, imprescind\u00edvel para os trabalhos de SIG.<\/p>\n<p>Neste servi\u00e7o foi realizada a cobertura aerofotogram\u00e9trica em 30 km\u00b2 da regi\u00e3o urbanizada da sede municipal de Barbacena e capta\u00e7\u00e3o fotogram\u00e9trica em 26 km\u00b2.<\/p>\n<p>A \u00e1rea de trabalho abrangeu as \u00e1reas de interesse definidas na fase de pr\u00e9-an\u00e1lise das atividades de SIG, uma vez que a \u00e1rea total do munic\u00edpio \u00e9 de aproximadamente 780 km\u00b2. A partir desta cobertura foram captadas por Fotogrametria, as entidades b\u00e1sicas para as etapas posteriores de georreferenciamento tais como Quadras, lotes, vias e outras.<\/p>\n<p>Posteriormente, estes arquivos digitais resultantes foram unidos e articulados em formato de Plantas Cartogr\u00e1ficas para obten\u00e7\u00e3o de produtos finais na forma de ortofotos. Como trabalho complementar \u00e0 capta\u00e7\u00e3o executada foram definidos os limites de bairros, numera\u00e7\u00e3o predial e outros elementos n\u00e3o vis\u00edveis na fotografia que serviriam de subs\u00eddio para a realiza\u00e7\u00e3o do SIG.<\/p>\n<p>Para a gera\u00e7\u00e3o das Ortofotocartas Planim\u00e9tricas Digitais foram utilizadas 50 fotos com escala 1:8.000 que deram origem a 51 ortofotos com escala 1:2.000. Outro produto obtido foi um mosaico da regi\u00e3o trabalhada na escala 1:25.000.<\/p>\n<p>Os dados levantados foram devidamente tratados e homogeneizados para posterior incorpora\u00e7\u00e3o ao Sistema de Informa\u00e7\u00f5es Geogr\u00e1ficas de Barbacena que foi o escopo final do servi\u00e7o.<\/p>\n<p class=\"subtitulo\">Produtos Finais<\/p>\n<ol class=\"breadcrumb\">\n<li class=\"active\">\n<ul>\n<li>As atividades principais e os produtos obtidos neste servi\u00e7o foram : Cobertura Aerofotogram\u00e9trica nas escalas 1:8.000;<\/li>\n<li>Apoio Terrestre por GPS e Aerotriangula\u00e7\u00e3o;<\/li>\n<li>Restitui\u00e7\u00e3o Digital;<\/li>\n<li>Mosaico Digital na escala 1:25.000;<\/li>\n<li>Ortofotocartas Planim\u00e9tricas na escala 1:2.000.<\/li>\n<\/ul>\n<\/li>\n<\/ol>","protected":false},"excerpt":{"rendered":"<p>[IMAGEM_CAROUSEL] Fundo Somma O SOMMA \u00e9 um fundo destinado a financiar a implementa\u00e7\u00e3o do Programa de Saneamento Ambiental, Organiza\u00e7\u00e3o e Moderniza\u00e7\u00e3o dos Munic\u00edpios do Estado de Minas Gerais. Este fundo &#8230;<\/p>\n","protected":false},"author":1,"featured_media":5379,"parent":1930,"menu_order":0,"comment_status":"closed","ping_status":"closed","template":"template-left-sidebar.php","meta":{"footnotes":""},"class_list":["post-1944","page","type-page","status-publish","has-post-thumbnail","hentry"],"_links":{"self":[{"href":"https:\/\/www.esteio.com.br\/en\/wp-json\/wp\/v2\/pages\/1944","targetHints":{"allow":["GET"]}}],"collection":[{"href":"https:\/\/www.esteio.com.br\/en\/wp-json\/wp\/v2\/pages"}],"about":[{"href":"https:\/\/www.esteio.com.br\/en\/wp-json\/wp\/v2\/types\/page"}],"author":[{"embeddable":true,"href":"https:\/\/www.esteio.com.br\/en\/wp-json\/wp\/v2\/users\/1"}],"replies":[{"embeddable":true,"href":"https:\/\/www.esteio.com.br\/en\/wp-json\/wp\/v2\/comments?post=1944"}],"version-history":[{"count":5,"href":"https:\/\/www.esteio.com.br\/en\/wp-json\/wp\/v2\/pages\/1944\/revisions"}],"predecessor-version":[{"id":5380,"href":"https:\/\/www.esteio.com.br\/en\/wp-json\/wp\/v2\/pages\/1944\/revisions\/5380"}],"up":[{"embeddable":true,"href":"https:\/\/www.esteio.com.br\/en\/wp-json\/wp\/v2\/pages\/1930"}],"wp:featuredmedia":[{"embeddable":true,"href":"https:\/\/www.esteio.com.br\/en\/wp-json\/wp\/v2\/media\/5379"}],"wp:attachment":[{"href":"https:\/\/www.esteio.com.br\/en\/wp-json\/wp\/v2\/media?parent=1944"}],"curies":[{"name":"wp","href":"https:\/\/api.w.org\/{rel}","templated":true}]}}