{"id":1949,"date":"2017-05-11T14:10:22","date_gmt":"2017-05-11T14:10:22","guid":{"rendered":"http:\/\/esteio.com.br\/?page_id=1949"},"modified":"2022-05-26T18:54:34","modified_gmt":"2022-05-26T18:54:34","slug":"cartografia-para-dutos","status":"publish","type":"page","link":"https:\/\/www.esteio.com.br\/en\/executados\/cartografia-para-dutos\/","title":{"rendered":"Cartografia para Dutos"},"content":{"rendered":"[IMAGEM_CAROUSEL]\n<p class=\"subtitulo\">Introdu\u00e7\u00e3o<\/p>\n<p>Um projeto dutovi\u00e1rio re\u00fane uma gama de documentos para caracteriza\u00e7\u00e3o de um sistema de transporte de \u00f3leo &amp; g\u00e1s. O custo de implanta\u00e7\u00e3o de uma malha dutovi\u00e1ria \u00e9 elevado, mas \u00e9 uma alternativa considerada economicamente vi\u00e1vel para o abastecimento cont\u00ednuo de matriz energ\u00e9tica, pois permite rapidez na comunica\u00e7\u00e3o entre os pontos de entrega e seguran\u00e7a no transporte.<\/p>\n<p class=\"subtitulo\">Hist\u00f3rico<\/p>\n<p>A hist\u00f3ria do transporte dutovi\u00e1rio no Brasil teve in\u00edcio com o Conselho Nacional do Petr\u00f3leo (CNP), criado em 29 de abril de 1938 pelo presidente Get\u00falio Vargas. Os estudos para ligar Santos a S\u00e3o Paulo por meio de dutos aconteceram entre 1926 e 1933, e em1946, come\u00e7ou o anteprojeto dos oleodutos entre estas cidades e extens\u00e3o at\u00e9 Campinas.<\/p>\n<p>As d\u00e9cadas de 40 e 50 foram de constru\u00e7\u00e3o de terminais e refinarias nas regi\u00f5es sul, sudeste e nordeste e com a cria\u00e7\u00e3o da PETROBRAS em 1953, o transporte de derivados por dutos foi intensificado com implanta\u00e7\u00e3o de faixas na regi\u00e3o de produ\u00e7\u00e3o da Bahia.<\/p>\n<p>Desta \u00e9poca at\u00e9 hoje, com o crescente consumo da energia el\u00e9trica e o risco de &#8220;apag\u00f5es&#8221;, a malha dutovi\u00e1ria brasileira continua em expans\u00e3o, com implanta\u00e7\u00e3o de novas faixas at\u00e9 na Amaz\u00f4nia para o escoamento de hidrocarbonetos na maior floresta tropical do planeta.<\/p>\n<p class=\"subtitulo\">Cartografia para Implanta\u00e7\u00e3o e Gerenciamento de Dutos<\/p>\n<p>Os servi\u00e7os de Cartografia nesta \u00e1rea tem o prop\u00f3sito de realizar estudos e opera\u00e7\u00f5es t\u00e9cnico-cient\u00edficas para a representa\u00e7\u00e3o do terreno e seu meio ambiente, baseado nos resultados de observa\u00e7\u00f5es diretas ou de an\u00e1lise de documenta\u00e7\u00e3o, visando a elabora\u00e7\u00e3o e prepara\u00e7\u00e3o de cartas, projetos e outras formas de express\u00e3o, para suporte aos processos subsequente, mais notadamente, a constru\u00e7\u00e3o do empreendimento.<\/p>\n<p>Os principais produtos elaborados em Cartografia para Dutos s\u00e3o:<\/p>\n<ol class=\"breadcrumb\">\n<li class=\"active\">\n<ul>\n<li>Cobertura aerofotogram\u00e9trica e Mosaicagem Digital Georreferenciada<\/li>\n<li>Desenhos para Projeto B\u00e1sico<\/li>\n<li>Modelo Digital do Terreno &#8211; MDT<\/li>\n<li>Zoneamento Geot\u00e9cnico<\/li>\n<li>Ortofotocartas Digitais<\/li>\n<li>Cadastramento de Im\u00f3veis e Interfer\u00eancia com Linha de Transmiss\u00e3o<\/li>\n<li>Desenhos de Planta e Perfil e Cadastro<\/li>\n<li>Levantamento de \u00c1reas Especiais<\/li>\n<li>Sondagens Superficiais<\/li>\n<li>Sondagens em cruzamentos e travessias (GPR)<\/li>\n<li>Levantamento de Dados da Classe de Loca\u00e7\u00e3o<\/li>\n<li>Instala\u00e7\u00e3o de Marcos<\/li>\n<li>Base Cartogr\u00e1fica e Arquivos de Configura\u00e7\u00e3o para SIG<\/li>\n<li>Estudos de Travessias Especiais (Rios)<\/li>\n<\/ul>\n<\/li>\n<\/ol>\n<p class=\"subtitulo\">Artigos Relacionados<\/p>\n<ol class=\"breadcrumb\">\n<li class=\"active\">\n<ul>\n<li><a href=\"http:\/\/esteio.com.br\/downloads\/2009\/Lei_4321-08.pdf\" target=\"_blank\" rel=\"noopener noreferrer\">Lei 4.321\/08 &#8211; Mais um Aux\u00edlio para a Regulariza\u00e7\u00e3o Fundi\u00e1ria e Registro de Im\u00f3veis ?<\/a><\/li>\n<li><a href=\"http:\/\/esteio.com.br\/downloads\/2007\/lev_aero_topo_cad.pdf\" target=\"_blank\" rel=\"noopener noreferrer\">Levantamentos Aerofotogram\u00e9tricos para Fins Topogr\u00e1ficos e Cadastrais &#8211; Implanta\u00e7\u00e3o e Gerenciamento de Faixas de Dutos<\/a><\/li>\n<\/ul>\n<\/li>\n<\/ol>","protected":false},"excerpt":{"rendered":"<p>[IMAGEM_CAROUSEL] Introdu\u00e7\u00e3o Um projeto dutovi\u00e1rio re\u00fane uma gama de documentos para caracteriza\u00e7\u00e3o de um sistema de transporte de \u00f3leo &amp; g\u00e1s. O custo de implanta\u00e7\u00e3o de uma malha dutovi\u00e1ria \u00e9 &#8230;<\/p>\n","protected":false},"author":1,"featured_media":0,"parent":1290,"menu_order":0,"comment_status":"closed","ping_status":"closed","template":"template-left-sidebar.php","meta":{"footnotes":""},"class_list":["post-1949","page","type-page","status-publish","hentry"],"_links":{"self":[{"href":"https:\/\/www.esteio.com.br\/en\/wp-json\/wp\/v2\/pages\/1949","targetHints":{"allow":["GET"]}}],"collection":[{"href":"https:\/\/www.esteio.com.br\/en\/wp-json\/wp\/v2\/pages"}],"about":[{"href":"https:\/\/www.esteio.com.br\/en\/wp-json\/wp\/v2\/types\/page"}],"author":[{"embeddable":true,"href":"https:\/\/www.esteio.com.br\/en\/wp-json\/wp\/v2\/users\/1"}],"replies":[{"embeddable":true,"href":"https:\/\/www.esteio.com.br\/en\/wp-json\/wp\/v2\/comments?post=1949"}],"version-history":[{"count":6,"href":"https:\/\/www.esteio.com.br\/en\/wp-json\/wp\/v2\/pages\/1949\/revisions"}],"predecessor-version":[{"id":6008,"href":"https:\/\/www.esteio.com.br\/en\/wp-json\/wp\/v2\/pages\/1949\/revisions\/6008"}],"up":[{"embeddable":true,"href":"https:\/\/www.esteio.com.br\/en\/wp-json\/wp\/v2\/pages\/1290"}],"wp:attachment":[{"href":"https:\/\/www.esteio.com.br\/en\/wp-json\/wp\/v2\/media?parent=1949"}],"curies":[{"name":"wp","href":"https:\/\/api.w.org\/{rel}","templated":true}]}}