{"id":1996,"date":"2017-05-11T17:29:02","date_gmt":"2017-05-11T17:29:02","guid":{"rendered":"http:\/\/esteio.com.br\/?page_id=1996"},"modified":"2020-08-28T13:40:39","modified_gmt":"2020-08-28T13:40:39","slug":"cabiunas","status":"publish","type":"page","link":"https:\/\/www.esteio.com.br\/en\/executados\/cartografia-para-dutos\/cabiunas\/","title":{"rendered":"Gasoduto Cabi\u00fanas &#8211; REDUC"},"content":{"rendered":"[IMAGEM_CAROUSEL]\n<p>O GASDUC III ir\u00e1 interligar a Esta\u00e7\u00e3o do Terminal de Cabi\u00fanas, no Munic\u00edpio de Maca\u00e9-RJ com a Esta\u00e7\u00e3o de Compress\u00e3o ECOMP REDUC II, situada no Munic\u00edpio de Duque de Caxias, no estado do Rio de Janeiro, para transporte de g\u00e1s natural. Ser\u00e1 composto por duto de 28\u201d para o transporte de g\u00e1s at\u00e9 a refinaria<\/p>\n<p>Os levantamentos aerofotogram\u00e9tricos tem se apresentado como metodologia eficaz na gera\u00e7\u00e3o de bases cartogr\u00e1ficas visando \u00e0 elabora\u00e7\u00e3o de projetos referentes \u00e0 implanta\u00e7\u00e3o de faixas de dutos. A partir dos produtos gerados com a fotogrametria foi poss\u00edvel definir o melhor posicionamento do novo duto a ser implantado, bem como realizar as tarefas de levantamento cadastral das propriedades atingidas pelo novo empreendimento.<\/p>\n<p>Foram previstas duas Coberturas Aerofotogram\u00e9tricas, sendo uma na escala 1:20.000 e outra na escala 1:6.000.<\/p>\n<p>Cobertura Fotogram\u00e9trica<\/p>\n<p>As Coberturas Aerofotogram\u00e9tricas originalmente previstas para serem realizadas nas escalas 1:20.000 e 1:6.000, em fun\u00e7\u00e3o da ado\u00e7\u00e3o da metodologia de tomada digital de imagens, foram programadas para serem obtidas adotando o tamanho do \u201cpixel&amp;rdquo no terreno (Ground Sample Distance &#8211; GSD) de 40cm e 15cm, respectivamente. Esta defini\u00e7\u00e3o foi adotada visando resultados dos produtos finais previstos para as escalas de 1:10.000 (Projeto B\u00e1sico) e 1:1.000 (Plantas de Faixa e Cadastrais).<\/p>\n<p>LASER<\/p>\n<p>Os dados altim\u00e9tricos foram obtidos por sensor LASER aerotransportado, ao longo dos 180 km de extens\u00e3o da Faixa do GASDUC III, com uma abrang\u00eancia de 1.200m de largura.<\/p>\n<p>Com a informa\u00e7\u00e3o dos arquivos processados (coordenadas E,N,h) dos pontos levantados, os pontos do MDT j\u00e1 filtrados e depurados formar\u00e3o a &#8220;nuvem&#8221; de pontos LASER. Estes pontos foram tratados com algoritmos do tipo TIN (Triangle Irregular Network) para forma\u00e7\u00e3o de tri\u00e2ngulos e consequente cria\u00e7\u00e3o de curvas de n\u00edvel que comp\u00f5em a altimetria dos produtos na escala 1:1.000;<\/p>\n<p>Apoio Fotogram\u00e9trico<\/p>\n<p>O Apoio Fotogram\u00e9trico foi realizado com o objetivo de se obter as coordenadas dos pontos de apoio HV(s) necess\u00e1rios para a etapa de aerotriangula\u00e7\u00e3o. Esta etapa utilizou as bases de da Rede Fiducial da Transpetro dispon\u00edveis na \u00e1rea de trabalho. A partir destas bases, utilizando a tecnologia GPS, os pontos fotogram\u00e9tricos foram rastreados e tiveram suas coordenadas determinadas atrav\u00e9s de processamento e ajustamento da rede de apoio. Estes pontos foram tamb\u00e9m nivelados a partir da rede altim\u00e9trica de precis\u00e3o do IBGE.<\/p>\n<p>Com base nos resultados do voo em escala 1:20.000 foram geradas plantas em escala 1:25.000 (12km de largura) e projeto b\u00e1sico 1:10.000 (1,5 km de largura).<\/p>\n<p>Sobre as plantas de projeto b\u00e1sico 1:10.000, foram inseridos dados vetoriais obtidos atrav\u00e9s de restitui\u00e7\u00e3o aerofotogram\u00e9trica (Malha Vi\u00e1ria e Hidrografia), oriundos tamb\u00e9m da cartografia sistem\u00e1tica do IBGE;<\/p>\n<p>Cadastramento<\/p>\n<p>O GASDUC III , atravessa 8 munic\u00edpios no Estado do Rio de Janeiro, sendo eles, Maca\u00e9, Rio das Ostras, Casimirio de Abreu, Silva Jardim, Cachoeiras de Macacu, Guapimirim, Mag\u00e9 e Duque de Caxias. Visando estabelecer a faixa de servid\u00e3o que ser\u00e1 indenizada pela PETROBRAS, \u00e9 realizado o levantamento cadastral de \u00e1reas n\u00e3o p\u00fablicas e de \u00e1reas para conv\u00eanios. Nesta etapa s\u00e3o estimadas cerca de 2.300 unidades de \u00e1reas n\u00e3o p\u00fablicas e 270 unidades de \u00e1reas para conv\u00eanios (prefeituras, concession\u00e1rias).<\/p>\n<p>Para o desenvolvimento das atividades cadastrais em campo foram instalados tr\u00eas escrit\u00f3rios, sendo: um no Munic\u00edpio de Casimiro de Abreu, um em Maca\u00e9 e outro no munic\u00edpio de Mag\u00e9.<\/p>\n<p>Os dados cadastrais obtidos em campo s\u00e3o enviados para processamento na sede da ESTEIO em Curitiba, onde s\u00e3o sendo incorporados ao CADPROP, programa de cadastramento de propriedades utilizado pela PETROBRAS. S\u00e3o apresentados em Fichas Cadastrais individuais e Memoriais Descritivos da propriedade, que servir\u00e3o para avalia\u00e7\u00e3o, negocia\u00e7\u00e3o e regulariza\u00e7\u00e3o da servid\u00e3o sobre a propriedade.<\/p>\n<p>O contrato de servi\u00e7os para estudos fotogram\u00e9tricos para implanta\u00e7\u00e3o do GASDUC III encontra-se em andamento e algumas atividades n\u00e3o est\u00e3o conclu\u00eddas. Este resumo ser\u00e1 atualizado periodicamente visando mant\u00ea-lo em conson\u00e2ncia com o avan\u00e7o das etapas do contrato.","protected":false},"excerpt":{"rendered":"<p>[IMAGEM_CAROUSEL] O GASDUC III ir\u00e1 interligar a Esta\u00e7\u00e3o do Terminal de Cabi\u00fanas, no Munic\u00edpio de Maca\u00e9-RJ com a Esta\u00e7\u00e3o de Compress\u00e3o ECOMP REDUC II, situada no Munic\u00edpio de Duque de &#8230;<\/p>\n","protected":false},"author":1,"featured_media":5401,"parent":1949,"menu_order":0,"comment_status":"closed","ping_status":"closed","template":"template-left-sidebar.php","meta":{"footnotes":""},"class_list":["post-1996","page","type-page","status-publish","has-post-thumbnail","hentry"],"_links":{"self":[{"href":"https:\/\/www.esteio.com.br\/en\/wp-json\/wp\/v2\/pages\/1996","targetHints":{"allow":["GET"]}}],"collection":[{"href":"https:\/\/www.esteio.com.br\/en\/wp-json\/wp\/v2\/pages"}],"about":[{"href":"https:\/\/www.esteio.com.br\/en\/wp-json\/wp\/v2\/types\/page"}],"author":[{"embeddable":true,"href":"https:\/\/www.esteio.com.br\/en\/wp-json\/wp\/v2\/users\/1"}],"replies":[{"embeddable":true,"href":"https:\/\/www.esteio.com.br\/en\/wp-json\/wp\/v2\/comments?post=1996"}],"version-history":[{"count":5,"href":"https:\/\/www.esteio.com.br\/en\/wp-json\/wp\/v2\/pages\/1996\/revisions"}],"predecessor-version":[{"id":5403,"href":"https:\/\/www.esteio.com.br\/en\/wp-json\/wp\/v2\/pages\/1996\/revisions\/5403"}],"up":[{"embeddable":true,"href":"https:\/\/www.esteio.com.br\/en\/wp-json\/wp\/v2\/pages\/1949"}],"wp:featuredmedia":[{"embeddable":true,"href":"https:\/\/www.esteio.com.br\/en\/wp-json\/wp\/v2\/media\/5401"}],"wp:attachment":[{"href":"https:\/\/www.esteio.com.br\/en\/wp-json\/wp\/v2\/media?parent=1996"}],"curies":[{"name":"wp","href":"https:\/\/api.w.org\/{rel}","templated":true}]}}