{"id":2005,"date":"2017-05-11T17:36:22","date_gmt":"2017-05-11T17:36:22","guid":{"rendered":"http:\/\/esteio.com.br\/?page_id=2005"},"modified":"2017-12-07T16:24:55","modified_gmt":"2017-12-07T16:24:55","slug":"taubate","status":"publish","type":"page","link":"https:\/\/www.esteio.com.br\/en\/executados\/cartografia-para-dutos\/taubate\/","title":{"rendered":"Gasoduto Caraguatatuba &#8211; Taubat\u00e9"},"content":{"rendered":"[IMAGEM_CAROUSEL]\n<p>No Campo de Mexilh\u00e3o, localizado em \u00e1guas profundas e em mar aberto, 150 km a sudeste de Ilhabela na Bacia de Santos\/SP, segundo estudos da PETROBRAS, existe uma expectativa de se produzir at\u00e9 15 milh\u00f5es de m\u00b3\/dia de g\u00e1s at\u00e9 2012.<\/p>\n<p>Em paralelo, outros estudos da PETROBRAS definiram o transporte deste g\u00e1s por meio de gasoduto submarino at\u00e9 a costa, no litoral, onde ser\u00e1 processado na Unidade de Tratamento de G\u00e1s de Caraguatatuba (UTGCA).<\/p>\n<p>Desta unidade (UTGCA), o g\u00e1s seguir\u00e1 transportado tamb\u00e9m por gasoduto at\u00e9 Taubat\u00e9\/SP, cujo trecho chamado Caraguatatuba &#8211; Taubat\u00e9, integrar\u00e1 a malha dutovi\u00e1ria da regi\u00e3o Sudeste.<\/p>\n<p>O tra\u00e7ado terrestre desse gasoduto ter\u00e1 aproximadamente 106 km de extens\u00e3o, dividido em duas partes: Praia &#8211; UTGCA (aprox. 6 km) e Caraguatatuba &#8211; Taubat\u00e9 (aprox. 100 km).<\/p>\n<p>A partir das necessidades acima, a ESTEIO foi contratada pela PETROBRAS para mapear a regi\u00e3o e levantar uma s\u00e9rie de informa\u00e7\u00f5es, que possibilitaram a defini\u00e7\u00e3o do melhor tra\u00e7ado para a futura obra.<\/p>\n<p>Os servi\u00e7os realizados pela ESTEIO, consideraram levantamentos desde a praia da Lagoa, no munic\u00edpio Caraguatatuba\/SP, at\u00e9 a regi\u00e3o de Taubat\u00e9\/SP.<\/p>\n<p>O contrato PETROBRAS\/ESTEIO teve como objetivo, a realiza\u00e7\u00e3o de \u201cEstudos Aerofotogram\u00e9tricos para fins Topogr\u00e1ficos e Cadastrais, para implanta\u00e7\u00e3o da faixa de Servid\u00e3o de Passagem e \u00e1reas para instala\u00e7\u00f5es complementares do Gasoduto Caraguatatuba &#8211; Taubat\u00e9, da \u00e1rea da Unidade de Tratamento de G\u00e1s de Caraguatatuba (UTGCA), e da faixa de servid\u00e3o de passagem do gasoduto de entrada de G\u00e1s\u201d.<\/p>\n<p>A aerofotogrametria tem se mostrado como metodologia bastante apropriada (e eficaz) na capta\u00e7\u00e3o de informa\u00e7\u00f5es que subsidiam projetos na \u00e1rea dutovi\u00e1ria.<\/p>\n<p>Com as informa\u00e7\u00f5es obtidas pela fotogrametria, a PETROBRAS teve condi\u00e7\u00f5es de definir com rapidez e precis\u00e3o o caminhamento da faixa de interesse.<\/p>\n<p>Como atividade inicial dos trabalhos, a ESTEIO realizou coberturas aerofotogram\u00e9tricas coloridas em escala 1:20.000 e 1:6.000, seguindo normativas t\u00e9cnicas e legais, em tempo h\u00e1bil e que propiciaram evolu\u00e7\u00e3o das demais atividades planejadas.<\/p>\n<p>A cobertura a\u00e9rea em escala 1:20.000 subsidiou a gera\u00e7\u00e3o de produtos em escalas menores, sendo: Carta Imagem em escala 1:25.000, com abrang\u00eancia de 15 km de largura e Projeto B\u00e1sico em escala 1:10.000, com abrang\u00eancia de 1,5 km de largura.<\/p>\n<p>Os dois produtos mencionados foram gerados a partir de outras atividades, em espec\u00edfico, apoio terrestre, aerotriangula\u00e7\u00e3o e verifica\u00e7\u00e3o est\u00e9reo do MDS gerado, o que proporcionou maior rigidez cartogr\u00e1fica aos produtos.<\/p>\n<p>Sobre os produtos oriundos da cobertura em escala 1:20.000, foram inseridos dados vetoriais obtidos atrav\u00e9s de restitui\u00e7\u00e3o aerofotogram\u00e9trica (Malha Vi\u00e1ria e Hidrografia) e da cartografia sistem\u00e1tica do IBGE.<\/p>\n<p>Segundo informa\u00e7\u00f5es da PETROBRAS, esse produto tem como finalidade a an\u00e1lise das informa\u00e7\u00f5es do meio ambiente que envolve a \u00e1rea do projeto (15 km de largura), para posterior envio ao IBAMA, visando an\u00e1lise para Estudos de Impactos Ambientais Indiretos.<\/p>\n<p>Vale destacar que o produto gerado dessa forma foi pioneiro na ESTEIO, e por isso muito importante, para cumprimento das precis\u00f5es estabelecidas nas Especifica\u00e7\u00f5es T\u00e9cnicas do contrato.<\/p>\n<p>A segunda fase dos trabalhos, representou a gera\u00e7\u00e3o de produtos a partir dos resultados da cobertura aerofotogram\u00e9trica colorida, em escala 1:6000 e recobrimento longitudinal de 60%. Dessas imagens foram geradas ortofotocartas em escala 1:1.000 e 1:5.000, sendo as de escala 1:1.000, referentes ao caminhamento da faixa (imagens com 400 metros de largura) e as ortofotocartas em escala 1:5.000, referentes as unidades industriais de GUARAREMA, S\u00c3O SEBASTI\u00c3O e REVAP.<\/p>\n<p>As ortofotocartas geradas a partir do voo em escala 1:6.000 tamb\u00e9m foram geradas com base em dados de apoio de Campo e Aerotriangula\u00e7\u00e3o, mas diferente dos produtos do voo em escala 1:20.000, estas ortofotocartas tiveram seus dados altim\u00e9tricos oriundos de processamento de dados de Escaner a LASER Aerotransportado.<\/p>\n<p>Outra inova\u00e7\u00e3o, em rela\u00e7\u00e3o aos servi\u00e7os anteriores, foi a separa\u00e7\u00e3o dos perfis das plantas em escala 1:1.000. Foram emitidas plantas cadastrais, plantas 1:1.000, perfil da faixa e por tratar-se de faixa existente em um dos segmentos, emitiu-se tamb\u00e9m perfil dos dutos existentes, representando assim 04 produtos diferenciados;<\/p>\n<p>Os principais dados coletados e processados, foram representados nas ORTOFOTOCARTAS finais em escala 1:1.000, sendo os principais, os dados cadastrais, informa\u00e7\u00f5es altim\u00e9tricas (curvas de n\u00edvel), dados geot\u00e9cnicos, bem como dados de reambula\u00e7\u00e3o.<\/p>\n<p>Os dados coletados na etapa de cadastramento de im\u00f3veis atingidos foram transferidos para o CADPROP, programa de cadastramento de propriedades, e apresentados em Fichas Cadastrais individuais, cujas descri\u00e7\u00f5es foram apresentadas em Memoriais Descritivos, tamb\u00e9m individuais.<\/p>\n<p>Todos os produtos finais foram armazenados em um Sistema de Informa\u00e7\u00f5es Geogr\u00e1ficas que possibilita aos usu\u00e1rios, cruzar dados e resgatar informa\u00e7\u00f5es de forma r\u00e1pida e din\u00e2mica.<\/p>\n<p>O SIG possibilitar\u00e1 tamb\u00e9m aos usu\u00e1rios na fase de implanta\u00e7\u00e3o da obra, inser\u00e7\u00e3o de informa\u00e7\u00f5es espec\u00edficas de projeto e constru\u00e7\u00e3o, tornando-se tamb\u00e9m, ferramenta gerencial ap\u00f3s a implanta\u00e7\u00e3o f\u00edsica<\/p>\n<p class=\"subtitulo\">S\u00edntese de Servi\u00e7os Realizados<\/p>\n<ol class=\"breadcrumb\">\n<li class=\"active\">\n<ul>\n<li>Cobertura aerofotogram\u00e9trica em escala 1:20.000 &#8211; 15 km de largura \/ 110 km de extens\u00e3o;<\/li>\n<li>Mosaicagem Digital Georreferenciada (Ortofoto 20.000) \/ 110 km de extens\u00e3o;<\/li>\n<li>Desenhos 25.000 \/ 107,56 km de extens\u00e3o;<\/li>\n<li>Mosaicagem Digital Georreferenciada (Ortofoto 10.000) \/ 113,69 km de extens\u00e3o;<\/li>\n<li>Desenhos para Projeto B\u00e1sico 1:10.000 \/ 128,43 km de extens\u00e3o;<\/li>\n<li>Poligonal Principal (obten\u00e7\u00e3o de coordenadas) \/ 105,59 km de extens\u00e3o;<\/li>\n<li>Cobertura aerofotogram\u00e9trica em escala 1:6.000 \/ 123,58 km de extens\u00e3o;<\/li>\n<li>Modelo Digital do Terreno &#8211; MDT \/ 123,58 km de extens\u00e3o;<\/li>\n<li>Zoneamento Geot\u00e9cnico \/ 105,59 km de extens\u00e3o;<\/li>\n<li>Gera\u00e7\u00e3o de Ortofotocartas Digitais 1:1.000 &#8211; 400 m de largura \/ 128,24 km de extens\u00e3o;<\/li>\n<li>Cadastramento de Im\u00f3veis \/ 535 FCs;<\/li>\n<li>Cadastro de Interfer\u00eancia com Linha de Transmiss\u00e3o \/ 7 FCs;<\/li>\n<li>Desenhos de Planta e Perfil e Cadastro 1:1.000 \/ 113,22 km de extens\u00e3o;<\/li>\n<li>Levantamento de \u00c1reas \/ 120.991,58 m\u00b2;<\/li>\n<li>Sondagens Superficiais (trado) \/ 99,25 km de extens\u00e3o;<\/li>\n<li>Sondagens em cruzamentos e travessias (GPR) \/ 20,44 km de extens\u00e3o;<\/li>\n<li>Levantamento de Dados da Classe de Loca\u00e7\u00e3o \/ 105,59 km de extens\u00e3o;<\/li>\n<li>Instala\u00e7\u00e3o de Marcos Tipo C \/ 12 unidades;<\/li>\n<li>Base Cartogr\u00e1fica e Arquivos de Configura\u00e7\u00e3o para Map Guide \/ 01 Sistema;<\/li>\n<li>Base Cartogr\u00e1fica e Arquivos de Configura\u00e7\u00e3o para ArcGis 8.3 \/ 01 Sistema;<\/li>\n<li>Estudos de Travessias Especiais: Rio Para\u00edba do Sul SP, Rio Capivari, Rio Louren\u00e7o Velho 1\u00b0 Segmento, Rio Louren\u00e7o Velho 2\u00b0 Segmento e Represa Santa Branca.<\/li>\n<\/ul>\n<\/li>\n<\/ol>\n","protected":false},"excerpt":{"rendered":"<p>[IMAGEM_CAROUSEL] No Campo de Mexilh\u00e3o, localizado em \u00e1guas profundas e em mar aberto, 150 km a sudeste de Ilhabela na Bacia de Santos\/SP, segundo estudos da PETROBRAS, existe uma expectativa &#8230;<\/p>\n","protected":false},"author":1,"featured_media":0,"parent":1949,"menu_order":0,"comment_status":"closed","ping_status":"closed","template":"","meta":{"footnotes":""},"class_list":["post-2005","page","type-page","status-publish","hentry"],"_links":{"self":[{"href":"https:\/\/www.esteio.com.br\/en\/wp-json\/wp\/v2\/pages\/2005","targetHints":{"allow":["GET"]}}],"collection":[{"href":"https:\/\/www.esteio.com.br\/en\/wp-json\/wp\/v2\/pages"}],"about":[{"href":"https:\/\/www.esteio.com.br\/en\/wp-json\/wp\/v2\/types\/page"}],"author":[{"embeddable":true,"href":"https:\/\/www.esteio.com.br\/en\/wp-json\/wp\/v2\/users\/1"}],"replies":[{"embeddable":true,"href":"https:\/\/www.esteio.com.br\/en\/wp-json\/wp\/v2\/comments?post=2005"}],"version-history":[{"count":2,"href":"https:\/\/www.esteio.com.br\/en\/wp-json\/wp\/v2\/pages\/2005\/revisions"}],"predecessor-version":[{"id":3667,"href":"https:\/\/www.esteio.com.br\/en\/wp-json\/wp\/v2\/pages\/2005\/revisions\/3667"}],"up":[{"embeddable":true,"href":"https:\/\/www.esteio.com.br\/en\/wp-json\/wp\/v2\/pages\/1949"}],"wp:attachment":[{"href":"https:\/\/www.esteio.com.br\/en\/wp-json\/wp\/v2\/media?parent=2005"}],"curies":[{"name":"wp","href":"https:\/\/api.w.org\/{rel}","templated":true}]}}