{"id":2007,"date":"2017-05-11T17:37:14","date_gmt":"2017-05-11T17:37:14","guid":{"rendered":"http:\/\/esteio.com.br\/?page_id=2007"},"modified":"2020-08-28T14:14:01","modified_gmt":"2020-08-28T14:14:01","slug":"orto-fortaleza","status":"publish","type":"page","link":"https:\/\/www.esteio.com.br\/en\/executados\/cartografia-para-dutos\/orto-fortaleza\/","title":{"rendered":"Ortofotos da Unidade da PETROBRAS em Fortaleza"},"content":{"rendered":"[IMAGEM_CAROUSEL]\n<p>A unidade da LUBNOR (Lubrificantes e Derivados de Petr\u00f3leo do Nordeste) \u00e9 uma refinaria da PETROBRAS situada na cidade de Fortaleza, Cear\u00e1. Esta refinaria tem como principais objetivos a comercializa\u00e7\u00e3o e entrega de produtos \u00e0s Distribuidoras (Diesel, Gasolina, GLP, QAV, \u00d3leo Combust\u00edvel, Bunker e Querosene Iluminante). O trabalho teve como objetivo principal a gera\u00e7\u00e3o de ortofotocartas planialtim\u00e9tricas da unidade, na escala 1:500, onde foram representadas as instala\u00e7\u00f5es, equipamentos e elementos componentes da refinaria.<\/p>\n<p>O trabalho foi realizado no per\u00edodo de 02\/05\/2007 a 30\/07\/2007. Os servi\u00e7os envolveram as atividades de cobertura aerofotogram\u00e9trica, levantamento de campo, aerotriangula\u00e7\u00e3o, ortofoto, restitui\u00e7\u00e3o e edi\u00e7\u00e3o final das plantas em escala 1:500.<\/p>\n<p class=\"subtitulo\">Cobertura Aerofotogram\u00e9trica<\/p>\n<p>A Cobertura aerofotogram\u00e9trica foi realizada na escala 1:3.000 com o uso da c\u00e2mera a\u00e9rea CARL ZEISS &#8211; TOP com dist\u00e2ncia focal 153mm, instalada na aeronave S\u00eaneca PT-RQA. As fotografias coloridas foram tomadas em 3 faixas de voo de forma a recobrir a \u00e1rea toda da unidade da LUBNOR mais a extens\u00e3o da monob\u00f3ia no p\u00eder que estende por cerca de 700m dentro do mar.<\/p>\n<p>O voo foi realizado com o aux\u00edlio da t\u00e9cnica GPS, caracterizando um voo apoiado com objetivo de determinar no momento da capta\u00e7\u00e3o fotogr\u00e1fica as coordenadas dos centros perspectivos das fotografias. Para obten\u00e7\u00e3o destas coordenadas, foram utilizados dois receptores GPS, um instalado em solo sobre um ponto de coordenadas conhecidas. Quanto ao receptor GPS, este foi colocado a bordo da aeronave interligado \u00e0 c\u00e2mara a\u00e9rea. Este processo permitiu maior rigidez ao processo de aerotriangula\u00e7\u00e3o, otimizando os servi\u00e7os de apoio terrestre e em outros processos de gera\u00e7\u00e3o de produtos fotogr\u00e1ficos digitais.<\/p>\n<p class=\"subtitulo\">Apoio Terrestre<\/p>\n<p>O Apoio terrestre consistiu basicamente no transporte de coordenadas, com o uso de receptores de sat\u00e9lites GPS, de um ponto existente em Mossor\u00f3-RN (M-001), que faz parte da Rede Fiducial da Transpetro, para um marco existente dentro da LUBNOR, com amarra\u00e7\u00e3o em v\u00e9rtices da rede geod\u00e9sica do IBGE pr\u00f3ximos a Fortaleza. A partir deste marco foi feito o levantamento de coordenadas de pontos fotogram\u00e9tricos de Apoio suplementar para Aerotriangula\u00e7\u00e3o da \u00e1rea da LUBNOR.<\/p>\n<p class=\"subtitulo\">Ortofotos<\/p>\n<p>O processo de ortorretifica\u00e7\u00e3o foi realizado a partir do modelo tridimensional do terreno. Cada pixel da imagem da ortofoto foi associado \u00e0s suas respectivas coordenadas de terreno (sistema de refer\u00eancia). A gera\u00e7\u00e3o de ortofotos foi realizada em esta\u00e7\u00f5es digitais fotogram\u00e9tricas, compreendendo a aquisi\u00e7\u00e3o do MDT e a aerotriangula\u00e7\u00e3o. O processo envolveu a prepara\u00e7\u00e3o dos modelos estereofotogram\u00e9tricos e gera\u00e7\u00e3o de ortofotos ocorreu a partir de programas de processamento digital de imagem, por retifica\u00e7\u00e3o diferencial geom\u00e9trica e interpola\u00e7\u00e3o radiom\u00e9trica das imagens fotogr\u00e1ficas escolhidas, tendo por suporte, os modelos digitais do terreno.<\/p>\n<p class=\"subtitulo\">Restitui\u00e7\u00e3o<\/p>\n<p>A partir da aerotriangula\u00e7\u00e3o foi realizada a restitui\u00e7\u00e3o planim\u00e9trica da \u00e1rea da LUBNOR, envolvendo os elementos e instala\u00e7\u00f5es, com \u00e1rea de aproximadamente 400.000m\u00b2. A Restitui\u00e7\u00e3o foi realizada em esta\u00e7\u00f5es fotogram\u00e9tricas digitais e obedeceu \u00e0 tabela de layers com distin\u00e7\u00e3o de cores, tipos de tra\u00e7os e simbologia definidos junto ao contratante. A Restitui\u00e7\u00e3o Altim\u00e9trica das curvas de n\u00edvel de metro em metro abrangeu o limite total das 6 folhas que compuseram o servi\u00e7o.<\/p>\n<p class=\"subtitulo\">Produtos Finais<\/p>\n<p>Os Produtos Finais foram estruturados a partir das Ortofotos e da Restitui\u00e7\u00e3o Planialtim\u00e9trica, apresentados num s\u00f3 produto na escala 1:500. Este produto apresenta tamb\u00e9m a legenda de tra\u00e7os, cores e elementos existentes nas plantas, bem como os dados b\u00e1sicos do contrato de aerolevantamento e foram entregues em arquivos digitais do AutoDesk AutoCad.","protected":false},"excerpt":{"rendered":"<p>[IMAGEM_CAROUSEL] A unidade da LUBNOR (Lubrificantes e Derivados de Petr\u00f3leo do Nordeste) \u00e9 uma refinaria da PETROBRAS situada na cidade de Fortaleza, Cear\u00e1. Esta refinaria tem como principais objetivos a &#8230;<\/p>\n","protected":false},"author":1,"featured_media":5415,"parent":1949,"menu_order":0,"comment_status":"closed","ping_status":"closed","template":"template-left-sidebar.php","meta":{"footnotes":""},"class_list":["post-2007","page","type-page","status-publish","has-post-thumbnail","hentry"],"_links":{"self":[{"href":"https:\/\/www.esteio.com.br\/en\/wp-json\/wp\/v2\/pages\/2007","targetHints":{"allow":["GET"]}}],"collection":[{"href":"https:\/\/www.esteio.com.br\/en\/wp-json\/wp\/v2\/pages"}],"about":[{"href":"https:\/\/www.esteio.com.br\/en\/wp-json\/wp\/v2\/types\/page"}],"author":[{"embeddable":true,"href":"https:\/\/www.esteio.com.br\/en\/wp-json\/wp\/v2\/users\/1"}],"replies":[{"embeddable":true,"href":"https:\/\/www.esteio.com.br\/en\/wp-json\/wp\/v2\/comments?post=2007"}],"version-history":[{"count":3,"href":"https:\/\/www.esteio.com.br\/en\/wp-json\/wp\/v2\/pages\/2007\/revisions"}],"predecessor-version":[{"id":5416,"href":"https:\/\/www.esteio.com.br\/en\/wp-json\/wp\/v2\/pages\/2007\/revisions\/5416"}],"up":[{"embeddable":true,"href":"https:\/\/www.esteio.com.br\/en\/wp-json\/wp\/v2\/pages\/1949"}],"wp:featuredmedia":[{"embeddable":true,"href":"https:\/\/www.esteio.com.br\/en\/wp-json\/wp\/v2\/media\/5415"}],"wp:attachment":[{"href":"https:\/\/www.esteio.com.br\/en\/wp-json\/wp\/v2\/media?parent=2007"}],"curies":[{"name":"wp","href":"https:\/\/api.w.org\/{rel}","templated":true}]}}