{"id":2041,"date":"2017-05-11T19:01:56","date_gmt":"2017-05-11T19:01:56","guid":{"rendered":"http:\/\/esteio.com.br\/?page_id=2041"},"modified":"2017-05-22T17:50:39","modified_gmt":"2017-05-22T17:50:39","slug":"cis","status":"publish","type":"page","link":"https:\/\/www.esteio.com.br\/en\/executados\/cis\/","title":{"rendered":"CIS"},"content":{"rendered":"<p>T\u00e9cnica que permite obter perfil do potencial tubo\/solo, fornecendo perfis cont\u00ednuos de potenciais de energiza\u00e7\u00e3o (ON) e polariza\u00e7\u00e3o (OFF) da estrutura ao longo de toda a tubula\u00e7\u00e3o, permitindo avaliar de forma eficiente os pontos da tubula\u00e7\u00e3o com falhas no revestimento e principalmente com n\u00edvel deficiente de prote\u00e7\u00e3o.<\/p>\n","protected":false},"excerpt":{"rendered":"<p>T\u00e9cnica que permite obter perfil do potencial tubo\/solo, fornecendo perfis cont\u00ednuos de potenciais de energiza\u00e7\u00e3o (ON) e polariza\u00e7\u00e3o (OFF) da estrutura ao longo de toda a tubula\u00e7\u00e3o, permitindo avaliar de &#8230;<\/p>\n","protected":false},"author":1,"featured_media":0,"parent":1290,"menu_order":0,"comment_status":"closed","ping_status":"closed","template":"template-left-sidebar.php","meta":{"footnotes":""},"class_list":["post-2041","page","type-page","status-publish","hentry"],"_links":{"self":[{"href":"https:\/\/www.esteio.com.br\/en\/wp-json\/wp\/v2\/pages\/2041","targetHints":{"allow":["GET"]}}],"collection":[{"href":"https:\/\/www.esteio.com.br\/en\/wp-json\/wp\/v2\/pages"}],"about":[{"href":"https:\/\/www.esteio.com.br\/en\/wp-json\/wp\/v2\/types\/page"}],"author":[{"embeddable":true,"href":"https:\/\/www.esteio.com.br\/en\/wp-json\/wp\/v2\/users\/1"}],"replies":[{"embeddable":true,"href":"https:\/\/www.esteio.com.br\/en\/wp-json\/wp\/v2\/comments?post=2041"}],"version-history":[{"count":3,"href":"https:\/\/www.esteio.com.br\/en\/wp-json\/wp\/v2\/pages\/2041\/revisions"}],"predecessor-version":[{"id":2514,"href":"https:\/\/www.esteio.com.br\/en\/wp-json\/wp\/v2\/pages\/2041\/revisions\/2514"}],"up":[{"embeddable":true,"href":"https:\/\/www.esteio.com.br\/en\/wp-json\/wp\/v2\/pages\/1290"}],"wp:attachment":[{"href":"https:\/\/www.esteio.com.br\/en\/wp-json\/wp\/v2\/media?parent=2041"}],"curies":[{"name":"wp","href":"https:\/\/api.w.org\/{rel}","templated":true}]}}