{"id":2046,"date":"2017-05-11T19:07:49","date_gmt":"2017-05-11T19:07:49","guid":{"rendered":"http:\/\/esteio.com.br\/?page_id=2046"},"modified":"2017-05-22T17:56:04","modified_gmt":"2017-05-22T17:56:04","slug":"engenharia-viaria","status":"publish","type":"page","link":"https:\/\/www.esteio.com.br\/en\/executados\/engenharia-viaria\/","title":{"rendered":"Engenharia Vi\u00e1ria"},"content":{"rendered":"<p>Desde sua funda\u00e7\u00e3o, a ESTEIO se dedica \u00e0 consultoria na \u00e1rea de transportes, tendo executado milhares de quil\u00f4metros de projetos, acompanhamento, supervis\u00e3o e fiscaliza\u00e7\u00e3o de obras, incluindo terraplenagem, pavimenta\u00e7\u00e3o, drenagem, obras de arte correntes, estabiliza\u00e7\u00e3o de encostas, obras de conten\u00e7\u00e3o, pontes e viadutos, geot\u00e9cnica, hidrologia, geologia, plano funcional, estudo de tr\u00e1fego, or\u00e7amento, projetos de restaura\u00e7\u00e3o e duplica\u00e7\u00e3o, estudo de viabilidade t\u00e9cnico-econ\u00f4mica e RIMA para rodovias e ferrovias.<\/p>\n<p>Entre os principais tipos de trabalhos realizados podemos citar os seguintes:<\/p>\n<ol class=\"breadcrumb\">\n<li class=\"active\">\n<ul>\n<li>Projetos de engenharia, rodovi\u00e1rios, ferrovi\u00e1rios e aeroportu\u00e1rios;<\/li>\n<li>Projetos especiais de engenharia: implanta\u00e7\u00e3o b\u00e1sica, restaura\u00e7\u00e3o de rodovias, obras de arte;<\/li>\n<li>Estudos de viabilidade t\u00e9cnica e econ\u00f4mica de empreendimentos;<\/li>\n<li>Acompanhamento, supervis\u00e3o e fiscaliza\u00e7\u00e3o de todas as fases de constru\u00e7\u00e3o de obras de engenharia rodovi\u00e1ria e ferrovi\u00e1ria;<\/li>\n<li>Sondagens, rotativas e a percuss\u00e3o;<\/li>\n<li>Ensaios de solos e de concreto;<\/li>\n<li>Estudos ambientais e multidisciplinares para a sele\u00e7\u00e3o de \u00e1reas aptas \u00e0 implanta\u00e7\u00e3o de cidades e obras de engenharia.<\/li>\n<\/ul>\n<\/li>\n<\/ol>\n<p>Atualmente, todos os Projetos Vi\u00e1rios atuais s\u00e3o desenvolvidos em ambiente computacional.<\/p>\n<p>Al\u00e9m disso, a base cartogr\u00e1fica que d\u00e1 suporte aos Projetos \u00e9 totalmente digital e composta por ortofotos das \u00e1reas de interesse. A ESTEIO vem utilizando este sistema de Projeto sobre Ortofotos Digitais em v\u00e1rios projetos rodoferrovi\u00e1rios com bastante sucesso.<\/p>\n","protected":false},"excerpt":{"rendered":"<p>Desde sua funda\u00e7\u00e3o, a ESTEIO se dedica \u00e0 consultoria na \u00e1rea de transportes, tendo executado milhares de quil\u00f4metros de projetos, acompanhamento, supervis\u00e3o e fiscaliza\u00e7\u00e3o de obras, incluindo terraplenagem, pavimenta\u00e7\u00e3o, drenagem, &#8230;<\/p>\n","protected":false},"author":1,"featured_media":0,"parent":1290,"menu_order":0,"comment_status":"closed","ping_status":"closed","template":"template-left-sidebar.php","meta":{"footnotes":""},"class_list":["post-2046","page","type-page","status-publish","hentry"],"_links":{"self":[{"href":"https:\/\/www.esteio.com.br\/en\/wp-json\/wp\/v2\/pages\/2046","targetHints":{"allow":["GET"]}}],"collection":[{"href":"https:\/\/www.esteio.com.br\/en\/wp-json\/wp\/v2\/pages"}],"about":[{"href":"https:\/\/www.esteio.com.br\/en\/wp-json\/wp\/v2\/types\/page"}],"author":[{"embeddable":true,"href":"https:\/\/www.esteio.com.br\/en\/wp-json\/wp\/v2\/users\/1"}],"replies":[{"embeddable":true,"href":"https:\/\/www.esteio.com.br\/en\/wp-json\/wp\/v2\/comments?post=2046"}],"version-history":[{"count":3,"href":"https:\/\/www.esteio.com.br\/en\/wp-json\/wp\/v2\/pages\/2046\/revisions"}],"predecessor-version":[{"id":2516,"href":"https:\/\/www.esteio.com.br\/en\/wp-json\/wp\/v2\/pages\/2046\/revisions\/2516"}],"up":[{"embeddable":true,"href":"https:\/\/www.esteio.com.br\/en\/wp-json\/wp\/v2\/pages\/1290"}],"wp:attachment":[{"href":"https:\/\/www.esteio.com.br\/en\/wp-json\/wp\/v2\/media?parent=2046"}],"curies":[{"name":"wp","href":"https:\/\/api.w.org\/{rel}","templated":true}]}}