{"id":2055,"date":"2017-05-11T19:11:07","date_gmt":"2017-05-11T19:11:07","guid":{"rendered":"http:\/\/esteio.com.br\/?page_id=2055"},"modified":"2020-08-28T17:06:35","modified_gmt":"2020-08-28T17:06:35","slug":"taludes","status":"publish","type":"page","link":"https:\/\/www.esteio.com.br\/en\/executados\/engenharia-viaria\/taludes\/","title":{"rendered":"DNER &#8211; Escorregamento de Taludes"},"content":{"rendered":"[IMAGEM_CAROUSEL]\n<p>A ESTEIO executou para o DNER\/PR, o projeto de engenharia para a estabiliza\u00e7\u00e3o do maci\u00e7o escorregado na Serra do Purun\u00e3, que obstruiu a Rodovia Federal BR-277 na altura do km 130.<\/p>\n<p>Os servi\u00e7os se resumiram no levantamento da situa\u00e7\u00e3o no local do escorregamento, retroan\u00e1lise do ocorrido e projeto final de engenharia para estabelecer a geometria do corpo estradal, bem como a diminui\u00e7\u00e3o do risco de um novo escorregamento do maci\u00e7o.<\/p>\n<p>Este projeto propiciou ao DNER\/PR, a obten\u00e7\u00e3o de elementos em tempo recorde para a contrata\u00e7\u00e3o das obras necess\u00e1rias para reabertura da Rodovia Federal BR-277, uma das principais rodovias do Estado do Paran\u00e1.","protected":false},"excerpt":{"rendered":"<p>[IMAGEM_CAROUSEL] A ESTEIO executou para o DNER\/PR, o projeto de engenharia para a estabiliza\u00e7\u00e3o do maci\u00e7o escorregado na Serra do Purun\u00e3, que obstruiu a Rodovia Federal BR-277 na altura do &#8230;<\/p>\n","protected":false},"author":1,"featured_media":5486,"parent":2046,"menu_order":0,"comment_status":"closed","ping_status":"closed","template":"template-left-sidebar.php","meta":{"footnotes":""},"class_list":["post-2055","page","type-page","status-publish","has-post-thumbnail","hentry"],"_links":{"self":[{"href":"https:\/\/www.esteio.com.br\/en\/wp-json\/wp\/v2\/pages\/2055","targetHints":{"allow":["GET"]}}],"collection":[{"href":"https:\/\/www.esteio.com.br\/en\/wp-json\/wp\/v2\/pages"}],"about":[{"href":"https:\/\/www.esteio.com.br\/en\/wp-json\/wp\/v2\/types\/page"}],"author":[{"embeddable":true,"href":"https:\/\/www.esteio.com.br\/en\/wp-json\/wp\/v2\/users\/1"}],"replies":[{"embeddable":true,"href":"https:\/\/www.esteio.com.br\/en\/wp-json\/wp\/v2\/comments?post=2055"}],"version-history":[{"count":3,"href":"https:\/\/www.esteio.com.br\/en\/wp-json\/wp\/v2\/pages\/2055\/revisions"}],"predecessor-version":[{"id":5487,"href":"https:\/\/www.esteio.com.br\/en\/wp-json\/wp\/v2\/pages\/2055\/revisions\/5487"}],"up":[{"embeddable":true,"href":"https:\/\/www.esteio.com.br\/en\/wp-json\/wp\/v2\/pages\/2046"}],"wp:featuredmedia":[{"embeddable":true,"href":"https:\/\/www.esteio.com.br\/en\/wp-json\/wp\/v2\/media\/5486"}],"wp:attachment":[{"href":"https:\/\/www.esteio.com.br\/en\/wp-json\/wp\/v2\/media?parent=2055"}],"curies":[{"name":"wp","href":"https:\/\/api.w.org\/{rel}","templated":true}]}}