{"id":2059,"date":"2017-05-11T19:15:18","date_gmt":"2017-05-11T19:15:18","guid":{"rendered":"http:\/\/esteio.com.br\/?page_id=2059"},"modified":"2020-08-28T18:34:01","modified_gmt":"2020-08-28T18:34:01","slug":"aeroporto-cascavel","status":"publish","type":"page","link":"https:\/\/www.esteio.com.br\/en\/executados\/engenharia-viaria\/aeroporto-cascavel\/","title":{"rendered":"Projeto do Aeroporto Regional do Oeste &#8211; Cascavel"},"content":{"rendered":"[IMAGEM_CAROUSEL]\n<p>O Governo do Estado do Paran\u00e1, juntamente com representantes do COMAR V procedeu \u00e0 escolha de uma \u00e1rea localizada entre os munic\u00edpios de Cascavel e Toledo, para a implanta\u00e7\u00e3o do novo aeroporto de Cascavel.<\/p>\n<p>O planejamento adotado como premissa que este aeroporto dever\u00e1 ser adotado de infra-estrutura adequada ao Oeste Paranaense, regi\u00e3o com grande potencial de desenvolvimento em face da sua localiza\u00e7\u00e3o estrat\u00e9gica em rela\u00e7\u00e3o aos pa\u00edses membros do MERCOSUL.<\/p>\n<p class=\"subtitulo\">Diretrizes B\u00e1sicas<\/p>\n<p>O Projeto do Aeroporto Regional do Oeste Paranaense &#8211; Cascavel foi elaborado pela ESTEIO a partir das seguintes diretrizes b\u00e1sicas emanadas pelo Estado-Maior da Aeron\u00e1utica:<\/p>\n<ol class=\"breadcrumb\">\n<li class=\"active\">\n<ul>\n<li>Pista de Pouso e Decolagem com 2.500 x 45m, asfaltada e cabeceiras em pavimento R\u00edgido<\/li>\n<li>Pista de Taxiamento paralela a pista de Pouso e Decolagem<\/li>\n<li>P\u00e1tio com \u00e1rea m\u00ednima utiliz\u00e1vel de 20.000m\u00b2<\/li>\n<li>\u00c1rea para PAA, com capacidade de Estocagem de 300.000 litros de Querosene de Avia\u00e7\u00e3o<\/li>\n<li>Auxilio \u00e0 navega\u00e7\u00e3o a\u00e9rea, comunica\u00e7\u00e3o, controle e servi\u00e7o de Combate a Inc\u00eandio.<\/li>\n<\/ul>\n<\/li>\n<\/ol>\n<p>O desenvolvimento dos estudos e projetos contemplou os seguintes aspectos:<\/p>\n<ol class=\"breadcrumb\">\n<li class=\"active\">\n<ul>\n<li>Estudos Anemol\u00f3gicos;<\/li>\n<li>Estudos Topogr\u00e1fico;<\/li>\n<li>Estudos Geomec\u00e2nicos;<\/li>\n<li>Estudos Hidrol\u00f3gicos;<\/li>\n<li>Projeto Geom\u00e9trico;<\/li>\n<li>Projeto de Terraplenagem;<\/li>\n<li>Projeto de Pavimenta\u00e7\u00e3o Flex\u00edvel e R\u00edgida;<\/li>\n<li>Projeto de Drenagem e Obras de Arte Correntes;<\/li>\n<li>Projeto de Obras Complementares;<\/li>\n<li>Projeto de Desapropria\u00e7\u00e3o.<\/li>\n<\/ul>\n<\/li>\n<\/ol>","protected":false},"excerpt":{"rendered":"<p>[IMAGEM_CAROUSEL] O Governo do Estado do Paran\u00e1, juntamente com representantes do COMAR V procedeu \u00e0 escolha de uma \u00e1rea localizada entre os munic\u00edpios de Cascavel e Toledo, para a implanta\u00e7\u00e3o &#8230;<\/p>\n","protected":false},"author":1,"featured_media":5501,"parent":2046,"menu_order":0,"comment_status":"closed","ping_status":"closed","template":"template-left-sidebar.php","meta":{"footnotes":""},"class_list":["post-2059","page","type-page","status-publish","has-post-thumbnail","hentry"],"_links":{"self":[{"href":"https:\/\/www.esteio.com.br\/en\/wp-json\/wp\/v2\/pages\/2059","targetHints":{"allow":["GET"]}}],"collection":[{"href":"https:\/\/www.esteio.com.br\/en\/wp-json\/wp\/v2\/pages"}],"about":[{"href":"https:\/\/www.esteio.com.br\/en\/wp-json\/wp\/v2\/types\/page"}],"author":[{"embeddable":true,"href":"https:\/\/www.esteio.com.br\/en\/wp-json\/wp\/v2\/users\/1"}],"replies":[{"embeddable":true,"href":"https:\/\/www.esteio.com.br\/en\/wp-json\/wp\/v2\/comments?post=2059"}],"version-history":[{"count":10,"href":"https:\/\/www.esteio.com.br\/en\/wp-json\/wp\/v2\/pages\/2059\/revisions"}],"predecessor-version":[{"id":5507,"href":"https:\/\/www.esteio.com.br\/en\/wp-json\/wp\/v2\/pages\/2059\/revisions\/5507"}],"up":[{"embeddable":true,"href":"https:\/\/www.esteio.com.br\/en\/wp-json\/wp\/v2\/pages\/2046"}],"wp:featuredmedia":[{"embeddable":true,"href":"https:\/\/www.esteio.com.br\/en\/wp-json\/wp\/v2\/media\/5501"}],"wp:attachment":[{"href":"https:\/\/www.esteio.com.br\/en\/wp-json\/wp\/v2\/media?parent=2059"}],"curies":[{"name":"wp","href":"https:\/\/api.w.org\/{rel}","templated":true}]}}