{"id":2074,"date":"2017-05-11T19:27:17","date_gmt":"2017-05-11T19:27:17","guid":{"rendered":"http:\/\/esteio.com.br\/?page_id=2074"},"modified":"2024-04-12T14:54:32","modified_gmt":"2024-04-12T14:54:32","slug":"comperj","status":"publish","type":"page","link":"https:\/\/www.esteio.com.br\/en\/executados\/engenharia-viaria\/comperj\/","title":{"rendered":"PETROBRAS &#8211; Projeto B\u00e1sico da Faixa de Dutos MARIC\u00c1 &#8211; COMPERJ"},"content":{"rendered":"[IMAGEM_CAROUSEL]\n<p>Em outubro de 2011 a ESTEIO deu in\u00edcio \u00e0 execu\u00e7\u00e3o dos Servi\u00e7os de Projeto B\u00e1sico da Faixa de Dutos MARIC\u00c1 &#8211; COMPERJ, ao longo de 45 km, entre os munic\u00edpios de Maric\u00e1 e Itabora\u00ed no Rio de Janeiro.<\/p>\n<p>O escopo do servi\u00e7o \u00e9 multidisciplinar e abrange consultoria t\u00e9cnica, servi\u00e7os de campo, coleta de informa\u00e7\u00f5es e ensaios em laborat\u00f3rio geotecnol\u00f3gico, estudos, projetos de pr\u00e9-detalhamento e detalhamento, licen\u00e7as\/autoriza\u00e7\u00f5es, cadastramento f\u00edsico \/ jur\u00eddico para elabora\u00e7\u00e3o do projeto geom\u00e9trico da faixa de trabalho, da diretriz dos dutos e seus complementos, a partir do projeto b\u00e1sico mec\u00e2nico do duto, e demais documentos pertinentes.<\/p>\n<p>O \u00e2mbito dos servi\u00e7os compreende o projeto b\u00e1sico para a instala\u00e7\u00e3o do duto entre suas extremidades, faixas servientes\/dominiais e \u00e1reas para seus complementos e circunvizinhas influentes\/efluentes. O duto em estudo \u00e9 uma das alternativas para o escoamento do P\u00f3lo Pr\u00e9-sal da Bacia de Campos.<\/p>\n<p>Algumas das principais etapas desenvolvidas s\u00e3o apresentadas a seguir:<\/p>\n<p class=\"subtitulo\">Base Cartogr\u00e1fica<\/p>\n<p>A base cartogr\u00e1fica utilizada no desenvolvimento do servi\u00e7o foi objeto de contrato independente.<\/p>\n<p class=\"subtitulo\">Zoneamento Geot\u00e9cnico<\/p>\n<p>Os mapas de zoneamento geot\u00e9cnico s\u00e3o elaborados ao longo da diretriz, com a finalidade de definir unidades do terreno de mesmo comportamento geot\u00e9cnico, aplicados a obras de instala\u00e7\u00e3o de dutos, cada qual com orienta\u00e7\u00f5es t\u00e9cnicas preventivas e corretivas dos problemas caracter\u00edsticos, previamente identificados.<\/p>\n<p class=\"subtitulo\">Estudos de Travessias Especiais<\/p>\n<p>Estudos de travessias especiais visam gerar um maior volume de informa\u00e7\u00f5es sobre as caracter\u00edsticas locais de regime, mec\u00e2nica fluvial, subsuperf\u00edcie e impactos, de modo a permitir definir o m\u00e9todo construtivo incluindo dispositivos de apoio \/prote\u00e7\u00f5es provis\u00f3rios e perenes mais adequados para obten\u00e7\u00e3o de licen\u00e7as, constru\u00e7\u00e3o e opera\u00e7\u00e3o.<\/p>\n<p class=\"subtitulo\">Obras Geot\u00e9cnicas, Drenagem e outras<\/p>\n<p>Faz parte do escopo do servi\u00e7o a elabora\u00e7\u00e3o de projeto com diagn\u00f3stico de solu\u00e7\u00f5es de estabiliza\u00e7\u00e3o de aterros, bota fora tempor\u00e1rio, definitivo e outros, com a previs\u00e3o de quantitativos necess\u00e1rios, bem como a realiza\u00e7\u00e3o de projeto de drenagem, revestimento vegetal, reafei\u00e7oamento e paisagismo, na faixa do duto, cruzamentos, travessias e acessos e bota-foras indicados pelo projeto.O produto deve indicar\/referenciar os elementos topogr\u00e1ficos, sondagens, outros, al\u00e9m da metodologia construtiva a ser empregada, bem como geometria, especifica\u00e7\u00f5es e quantidades de materiais para dispositivos de apoio \u00e0 constru\u00e7\u00e3o.<\/p>\n<p class=\"subtitulo\">Projetos Complementares<\/p>\n<p>Faz parte do Escopo a elabora\u00e7\u00e3o de projetos dos complementos, como v\u00e1lvulas intermedi\u00e1rias de bloqueio, provadores de corros\u00e3o, lan\u00e7adores\/recebedores de &#8220;pigs&#8221;, incluindo plantas de arranjo, funda\u00e7\u00f5es e bases civis, suportes, entre outras.<\/p>\n<p class=\"subtitulo\">Produtos<\/p>\n<p>Os servi\u00e7os do escopo de projeto b\u00e1sico da faixa e pr\u00e9-detalhamento do duto s\u00e3o traduzidos pelos seguintes produtos:<\/p>\n<ol class=\"breadcrumb\">\n<li class=\"active\">\n<ul>\n<li>Planta de Situa\u00e7\u00e3o com implanta\u00e7\u00e3o geral na escala 1:25:000;<\/li>\n<li>Planta Chave \/Unifilar de Terraplenagem na escala 1:10.000;<\/li>\n<li>Desenho de Zoneamento Geot\u00e9cnico na escala 1:10.000;<\/li>\n<li>Mapa Ambientas na escala 1:10.000;<\/li>\n<li>Desenho de Unifilar de Vegeta\u00e7\u00e3o na escala 1:5.000;<\/li>\n<li>Planta de Faixa na escala 1:1.000;<\/li>\n<li>Perfil do duto na escala 1:1.000;<\/li>\n<li>Desenho de cruzamentos e travessias na escala 1:200;<\/li>\n<li>Desenho de Se\u00e7\u00e3o de Terraplenagem na escala 1:200;<\/li>\n<li>Desenho de detalhes t\u00edpicos de terraplenagem na escala 1:500;<\/li>\n<li>Desenho de detalhes t\u00edpicos de drenagem na escala 1:500;<\/li>\n<li>Desenho de obras de conten\u00e7\u00e3o e estabiliza\u00e7\u00e3o das margens na escala 1:500;<\/li>\n<li>Relat\u00f3rios;<\/li>\n<li>Memoriais Descritivos;<\/li>\n<li>ETs &#8211; Especifica\u00e7\u00f5es T\u00e9cnicas;<\/li>\n<li>MC &#8211; Mem\u00f3rias de C\u00e1lculo;<\/li>\n<li>Planilhas de Quantidades;<\/li>\n<\/ul>\n<\/li>\n<\/ol>\n<p class=\"subtitulo\">Equipe T\u00e9cnica<\/p>\n<p>A caracter\u00edstica multidisciplinar do escopo exige uma equipe de profissionais qualificados para o desenvolvimento dos trabalhos. Essa equipe \u00e9 composta por engenheiros civis, de dutos, cart\u00f3grafos, ambientais, agr\u00f4nomos, hidr\u00f3logos, geof\u00edsicos, florestais e de dutos, bem como por t\u00e9cnicos de diversas especialidades, como cadastradores, t\u00e9cnico de seguran\u00e7a e meio ambiente, de qualidade, comunicador social, projetistas, cadistas, entre outros.","protected":false},"excerpt":{"rendered":"<p>[IMAGEM_CAROUSEL] Em outubro de 2011 a ESTEIO deu in\u00edcio \u00e0 execu\u00e7\u00e3o dos Servi\u00e7os de Projeto B\u00e1sico da Faixa de Dutos MARIC\u00c1 &#8211; COMPERJ, ao longo de 45 km, entre os &#8230;<\/p>\n","protected":false},"author":1,"featured_media":6807,"parent":2046,"menu_order":0,"comment_status":"closed","ping_status":"closed","template":"template-left-sidebar.php","meta":{"footnotes":""},"class_list":["post-2074","page","type-page","status-publish","has-post-thumbnail","hentry"],"_links":{"self":[{"href":"https:\/\/www.esteio.com.br\/en\/wp-json\/wp\/v2\/pages\/2074","targetHints":{"allow":["GET"]}}],"collection":[{"href":"https:\/\/www.esteio.com.br\/en\/wp-json\/wp\/v2\/pages"}],"about":[{"href":"https:\/\/www.esteio.com.br\/en\/wp-json\/wp\/v2\/types\/page"}],"author":[{"embeddable":true,"href":"https:\/\/www.esteio.com.br\/en\/wp-json\/wp\/v2\/users\/1"}],"replies":[{"embeddable":true,"href":"https:\/\/www.esteio.com.br\/en\/wp-json\/wp\/v2\/comments?post=2074"}],"version-history":[{"count":3,"href":"https:\/\/www.esteio.com.br\/en\/wp-json\/wp\/v2\/pages\/2074\/revisions"}],"predecessor-version":[{"id":6808,"href":"https:\/\/www.esteio.com.br\/en\/wp-json\/wp\/v2\/pages\/2074\/revisions\/6808"}],"up":[{"embeddable":true,"href":"https:\/\/www.esteio.com.br\/en\/wp-json\/wp\/v2\/pages\/2046"}],"wp:featuredmedia":[{"embeddable":true,"href":"https:\/\/www.esteio.com.br\/en\/wp-json\/wp\/v2\/media\/6807"}],"wp:attachment":[{"href":"https:\/\/www.esteio.com.br\/en\/wp-json\/wp\/v2\/media?parent=2074"}],"curies":[{"name":"wp","href":"https:\/\/api.w.org\/{rel}","templated":true}]}}