{"id":2080,"date":"2017-05-11T19:49:40","date_gmt":"2017-05-11T19:49:40","guid":{"rendered":"http:\/\/esteio.com.br\/?page_id=2080"},"modified":"2017-05-22T17:57:06","modified_gmt":"2017-05-22T17:57:06","slug":"fotogrametria-terrestre","status":"publish","type":"page","link":"https:\/\/www.esteio.com.br\/en\/executados\/fotogrametria-terrestre\/","title":{"rendered":"Fotogrametria Terrestre"},"content":{"rendered":"<p>A Fotogrametria Terrestre consiste nas atividades de capta\u00e7\u00e3o de dados gr\u00e1ficos por meio da Fotogrametria utilizando como sensor uma c\u00e2mara m\u00e9trica terrestre.<\/p>\n<p>As finalidades deste tipo de levantamento s\u00e3o a investiga\u00e7\u00e3o para obrten\u00e7\u00e3o rela\u00e7\u00f5es precisas entre objetos e componentes do objeto imageado para servi\u00e7os especializados de medi\u00e7\u00e3o e controle de deforma\u00e7\u00f5es, restaura\u00e7\u00e3o de patrim\u00f4nio arquitet\u00f4nico ou de engenharia civil, restaura\u00e7\u00e3o de monumentos e arqueologia.<\/p>\n","protected":false},"excerpt":{"rendered":"<p>A Fotogrametria Terrestre consiste nas atividades de capta\u00e7\u00e3o de dados gr\u00e1ficos por meio da Fotogrametria utilizando como sensor uma c\u00e2mara m\u00e9trica terrestre. As finalidades deste tipo de levantamento s\u00e3o a &#8230;<\/p>\n","protected":false},"author":1,"featured_media":0,"parent":1290,"menu_order":0,"comment_status":"closed","ping_status":"closed","template":"template-left-sidebar.php","meta":{"footnotes":""},"class_list":["post-2080","page","type-page","status-publish","hentry"],"_links":{"self":[{"href":"https:\/\/www.esteio.com.br\/en\/wp-json\/wp\/v2\/pages\/2080","targetHints":{"allow":["GET"]}}],"collection":[{"href":"https:\/\/www.esteio.com.br\/en\/wp-json\/wp\/v2\/pages"}],"about":[{"href":"https:\/\/www.esteio.com.br\/en\/wp-json\/wp\/v2\/types\/page"}],"author":[{"embeddable":true,"href":"https:\/\/www.esteio.com.br\/en\/wp-json\/wp\/v2\/users\/1"}],"replies":[{"embeddable":true,"href":"https:\/\/www.esteio.com.br\/en\/wp-json\/wp\/v2\/comments?post=2080"}],"version-history":[{"count":3,"href":"https:\/\/www.esteio.com.br\/en\/wp-json\/wp\/v2\/pages\/2080\/revisions"}],"predecessor-version":[{"id":2518,"href":"https:\/\/www.esteio.com.br\/en\/wp-json\/wp\/v2\/pages\/2080\/revisions\/2518"}],"up":[{"embeddable":true,"href":"https:\/\/www.esteio.com.br\/en\/wp-json\/wp\/v2\/pages\/1290"}],"wp:attachment":[{"href":"https:\/\/www.esteio.com.br\/en\/wp-json\/wp\/v2\/media?parent=2080"}],"curies":[{"name":"wp","href":"https:\/\/api.w.org\/{rel}","templated":true}]}}