{"id":2094,"date":"2017-05-12T12:15:59","date_gmt":"2017-05-12T12:15:59","guid":{"rendered":"http:\/\/esteio.com.br\/?page_id=2094"},"modified":"2017-12-08T12:48:15","modified_gmt":"2017-12-08T12:48:15","slug":"gpr","status":"publish","type":"page","link":"https:\/\/www.esteio.com.br\/en\/executados\/gpr\/","title":{"rendered":"Ground Penetrating Radar ou Georadar"},"content":{"rendered":"<p>O GPR transformou-se em uma ferramenta importante na localiza\u00e7\u00e3o de tubula\u00e7\u00f5es e cabos enterrados. Evitar interfer\u00eancias enterradas existentes \u00e9 um pr\u00e9-requisito para toda a implanta\u00e7\u00e3o de novos empreendimentos. O GPR fornece dados para a avalia\u00e7\u00e3o de novos tra\u00e7ados e identifica\u00e7\u00e3o de obst\u00e1culos enterrados. O planejamento antes da escava\u00e7\u00e3o reduz custos e evita imprevistos no momento da implanta\u00e7\u00e3o da obra.<\/p>\n<p>Esta metodologia de identificar a subsuperficie do terreno est\u00e1 crescendo rapidamente. Envolve a posi\u00e7\u00e3o de elaborar plantas sistem\u00e1ticas das interfer\u00eancias enterradas dentro de uma \u00e1rea geogr\u00e1fica. A informa\u00e7\u00e3o \u00e9 gravada em uma base de dados para os projetos futuros. O papel do GPR \u00e9 eficiente pois pode posicionar tubula\u00e7\u00f5es pl\u00e1sticas, de concreto e met\u00e1licas.<\/p>\n<p>A explora\u00e7\u00e3o com GPR \u00e9 limitada pela condutividade e pela composi\u00e7\u00e3o do solo. Felizmente, a maioria das tubula\u00e7\u00f5es e de cabos s\u00e3o enterrados em profundidades rasas e o GPR pode detectar uma boa variedade dos materiais.<\/p>\n","protected":false},"excerpt":{"rendered":"<p>O GPR transformou-se em uma ferramenta importante na localiza\u00e7\u00e3o de tubula\u00e7\u00f5es e cabos enterrados. Evitar interfer\u00eancias enterradas existentes \u00e9 um pr\u00e9-requisito para toda a implanta\u00e7\u00e3o de novos empreendimentos. O GPR &#8230;<\/p>\n","protected":false},"author":1,"featured_media":0,"parent":1290,"menu_order":0,"comment_status":"closed","ping_status":"closed","template":"template-left-sidebar.php","meta":{"footnotes":""},"class_list":["post-2094","page","type-page","status-publish","hentry"],"_links":{"self":[{"href":"https:\/\/www.esteio.com.br\/en\/wp-json\/wp\/v2\/pages\/2094","targetHints":{"allow":["GET"]}}],"collection":[{"href":"https:\/\/www.esteio.com.br\/en\/wp-json\/wp\/v2\/pages"}],"about":[{"href":"https:\/\/www.esteio.com.br\/en\/wp-json\/wp\/v2\/types\/page"}],"author":[{"embeddable":true,"href":"https:\/\/www.esteio.com.br\/en\/wp-json\/wp\/v2\/users\/1"}],"replies":[{"embeddable":true,"href":"https:\/\/www.esteio.com.br\/en\/wp-json\/wp\/v2\/comments?post=2094"}],"version-history":[{"count":2,"href":"https:\/\/www.esteio.com.br\/en\/wp-json\/wp\/v2\/pages\/2094\/revisions"}],"predecessor-version":[{"id":2519,"href":"https:\/\/www.esteio.com.br\/en\/wp-json\/wp\/v2\/pages\/2094\/revisions\/2519"}],"up":[{"embeddable":true,"href":"https:\/\/www.esteio.com.br\/en\/wp-json\/wp\/v2\/pages\/1290"}],"wp:attachment":[{"href":"https:\/\/www.esteio.com.br\/en\/wp-json\/wp\/v2\/media?parent=2094"}],"curies":[{"name":"wp","href":"https:\/\/api.w.org\/{rel}","templated":true}]}}