{"id":2141,"date":"2017-05-12T14:42:19","date_gmt":"2017-05-12T14:42:19","guid":{"rendered":"http:\/\/esteio.com.br\/?page_id=2141"},"modified":"2019-10-04T14:23:46","modified_gmt":"2019-10-04T14:23:46","slug":"congressos","status":"publish","type":"page","link":"https:\/\/www.esteio.com.br\/en\/empresa\/congressos\/","title":{"rendered":"Congressos"},"content":{"rendered":"A ESTEIO est\u00e1 sempre presente nos principais eventos nacionais e internacionais de suas \u00e1reas de atua\u00e7\u00e3o.<\/p>\n<p>Destacamos aqui os principais eventos que participamos:<\/p>\n<p class=\"subtitulo\">Internacionais<\/p>\n<p class=\"subtitulo1\">2010s<\/p>\n<p>InterGEO Conference and Trade Fair for Geodesy, Geoinformation anda Land Management &#8211; Stuttgart &#8211; Germany &#8211; 2015<br \/>\n55th Photogrammetric Week &#8211; University of Stuttgart &#8211; Stuttgart &#8211; Germany &#8211; 2015<br \/>\nHXGN Live 2014 &#8211; Hexagon Global Network &#8211; Las Vegas &#8211; USA &#8211; 2014<br \/>\n54th Photogrammetric Week &#8211; University of Stuttgart &#8211; Stuttgart &#8211; Germany &#8211; 2013<br \/>\nHXGN Live 2013 &#8211; Hexagon Global Network &#8211; Las Vegas &#8211; USA &#8211; 2013<br \/>\nRio Pipeline 2013 &#8211; Conferece &amp; Exposition &#8211; 2013<br \/>\nRio Pipeline 2011 &#8211; Conferece &amp; Exposition &#8211; 2011<br \/>\n53th Photogrammetric Week &#8211; University of Stuttgart &#8211; Stuttgart &#8211; Germany &#8211; 2011<br \/>\n6th International Conference on Dam Engineering &#8211; Lisboa &#8211; Portugal &#8211; 2011<br \/>\nSPAR 2010 \u2212 3D Imaging &amp; Positioning for Engineering, Construction, Manufacturing, Security \u2212 The Woodlands (Houston) \u2212 Texas \u2212 EUA \u2212 2010<\/p>\n<p class=\"subtitulo1\">2000s<\/p>\n<p>52th Photogrammetric Week &#8211; University of Stuttgart &#8211; Stuttgart &#8211; Germany &#8211; 2009<br \/>\nInternational LiDAR Mapping Forum \u2212 Denver \u2212 USA \u2212 2008<br \/>\nASPRS 2008 Annual Conference \u2212 Portland \u2212 Oregon \u2212 EUA \u2212 2008<br \/>\nInternational Pipeline Conference \/ Exposition \u2212 Calgary \u2212 Alberta \u2212 Canad\u00e1 \u2212 2008<br \/>\nLeica Geosystems \u2212 Airborne Sensor Workshop \u2212 Zurich \u2212 Switzerland \u2212 2007<br \/>\nInterGEO Conference &amp; Exposition \u2212 Leipzig \u2212 Alemanha \u2212 2007<br \/>\nOTC 2007 Off Shore Tecnology Conference \u2212 Houston \u2212 Texas \u2212 EUA \u2212 2007<br \/>\nASPRS 2007 Annual Conference \u2212 Tampa \u2212 Florida \u2212 EUA \u2212 2007<br \/>\nInternational Pipeline Conference \/ Exposition \u2212 Calgary \u2212 Alberta \u2212 Canad\u00e1 \u2212 2006<br \/>\nASPRS 2006 Annual Conference \u2212 Reno \u2212 Nevada \u2212 EUA \u2212 2006<br \/>\nLeica Geosystems Airborne Digital Sensor Workshop \u2212 Denver \u2212 Colorado \u2212 EUA \u2212 2005<br \/>\n49th Photogrammetric Week &#8211; University of Stuttgart &#8211; Stuttgart &#8211; Germany &#8211; 2003<br \/>\n7\u00b0 Congreso y Expo Internacional de Ductos.<br \/>\nComit\u00e9 de Ductos de Petr\u00f3leos Mexicanos y Organismos Subsidiarios Puebla \u2212 M\u00e9xico \u2212 2003<br \/>\nBrasil \u2212 China Trade Fair \u2212 Xangai \u2212 China \u2212 2002<br \/>\nConfer\u00eancia Internacional sobre Dutos e Exposi\u00e7\u00e3o \u2212 Calgary \u2212 Alberta \u2212 Canad\u00e1 \u2212 2002<br \/>\n48th Photogrammetric Week &#8211; University of Stuttgart &#8211; Stuttgart &#8211; Germany &#8211; 2001<br \/>\n2000 International Pipeline Conference \u2212 Calgary \u2212 Alberta \u2212 Canada \u2212 2000<\/p>\n<p class=\"subtitulo1\">90s<\/p>\n<p>47th Photogrammetric Week &#8211; University of Stuttgart &#8211; Stuttgart &#8211; Germany &#8211; 1999<br \/>\nExposi\u00e7\u00e3o e Confer\u00eancia Internacional em Sistemas de Informa\u00e7\u00e3o Geogr\u00e1fica, promovido por &#8220;USIG \u2212 Association of Geographic Information Systems Users&#8221;, Lisboa\/Portugal \u2212 1998<br \/>\n46th Photogrammetric Week &#8211; University of Stuttgart &#8211; Stuttgart &#8211; Germany &#8211; 1997<br \/>\n45th Photogrammetric Week &#8211; University of Stuttgart &#8211; Stuttgart &#8211; Germany &#8211; 1995<br \/>\n17\u00aa Confer\u00eancia Internacional de Cartografia e 10\u00aa Assembl\u00e9ia Geral de ICA\/ACI \u2212 Barcelona \u2212 1995<br \/>\nPrimeiro Curso de Fotogrametria Digital, pela Universitat Bonn e Landesvermessungsamt NRW \u2212 Bonn \/ Bad Godesberg \u2212 Alemanha, 1995<br \/>\n44th Photogrammetric Week &#8211; University of Stuttgart &#8211; Stuttgart &#8211; Germany &#8211; 1993<br \/>\n17\u00b0 Congresso ISPRS \u2212 Sociedade Internacional de Fotogrametria e Sensoriamento Remoto \u2212 Washington, USA \u2212 1992<br \/>\n43th Photogrammetric Week &#8211; University of Stuttgart &#8211; Stuttgart &#8211; Germany &#8211; 1991<\/p>\n<p class=\"subtitulo1\">80s<\/p>\n<p>Semin\u00e1rio Internacional sobre Cadastro R\u00fastico e Urbano Multifuncional \u2212 Lisboa\/Funchal, Portugal \u2212 1989<br \/>\n42th Photogrammetric Week &#8211; University of Stuttgart &#8211; Stuttgart &#8211; Germany &#8211; 1989<br \/>\nII Congresso Hispano\u2212Americano de Cadastro \u2212 Montevideo \u2212 Uruguai \u2212 1989<br \/>\nIV Simp\u00f3sio Latino\u2212Americano de Sensoriamento Remoto \u2212 Bariloche, Argentina \u2212 1989<br \/>\n16\u00b0 Congresso ISPRS \u2212 Sociedade Internacional de Fotogrametria e Sensoriamento Remoto \u2212 Kyoto, Jap\u00e3o \u2212 1988<br \/>\nIII Simp\u00f3sio Latino\u2212Americano de Sensoriamento Remoto \u2212 Acapulco, M\u00e9xico \u2212 1988<br \/>\n41th Photogrammetric Week &#8211; University of Stuttgart &#8211; Stuttgart &#8211; Germany &#8211; 1987<br \/>\nEstudo de Aperfei\u00e7oamento em Constru\u00e7\u00e3o e Conserva\u00e7\u00e3o de Rodovias, pelo Laboratoire des Ponts et Chauss\u00e9es \u2212 Paris, Fran\u00e7a \u2212 1980<br \/>\nCurso de Pavimenta\u00e7\u00e3o Rodovi\u00e1ria, pelo Laboratoire des Ponts et Chauss\u00e9es \u2212 Paris, Fran\u00e7a \u2212 1979<\/p>\n<p class=\"subtitulo\">NACIONAIS<\/p>\n<p class=\"subtitulo1\">2010s<\/p>\n<p>MundoGEO#Connect 2015 &#8211; S\u00e3o Paulo\/SP &#8211; 2015<br \/>\nXXVI Congresso Brasileiro de Cartografia &#8211; SBC &#8211; Gramado &#8211; 2014<br \/>\nMundoGEO#connect 2014 &#8211; S\u00e3o &#8211; 2014<br \/>\nMundoGEO#connect 2013 &#8211; S\u00e3o &#8211; 2013<br \/>\nMundoGEO#Connect 2012 &#8211; S\u00e3o Paulo\/SP &#8211; 2012<br \/>\nWorkshop &#8220;Fotogrametria: Realidade Atual e Perspectivas Futuras&#8221; &#8211; Recife\/PE &#8211; 2011<br \/>\nMundoGEO#Connect 2011 &#8211; S\u00e3o Paulo\/SP &#8211; 2011<br \/>\nXV SBSR &#8211; Simp\u00f3sio Brasileiro de Sensoriamento Remoto &#8211; Curitiba\/PR &#8211; 2011<br \/>\nBrasil Road Expo 2011 &#8211; S\u00e3o Paulo\/SP &#8211; 2011<br \/>\nConfer\u00eancia Brasil OFF SHORE &#8211; Maca\u00e9\/RJ &#8211; 2011<br \/>\nI Simp\u00f3sio de Investiga\u00e7\u00e3o de Campo em Geotecnia &#8211; Unicamp &#8211; Campinas\/SP &#8211; 2011<br \/>\nMesa Redonda &#8211; Geotecnia e Desastres Naturais &#8211; Curitiba\/PR &#8211; 2011<br \/>\nIII Simp\u00f3sio Brasileiro de Ci\u00eancias Geod\u00e9sicas e Tecnologias da Geoinforma\u00e7\u00e3o &#8211; Recife\/PE &#8211; 2010<br \/>\nWorkshop \u2212 IDS e a Tecnologia GPR \u2212 Inst. Geoci\u00eancias \u2212 USP \u2212S\u00e3o Paulo\/SP &#8211; 2010<\/p>\n<p class=\"subtitulo1\">2000s<\/p>\n<p>VIII ENECART &#8211; Encontro Nacional de Engenheiros Cart\u00f3grafos &#8211; UNESP \/ Presidente Prudente\/SP &#8211; 2009<br \/>\nXIV SBSR &#8211; Simp\u00f3sio Brasileiro de Sensoriamento Remoto &#8211; Natal\/RN &#8211; 2009<br \/>\nVI Col\u00f3quio Brasileiro de Ci\u00eancias Geod\u00e9sicas \u2212 UFPR \u2212 Curitiba\/PR \u2212 2009<br \/>\nRio Pipeline 2009 Conference &amp; Exposition \u2212 Rio de Janeiro\/RJ \u2212 2009<br \/>\n1\u00b0 Workshop Geot\u00e9nico\u2212Geol\u00f3gico das Cat\u00e1strofes Naturais em Santa Catarina \u2212 Florian\u00f3polis\/SC \u2212 2009<br \/>\nCongresso Brasileiro de Geologia, Curitiba\/PR \u2212 2008<br \/>\nII Workshop sobre Projeto e Constru\u00e7\u00e3o de Travessias de Dutos Terrestres \u2212 Rio de Janeiro\/RJ \u2212 2008<br \/>\nI Workshop de Processamento de Dados LASER \u2212 Four Points Sheraton \u2212 Curitiba\/PR \u2212 2008<br \/>\nWorkshop sobre Projeto e Constru\u00e7\u00e3o de Travessias de Dutos Terrestres \u2212 ABGE \/ PUC\u2212RJ \u2212 2008<br \/>\nGeo Summit Latin America \u2212 Centro de Exposi\u00e7\u00f5es Imigrantes \u2212 S\u00e3o Paulo\/SP \u2212 2008<br \/>\nGEOSUL \u2212 Simp\u00f3sio de Pr\u00e1tica de Engenharia Geot\u00e9cnica da Regi\u00e3o Sul \u2212 Florian\u00f3polis\/SC \u2212 2008<br \/>\nRio Pipeline Conference &amp; Exposition 2007 \u2212 Rio de Janeiro\/RJ \u2212 2007<br \/>\nGeoBrasil Summit \u2212 7\u00b0 Congresso e Feira Internacional de Geoinforma\u00e7\u00e3o \u2212 S\u00e3o Paulo\/SP \u2212 2006<br \/>\nRio Pipeline 2005 Conference &amp; Exposition \u2212 Rio de Janeiro\/RJ \u2212 2005<br \/>\n1\u00b0 Semin\u00e1rio Internacional de Geotecnologias para Oleodutos e Gasodutos \u2212 S\u00e3o Paulo\/SP \u2212 2004<br \/>\n5.\u00b0 Congresso Internacional de Geoinforma\u00e7\u00e3o \u2212 GEOBrasil \u2212 S\u00e3o Paulo\/SP \u2212 2004<br \/>\nRio Pipeline 2003 Conference &amp; Exposition \u2212 Rio de Janeiro\/RJ \u2212 2003<br \/>\n3\u00b0 Semin\u00e1rio sobre Dutos \u2212 Instituto Brasileiro do Petr\u00f3leo \u2212 IBP \u2212 Rio de Janeiro\/RJ \u2212 2001<br \/>\nXX Congresso Brasileiro de Cartografia \u2212 Porto Alegre\/RS \u2212 2001<br \/>\nX SBSSR \u2212 Simp\u00f3sio Brasileiro de Sensoriamento Remoto \u2212 Foz do Igua\u00e7u\/PR \u2212 2001<br \/>\nX Simp\u00f3sio Brasileiro de Sensoriamento Remoto \u2212 Foz do Igua\u00e7u\/PR \u2212 2001<br \/>\nGisBrasil 2001 \u2212 VI Congresso e Feira para Usu\u00e1rios de Geoprocessamento da Am\u00e9rica Latina \u2212 Salvador\/BA \u2212 2001<br \/>\nGisBrasil 2000 \u2212 V Congresso e Feira para Usu\u00e1rios de Geoprocessamento da Am\u00e9rica Latina \u2212 Salvador\/BA \u2212 2000<br \/>\n4\u00b0 Congresso Brasileiro de Cadastro T\u00e9cnico Multifinalit\u00e1rio \u2212 Florian\u00f3polis\/SC \u2212 2000<\/p>\n<p class=\"subtitulo1\">90s<\/p>\n<p>GisBrasil 99 \u2212 IV Congresso e Feira para Usu\u00e1rios de Geoprocessamento da Am\u00e9rica Latina \u2212 Salvador\/BA \u2212 1999<br \/>\nXIX Congresso Brasileiro de Cartografia \u2212 Recife\/PE \u2212 1999<br \/>\nExpoGEO BRASIL 99 \u2212 Congresso e Exposi\u00e7\u00e3o de Geotecnologias do Brasil \u2212 Curitiba\/PR \u2212 1999<br \/>\n2\u00b0 Semin\u00e1rio de Dutos \u2212 Rio de Janeiro\/RJ \u2212 1999<br \/>\nGisBrasil 98 \u2212 IV Congresso e Feira para Usu\u00e1rios de Geoprocessamento da Am\u00e9rica Latina \u2212 Curitiba\/PR \u2212 1998<br \/>\nGisBrasil 97 \u2212 III Congresso e Feira para Usu\u00e1rios de Geoprocessamento da Am\u00e9rica Latina \u2212 Curitiba\/PR \u2212 1997<br \/>\n1\u00b0 Semin\u00e1rio de Dutos \u2212 Rio de Janeiro\/RJ \u2212 1997<br \/>\nGisBrasil 96 \u2212 II Congresso e Feira para Usu\u00e1rios de Geoprocessamento da Am\u00e9rica Latina \u2212 Curitiba\/PR \u2212 1996<br \/>\n8\u00aa SECART \u2212 Semana da Cartografia \u2212 Curitiba\/PR \u2212 1992<br \/>\n7\u00b0 ENECART \u2212 Encontro Nacional dos Engenheiros Cart\u00f3grafos \u2212 Curitiba\/PR \u2212 1992<br \/>\n2\u00b0 Semin\u00e1rio Paranaense sobre Cadastro T\u00e9cnico e Planejamento Municipal \u2212 Curitiba\/PR \u2212 1991<br \/>\nXV Congresso Brasileiro de Cartografia \u2212 S\u00e3o Paulo\/SP \u2212 1991<br \/>\n1\u00b0 Semin\u00e1rio Ga\u00facho de Geoprocessamento e Computa\u00e7\u00e3o Gr\u00e1fica Aplicados ao Planejamento Urbano e Regional \u2212 Porto Alegre\/RS \u2212 1991<br \/>\n1\u00b0 Semin\u00e1rio Paranaense sobre Cadastro T\u00e9cnico e Planejamento Municipal \u2212 Curitiba\/PR \u2212 1990<br \/>\nVI Simp\u00f3sio Brasileiro de Sensoriamento Remoto \u2212 Manaus\/AM \u2212 1990<br \/>\nSimp\u00f3sio Brasileiro de Cadastro Multiuso \u2212 S\u00e3o Paulo\/SP \u2212 1990<\/p>\n<p class=\"subtitulo1\">80s<\/p>\n<p>Encontro Nacional de Sensoriamento Remoto Aplicado ao Planejamento Municipal \u2212 Campos do Jord\u00e3o\/SP \u2212 1989<br \/>\nXIV Congresso Brasileiro de Cartografia \u2212 Gramado\/RS \u2212 1989 V Simp\u00f3sio Brasileiro de Sensoriamento Remoto \u2212 Natal\/RN \u2212 1988<br \/>\n2\u00b0 Encontro Paranaense de Engenheiros Civis \u2212 Curitiba\/PR \u2212 1987<br \/>\nXIII Congresso Brasileiro de Cartografia \u2212 Bras\u00edlia\/DF \u2212 1987<br \/>\nI Semin\u00e1rio sobre Global Positioning System\u2212GPS \u2212 Curitiba\/PR \u2212 1987<br \/>\n22\u00aa Reuni\u00e3o Anual de Pavimenta\u00e7\u00e3o ABPV\u2212Macei\u00f3\/AL \u2212 1987<br \/>\nI SENCTRU \u2212 Semin\u00e1rio Nacional de Cadastro T\u00e9cnico Rural e Urbano \u2212 Curitiba\/PR \u2212 1987<br \/>\nCurso de Projeto e Restaura\u00e7\u00e3o de Pavimentos Flex\u00edveis e Semi\u2212R\u00edgidos, pelo Instituto de Pesquisas Rodovi\u00e1rias e DNER\u2212Departamento Nacional de Estradas de Rodagem \u2212 Rio de Janeiro\/RJ \u2212 1985<br \/>\n2\u00aa Reuni\u00e3o de Pavimenta\u00e7\u00e3o Urbana, pela Sociedade Brasileira de Cimento Portland \u2212 Curitiba\/PR \u2212 1981<br \/>\nSemin\u00e1rio sobre Mercado Financeiro, pelo Instituto de Engenharia do Paran\u00e1 \u2212 Curitiba\/PR \u2212 1981<br \/>\nII Curso Avan\u00e7ado de Engenharia de Avalia\u00e7\u00f5es, pelo Instituto de Engenharia do Paran\u00e1 \u2212 Curitiba\/PR \u2212 1981","protected":false},"excerpt":{"rendered":"<p>A ESTEIO est\u00e1 sempre presente nos principais eventos nacionais e internacionais de suas \u00e1reas de atua\u00e7\u00e3o. Destacamos aqui os principais eventos que participamos: Internacionais 2010s InterGEO Conference and Trade Fair &#8230;<\/p>\n","protected":false},"author":1,"featured_media":0,"parent":2130,"menu_order":0,"comment_status":"closed","ping_status":"closed","template":"","meta":{"footnotes":""},"class_list":["post-2141","page","type-page","status-publish","hentry"],"_links":{"self":[{"href":"https:\/\/www.esteio.com.br\/en\/wp-json\/wp\/v2\/pages\/2141","targetHints":{"allow":["GET"]}}],"collection":[{"href":"https:\/\/www.esteio.com.br\/en\/wp-json\/wp\/v2\/pages"}],"about":[{"href":"https:\/\/www.esteio.com.br\/en\/wp-json\/wp\/v2\/types\/page"}],"author":[{"embeddable":true,"href":"https:\/\/www.esteio.com.br\/en\/wp-json\/wp\/v2\/users\/1"}],"replies":[{"embeddable":true,"href":"https:\/\/www.esteio.com.br\/en\/wp-json\/wp\/v2\/comments?post=2141"}],"version-history":[{"count":12,"href":"https:\/\/www.esteio.com.br\/en\/wp-json\/wp\/v2\/pages\/2141\/revisions"}],"predecessor-version":[{"id":4775,"href":"https:\/\/www.esteio.com.br\/en\/wp-json\/wp\/v2\/pages\/2141\/revisions\/4775"}],"up":[{"embeddable":true,"href":"https:\/\/www.esteio.com.br\/en\/wp-json\/wp\/v2\/pages\/2130"}],"wp:attachment":[{"href":"https:\/\/www.esteio.com.br\/en\/wp-json\/wp\/v2\/media?parent=2141"}],"curies":[{"name":"wp","href":"https:\/\/api.w.org\/{rel}","templated":true}]}}