{"id":2183,"date":"2017-05-15T13:16:51","date_gmt":"2017-05-15T13:16:51","guid":{"rendered":"http:\/\/esteio.com.br\/?page_id=2183"},"modified":"2023-04-13T16:56:59","modified_gmt":"2023-04-13T16:56:59","slug":"correios","status":"publish","type":"page","link":"https:\/\/www.esteio.com.br\/en\/executados\/gpr\/correios\/","title":{"rendered":"Levantamento GPR na Ag\u00eancia Central dos Correios em Curitiba"},"content":{"rendered":"[IMAGEM_CAROUSEL]\n<p class=\"subtitulo\">Introdu\u00e7\u00e3o<\/p>\n<p>Este servi\u00e7o refere-se a levantamentos de GPR (Ground Penetrating Radar) realizados no pr\u00e9dio da Ag\u00eancia Central dos Correios em Curitiba, conhecido como Correio Velho: nome popular da primeira ag\u00eancia oficial de correios e tel\u00e9grafos, constru\u00edda em 1934. Sua edifica\u00e7\u00e3o foi considerada um marco da modernidade no Estado na d\u00e9cada de 1930, com ilumina\u00e7\u00e3o potente, elevadores, rel\u00f3gios eletr\u00f4nicos e instala\u00e7\u00f5es telegr\u00e1ficas. Atualmente o pr\u00e9dio \u00e9 tombado pelo Patrim\u00f4nio Hist\u00f3rico e face \u00e0 necessidade de obras de amplia\u00e7\u00e3o, foram solicitados levantamentos de GPR com o intuito de verificar a eventual presen\u00e7a de antigas estruturas de cunho hist\u00f3rico e\/ou arqueol\u00f3gico.<\/p>\n<p>A identifica\u00e7\u00e3o destes elementos, em conjunto com outros dados, serve de base para um adequado planejamento das futuras obras a serem realizadas neste pr\u00e9dio.<\/p>\n<p>A realiza\u00e7\u00e3o destes servi\u00e7os teve como objetivo complementar informa\u00e7\u00f5es oriundas de sondagens, po\u00e7os e trincheiras realizadas em pontos espec\u00edficos do pr\u00e9dio em uma etapa anterior, aumentando assim a cobertura da \u00e1rea investigada, sem a necessidade de abrir e quebrar outros locais do piso, j\u00e1 que o GPR \u00e9 um m\u00e9todo de investiga\u00e7\u00e3o n\u00e3o invasivo e de alta precis\u00e3o<\/p>\n<p>Estes levantamentos foram executados no m\u00eas de janeiro de 2009, distribu\u00eddos junto a alguns pilares do pr\u00e9dio, de acordo com orienta\u00e7\u00f5es dos ge\u00f3logos envolvidos no projeto e com base nas plantas fornecidas pelo Correios \/ Geplan.<\/p>\n<p class=\"subtitulo\">Metodologia<\/p>\n<p>Os levantamentos com o GPR (Ground Penetrating Radar) ou GEORADAR, como tamb\u00e9m \u00e9 conhecido, resumem-se em arrastar lentamente uma antena (transmissor e receptor) ao longo das \u00e1reas de interesse.<\/p>\n<p>A antena \u00e9 ligada a uma unidade de controle, por um cabo coaxial, respons\u00e1vel por gerenciar todos os par\u00e2metros de aquisi\u00e7\u00e3o e armazenamentos dos dados.<\/p>\n<p>Neste estudo, os dados foram adquiridos atrav\u00e9s de perfilagem cont\u00ednua, com arranjo monoest\u00e1tico, ou seja, a mesma antena, de 200 ou 400 MHz, possui a finalidade de transmissora e receptora das ondas eletromagn\u00e9ticas. A fim de minimizar o efeito da diverg\u00eancia esf\u00e9rica, caracterizado pela atenua\u00e7\u00e3o das ondas no meio propagado, aplica-se um ganho, durante a aquisi\u00e7\u00e3o, a partir da an\u00e1lise da amplitude dos tra\u00e7os em fun\u00e7\u00e3o do tempo.<\/p>\n<p>A posi\u00e7\u00e3o geogr\u00e1fica dos perfis realizados foi referenciada a pontos not\u00e1veis, com base nas plantas de projeto fornecidas pelos Correios \/ Geplan. Para tanto, durante a aquisi\u00e7\u00e3o dos perfis, utilizou-se um distanci\u00f4metro (survey wheel), acoplado a antena que automaticamente cria \u201cmarcas\u201d a intervalos regulares previamente definidos, de tal forma que, sabendo-se a localiza\u00e7\u00e3o de in\u00edcio e fim de cada se\u00e7\u00e3o, \u00e9 poss\u00edvel georeferenciar cada ponto levantado pelo GPR.<\/p>\n<p>O sinal enviado pela antena, basicamente constitui-se de um impulso de dura\u00e7\u00e3o muito pequena, da ordem de nanosegundos e o tempo de retorno deste sinal varia de acordo com a decis\u00e3o do operador, em fun\u00e7\u00e3o dos objetivos e alcances do estudo.<\/p>\n<p>A decis\u00e3o da antena a ser utilizada varia em fun\u00e7\u00e3o das dimens\u00f5es e das profundidades dos objetos refletores a serem estudados, bem como dos objetivos da investiga\u00e7\u00e3o e dos par\u00e2metros el\u00e9tricos do terreno (condutividade el\u00e9trica e permeabilidade magn\u00e9tica).<\/p>\n<p>Os dados obtidos durante o levantamento s\u00e3o ent\u00e3o armazenados na unidade central, que posteriormente s\u00e3o transferidos para um computador a fim de serem processados e interpretados.<\/p>\n<p class=\"subtitulo\">Resultados Obtidos<\/p>\n<ol class=\"breadcrumb\">\n<li class=\"active\">\n<ul>\n<li>Praticamente todos os perfis indicam a presen\u00e7a de interfer\u00eancias, sendo elas representadas por redes de drenagens, cabos, tubos, estruturas met\u00e1licas etc.<\/li>\n<li>A representa\u00e7\u00e3o destas interfer\u00eancias, nos perfis realizados, \u00e9 poss\u00edvel a partir da interpreta\u00e7\u00e3o da geometria dos diversos refletores encontrados. De modo geral estes refletores se apresentam como hip\u00e9rboles, em caixa, planos paralelos, etc.<\/li>\n<li>Nos perfis realizados n\u00e3o foram identificados refletores que apresentem continuidade lateral e densidade de sinal que sugiram a eventual presen\u00e7a de funda\u00e7\u00f5es e\/ou antigos alicerces (edifica\u00e7\u00f5es hist\u00f3ricas \/ arqueol\u00f3gicas).<\/li>\n<li>No perfil 1, realizado na entrada dos fundos do pr\u00e9dio, observa-se nitidamente que as estruturas da mureta de concreto, bem como as camadas de solo subjacentes, apresentam-se deformadas, indicando a ocorr\u00eancia de um recalque. Em superf\u00edcie pode-se notar a presen\u00e7a de rachaduras ao longo do piso.<\/li>\n<li>No perfil 3, nas proximidades da entrada principal, nota-se um refletor muito marcante e de alta continuidade lateral para uma profundidade aproximada de 1,00 metro. Este refletor foi associado \u00e0 presen\u00e7a de um n\u00edvel vazio (ar), relacionado ao por\u00e3o que se encontra abaixo do piso. Neste mesmo perfil observa-se outro refletor marcante e inclinado que foi correlacionado a presen\u00e7a lateral dos po\u00e7os dos elevadores (ar e cabos met\u00e1licos).<\/li>\n<li>Em alguns perfis a identifica\u00e7\u00e3o dos refletores foi prejudicada devido \u00e0 presen\u00e7a de ru\u00eddos. Este tipo de sinal indesejado esta relacionado principalmente a presen\u00e7a de fontes emissoras de energia eletromagn\u00e9tica, geralmente caracterizadas pela presen\u00e7a de redes el\u00e9tricas, r\u00e1dios transmissores, telefones celulares, etc. Nas \u00e1reas investigadas \u00e9 comum a presen\u00e7a de todas estas fontes.<\/li>\n<li>Os perfis realizados foram executados atrav\u00e9s de uma malha, com linhas longitudinais e ortogonais, programadas junto aos pilares, de acordo com as plantas de projeto, com espa\u00e7amentos variados em fun\u00e7\u00e3o da presen\u00e7a de anteparos locais.<\/li>\n<li>Para este levantamento foram realizados 14 perfis de GPR, totalizando 168,30 metros lineares, correspondente a varredura de 07 pilares do pr\u00e9dio dos Correios.<\/li>\n<li>O GPR se mostrou uma ferramenta complementar, de alta resolu\u00e7\u00e3o para o mapeamento arqueol\u00f3gico da \u00e1rea. Conforme mencionado, cabe salientar que al\u00e9m da precis\u00e3o destes levantamentos, esta metodologia \u00e9 conhecida como indireta ou n\u00e3o invasiva, ou seja, n\u00e3o h\u00e1 necessidade da abertura f\u00edsica de valas e\/ou trincheiras, que podem, al\u00e9m de danificar o piso local, impactar diretamente em prazos mais extensos e consequentemente danos ao andamento das obras.<\/li>\n<\/ul>\n<\/li>\n<\/ol>","protected":false},"excerpt":{"rendered":"<p>[IMAGEM_CAROUSEL] Introdu\u00e7\u00e3o Este servi\u00e7o refere-se a levantamentos de GPR (Ground Penetrating Radar) realizados no pr\u00e9dio da Ag\u00eancia Central dos Correios em Curitiba, conhecido como Correio Velho: nome popular da primeira &#8230;<\/p>\n","protected":false},"author":1,"featured_media":6614,"parent":2094,"menu_order":0,"comment_status":"closed","ping_status":"closed","template":"template-left-sidebar.php","meta":{"footnotes":""},"class_list":["post-2183","page","type-page","status-publish","has-post-thumbnail","hentry"],"_links":{"self":[{"href":"https:\/\/www.esteio.com.br\/en\/wp-json\/wp\/v2\/pages\/2183","targetHints":{"allow":["GET"]}}],"collection":[{"href":"https:\/\/www.esteio.com.br\/en\/wp-json\/wp\/v2\/pages"}],"about":[{"href":"https:\/\/www.esteio.com.br\/en\/wp-json\/wp\/v2\/types\/page"}],"author":[{"embeddable":true,"href":"https:\/\/www.esteio.com.br\/en\/wp-json\/wp\/v2\/users\/1"}],"replies":[{"embeddable":true,"href":"https:\/\/www.esteio.com.br\/en\/wp-json\/wp\/v2\/comments?post=2183"}],"version-history":[{"count":4,"href":"https:\/\/www.esteio.com.br\/en\/wp-json\/wp\/v2\/pages\/2183\/revisions"}],"predecessor-version":[{"id":6615,"href":"https:\/\/www.esteio.com.br\/en\/wp-json\/wp\/v2\/pages\/2183\/revisions\/6615"}],"up":[{"embeddable":true,"href":"https:\/\/www.esteio.com.br\/en\/wp-json\/wp\/v2\/pages\/2094"}],"wp:featuredmedia":[{"embeddable":true,"href":"https:\/\/www.esteio.com.br\/en\/wp-json\/wp\/v2\/media\/6614"}],"wp:attachment":[{"href":"https:\/\/www.esteio.com.br\/en\/wp-json\/wp\/v2\/media?parent=2183"}],"curies":[{"name":"wp","href":"https:\/\/api.w.org\/{rel}","templated":true}]}}