{"id":2187,"date":"2017-05-15T13:22:34","date_gmt":"2017-05-15T13:22:34","guid":{"rendered":"http:\/\/esteio.com.br\/?page_id=2187"},"modified":"2023-04-13T16:58:11","modified_gmt":"2023-04-13T16:58:11","slug":"dique-seco","status":"publish","type":"page","link":"https:\/\/www.esteio.com.br\/en\/executados\/gpr\/dique-seco\/","title":{"rendered":"Levantamento GPR para Constru\u00e7\u00e3o de Dique Seco"},"content":{"rendered":"[IMAGEM_CAROUSEL]\n<p>Este servi\u00e7o refere-se a levantamentos de GPR (Ground Penetrating Radar) realizados em \u00e1reas previstas para a constru\u00e7\u00e3o de um dique seco nas proximidades do Porto de Rio Grande &#8211; Rio Grande\/RS, com o intuito de identificar a presen\u00e7a de eventuais vest\u00edgios arqueol\u00f3gicos relacionados a presen\u00e7a de fortifica\u00e7\u00f5es e\/ou ocupa\u00e7\u00f5es hist\u00f3ricas da \u00e1rea.<\/p>\n<p>A presen\u00e7a de diversos fragmentos encontrados nesta \u00e1rea suscitou o interesse de arque\u00f3logos. Entretanto, embora os trabalhos de peneiramento e escava\u00e7\u00e3o j\u00e1 tivessem detectado a ocorr\u00eancia destes fragmentos, a presen\u00e7a de estruturas mais cont\u00ednuas, relacionadas a alicerces e\/ou funda\u00e7\u00f5es de antigas edifica\u00e7\u00f5es ainda n\u00e3o haviam sido identificadas. De forma a minimizar a necessidade de escava\u00e7\u00f5es diretas, decidiu-se pela utiliza\u00e7\u00e3o de uma t\u00e9cnica geof\u00edsica n\u00e3o destrutiva e de alta resolu\u00e7\u00e3o para pequenas profundidades (GPR), com o objetivo principal de localizar estas estruturas.<\/p>\n<p>Estes levantamentos foram executados no m\u00eas de Janeiro de 2007, distribu\u00eddos em \u00e1reas indicadas pela equipe de arqueologia, de acordo com plantas fornecidas pela empresa WTORRE.<\/p>\n<p class=\"subtitulo\">Metodologia<\/p>\n<p>Para este levantamento os dados foram adquiridos atrav\u00e9s de perfilagem cont\u00ednua, com arranjo monoest\u00e1tico, ou seja, a mesma antena (200 ou 400 MHz), possui a finalidade de transmissora e receptora das ondas eletromagn\u00e9ticas. A fim de minimizar o efeito da diverg\u00eancia esf\u00e9rica, caracterizado pela atenua\u00e7\u00e3o das ondas no meio propagado, aplica-se um ganho, durante a aquisi\u00e7\u00e3o, a partir da an\u00e1lise da amplitude dos tra\u00e7os em fun\u00e7\u00e3o do tempo.<\/p>\n<p>A posi\u00e7\u00e3o geogr\u00e1fica dos perfis realizados foi amarrada a piquetes pr\u00e9-fixados em campo pela equipe de topografia, de acordo com orienta\u00e7\u00e3o da equipe de arqueologia.<\/p>\n<p>Os perfis realizados foram executados em uma malha retil\u00ednea, com espa\u00e7amento de 5,0 em 5,0 metros, subdivididos conforme a planta de projeto, totalizando 1380 metros lineares em 48 perfis, perfazendo uma \u00e1rea de 3.100 m\u00b2.<\/p>\n<p>Durante a aquisi\u00e7\u00e3o dos perfis, utilizou-se tamb\u00e9m um distanci\u00f4metro (survey wlleel), acoplado a antena que automaticamente cria \u201cmarcas\u201d a intervalos regulares previamente definidas, de tal forma que, sabendo-se a localiza\u00e7\u00e3o de in\u00edcio e fim de cada se\u00e7\u00e3o, \u00e9 poss\u00edvel georeferenciar cada ponto levantado pelo GPR.<\/p>\n<p class=\"subtitulo\">Resultados Obtidos<\/p>\n<ol class=\"breadcrumb\">\n<li class=\"active\">\n<ul>\n<li>Nos perfis realizados n\u00e3o foram identificados refletores que apresentem continuidade lateral e densidade de sinal que sugiram a eventual presen\u00e7a de funda\u00e7\u00f5es e\/ou alicerces de antigas estruturas (edifica\u00e7\u00f5es).<\/li>\n<li>Praticamente todos os perfis indicaram a presen\u00e7a de interfer\u00eancias, sendo elas representadas por fragmentos de rocha, lou\u00e7a (cer\u00e2mica), metal e vidro. A dimens\u00e3o destes fragmentos varia de poucos mil\u00edmetros at\u00e9 aproximadamente 10,0 a 15,0 cm. Em alguns casos observam-se refletores na forma de hiperboles que indicam a presen\u00e7a de fragmentos met\u00e1licos de at\u00e9 50,0 cm.<\/li>\n<li>Por n\u00e3o ser objeto deste estudo, estes fragmentos (interfer\u00eancias) foram tratados de forma indiferenciada neste documento, exceto nos casos em que algum elemento superficial ou informa\u00e7\u00e3o adicional permita sua classifica\u00e7\u00e3o.<\/li>\n<li>A representa\u00e7\u00e3o destas interfer\u00eancias, nos perfis realizados, foi poss\u00edvel a partir da interpreta\u00e7\u00e3o da geometria dos diversos refletores encontrados. De modo geral estes refletores se apresentam como hip\u00e9rboles (geralmente fragmentos met\u00e1licos), em caixa, plano paralelos, etc.<\/li>\n<li>Em alguns perfis a identifica\u00e7\u00e3o das interfer\u00eancias foi prejudicada devido \u00e0 presen\u00e7a de n\u00edveis de composi\u00e7\u00e3o org\u00e2nica, associados a alta umidade, que ocasiona um aumento da condutividade, dificultando ou impedindo a penetra\u00e7\u00e3o das ondas eletromagn\u00e9ticas.<\/li>\n<li>Desta forma pode-se concluir que o GPR se mostrou como uma ferramenta complementar, de alta resolu\u00e7\u00e3o para o mapeamento arqueol\u00f3gico da \u00e1rea. Cabe salientar que al\u00e9m da precis\u00e3o destes levantamentos, esta metodologia \u00e9 conhecida como indireta ou n\u00e3o invasiva, ou seja, n\u00e3o h\u00e1 necessidade da abertura f\u00edsica de valas e\/ou trincheiras, que podem impactar diretamente em prazos e custos mais elevados.<\/li>\n<\/ul>\n<\/li>\n<\/ol>","protected":false},"excerpt":{"rendered":"<p>[IMAGEM_CAROUSEL] Este servi\u00e7o refere-se a levantamentos de GPR (Ground Penetrating Radar) realizados em \u00e1reas previstas para a constru\u00e7\u00e3o de um dique seco nas proximidades do Porto de Rio Grande &#8211; &#8230;<\/p>\n","protected":false},"author":1,"featured_media":0,"parent":2094,"menu_order":0,"comment_status":"closed","ping_status":"closed","template":"template-left-sidebar.php","meta":{"footnotes":""},"class_list":["post-2187","page","type-page","status-publish","hentry"],"_links":{"self":[{"href":"https:\/\/www.esteio.com.br\/en\/wp-json\/wp\/v2\/pages\/2187","targetHints":{"allow":["GET"]}}],"collection":[{"href":"https:\/\/www.esteio.com.br\/en\/wp-json\/wp\/v2\/pages"}],"about":[{"href":"https:\/\/www.esteio.com.br\/en\/wp-json\/wp\/v2\/types\/page"}],"author":[{"embeddable":true,"href":"https:\/\/www.esteio.com.br\/en\/wp-json\/wp\/v2\/users\/1"}],"replies":[{"embeddable":true,"href":"https:\/\/www.esteio.com.br\/en\/wp-json\/wp\/v2\/comments?post=2187"}],"version-history":[{"count":4,"href":"https:\/\/www.esteio.com.br\/en\/wp-json\/wp\/v2\/pages\/2187\/revisions"}],"predecessor-version":[{"id":6617,"href":"https:\/\/www.esteio.com.br\/en\/wp-json\/wp\/v2\/pages\/2187\/revisions\/6617"}],"up":[{"embeddable":true,"href":"https:\/\/www.esteio.com.br\/en\/wp-json\/wp\/v2\/pages\/2094"}],"wp:attachment":[{"href":"https:\/\/www.esteio.com.br\/en\/wp-json\/wp\/v2\/media?parent=2187"}],"curies":[{"name":"wp","href":"https:\/\/api.w.org\/{rel}","templated":true}]}}