{"id":2190,"date":"2017-05-15T13:23:33","date_gmt":"2017-05-15T13:23:33","guid":{"rendered":"http:\/\/esteio.com.br\/?page_id=2190"},"modified":"2023-04-13T16:58:33","modified_gmt":"2023-04-13T16:58:33","slug":"curimatau","status":"publish","type":"page","link":"https:\/\/www.esteio.com.br\/en\/executados\/gpr\/curimatau\/","title":{"rendered":"Levantamento GPR em Rio Curimata\u00fa-RN"},"content":{"rendered":"[IMAGEM_CAROUSEL]\n<p class=\"subtitulo\">Introdu\u00e7\u00e3o<\/p>\n<p>O presente servi\u00e7o refere-se a elabora\u00e7\u00e3o de um anteprojeto geom\u00e9trico para a execu\u00e7\u00e3o de um furo direcional na travessia do Rio Curimata\u00fa &#8211; RN &#8211; Munic\u00edpio de Pedro Velho. O objetivo da execu\u00e7\u00e3o desta obra era substituir um segmento do gasoduto Nordest\u00e3o, j\u00e1 que parte do cavalote existente encontrava-se exposto, devido principalmente a processos erosivos ocorridos ao longo do tempo no leito do rio.<\/p>\n<p>Este trabalho foi realizado por solicita\u00e7\u00e3o da PETROBRAS, em complementa\u00e7\u00e3o ao Estudo Hidrol\u00f3gico do Rio Curimata\u00fa, RL-4450.20-6520-932-EJA-001, executado pela Pr\u00f3xima Engenharia, no ano de 2004. As imagens, bem como a base cartogr\u00e1fica utilizada foram obtidas a partir dos levantamentos realizados durante o contrato denominado Pegaso, realizado entre a PETROBRAS e a ESTEIO no ano de 2001.<\/p>\n<p>Ressalta-se tamb\u00e9m que devido a urg\u00eancia imposta pelo referido projeto e por solicita\u00e7\u00e3o da pr\u00f3pria PETROBRAS, este servi\u00e7o n\u00e3o contemplou estudos geot\u00e9cnicos e\/ou hidrol\u00f3gicos espec\u00edficos.<\/p>\n<p>Al\u00e9m de uma vistoria in loco, a partir da qual a ESTEIO emitiu um parecer sobre as condi\u00e7\u00f5es geol\u00f3gico &#8211; geot\u00e9cnicas superficiais da travessia, adicionalmente foram realizados levantamentos de GPR para mapear as camadas geol\u00f3gicas em sub-superf\u00edcie. Os perfis de GPR totalizaram 1425 metros, realizados em linhas paralelas a faixa de dom\u00ednio, com espa\u00e7amento entre linhas de 10 metros.<\/p>\n<p class=\"subtitulo\">Resultados Obtidos<\/p>\n<p>Os resultados obtidos a partir destes levantamentos, indicam uma homogeneidade muito grande dos solos constituintes ao longo da travessia, caracterizada pela intercala\u00e7\u00e3o de solos arenosos e argilosos, localmente siltosos. Os n\u00edveis mais profundos sugerem a presen\u00e7a de pedregulhos dispersos em meio a solos arenosos. N\u00e3o foram identificados refletores que caracterizem eventuais blocos de rocha ou topo rochoso.<\/p>\n<p>A partir destes elementos, juntamente com informa\u00e7\u00f5es oriundas de outros projetos, a ESTEIO elaborou um anteprojeto geom\u00e9trico para o HDD a ser executado nesta travessia.","protected":false},"excerpt":{"rendered":"<p>[IMAGEM_CAROUSEL] Introdu\u00e7\u00e3o O presente servi\u00e7o refere-se a elabora\u00e7\u00e3o de um anteprojeto geom\u00e9trico para a execu\u00e7\u00e3o de um furo direcional na travessia do Rio Curimata\u00fa &#8211; RN &#8211; Munic\u00edpio de Pedro &#8230;<\/p>\n","protected":false},"author":1,"featured_media":0,"parent":2094,"menu_order":0,"comment_status":"closed","ping_status":"closed","template":"template-left-sidebar.php","meta":{"footnotes":""},"class_list":["post-2190","page","type-page","status-publish","hentry"],"_links":{"self":[{"href":"https:\/\/www.esteio.com.br\/en\/wp-json\/wp\/v2\/pages\/2190","targetHints":{"allow":["GET"]}}],"collection":[{"href":"https:\/\/www.esteio.com.br\/en\/wp-json\/wp\/v2\/pages"}],"about":[{"href":"https:\/\/www.esteio.com.br\/en\/wp-json\/wp\/v2\/types\/page"}],"author":[{"embeddable":true,"href":"https:\/\/www.esteio.com.br\/en\/wp-json\/wp\/v2\/users\/1"}],"replies":[{"embeddable":true,"href":"https:\/\/www.esteio.com.br\/en\/wp-json\/wp\/v2\/comments?post=2190"}],"version-history":[{"count":3,"href":"https:\/\/www.esteio.com.br\/en\/wp-json\/wp\/v2\/pages\/2190\/revisions"}],"predecessor-version":[{"id":6618,"href":"https:\/\/www.esteio.com.br\/en\/wp-json\/wp\/v2\/pages\/2190\/revisions\/6618"}],"up":[{"embeddable":true,"href":"https:\/\/www.esteio.com.br\/en\/wp-json\/wp\/v2\/pages\/2094"}],"wp:attachment":[{"href":"https:\/\/www.esteio.com.br\/en\/wp-json\/wp\/v2\/media?parent=2190"}],"curies":[{"name":"wp","href":"https:\/\/api.w.org\/{rel}","templated":true}]}}