{"id":2207,"date":"2017-05-15T14:34:59","date_gmt":"2017-05-15T14:34:59","guid":{"rendered":"http:\/\/esteio.com.br\/?page_id=2207"},"modified":"2022-05-26T18:50:52","modified_gmt":"2022-05-26T18:50:52","slug":"gps-batimetria","status":"publish","type":"page","link":"https:\/\/www.esteio.com.br\/en\/executados\/gps-batimetria\/","title":{"rendered":"GPS (Global Positioning System) e Batimetria"},"content":{"rendered":"Para obter coordenadas de pontos no terreno de forma remota, usa-se atualmente a t\u00e9cnica do GPS (Global Positioning System). Esta t\u00e9cnica, inicialmente de uso militar e atualmente liberada para uso civil (com restri\u00e7\u00f5es), consiste no rastreamento, recebimento e registro de sinais de sat\u00e9lites espec\u00edficos.<\/p>\n<p>Estes sinais s\u00e3o processados em combina\u00e7\u00e3o com determinados par\u00e2metros (efem\u00e9rides) para calcular as coordenadas de um ponto no terreno. Existem mais de 20 sat\u00e9lites em \u00f3rbita da chamada constela\u00e7\u00e3o NAVSTAR-GPS. Eles est\u00e3o orbitando a uma altitude de 21.000 Km em 6 planos orbitais.<\/p>\n<p>No GPS, as coordenadas posicionais do sat\u00e9lite podem ser calculadas com relativa precis\u00e3o levando-se em conta o tipo de aparelho, o tempo de rastreio e o n\u00famero de sat\u00e9lites operacionais. A dist\u00e2ncia entre o sat\u00e9lite e um ponto desconhecido no terreno \u00e9 calculada atrav\u00e9s do tempo que um sinal emitido pelo sat\u00e9lite leva para atingir o receptor na terra.<\/p>\n<p>Para determina\u00e7\u00e3o deste tempo, s\u00e3o utilizados rel\u00f3gios at\u00f4micos (sat\u00e9lite e receptor) que atrasam 1 s a cada 30.000 anos. S\u00e3o necess\u00e1rios pelo menos 3 sat\u00e9lites em contato com o receptor, um tempo de rastreio relativo e determinadas corre\u00e7\u00f5es em p\u00f3s-processamento para obter as coordenadas de um ponto com precis\u00e3o cartogr\u00e1fica.<\/p>\n<p>A ESTEIO vem empregando sistematicamente o uso de GPS em servi\u00e7os de Voo apoiado, Apoio Terrestre, Cadastros de qualquer natureza e Batimetria em seus diversos modos de opera\u00e7\u00e3o.<\/p>\n<p>No modo static e fast-static, o GPS \u00e9 utilizado para transporte de coordenadas de pontos de ajuste de poligonais.<\/p>\n<p>No modo real-time, seu uso traz a vantagem de otimizar o levantamento de interfer\u00eancias e pontos not\u00e1veis de um cadastro. Sua aplica\u00e7\u00e3o t\u00eam certas restri\u00e7\u00f5es em \u00e1reas com obst\u00e1culos para recep\u00e7\u00e3o dos sinais de sat\u00e9lite.<\/p>\n<p>Subsidiando a Cobertura A\u00e9rea, o GPS permite a diminui\u00e7\u00e3o de pontos de apoio terrestre, diminuindo o tempo para execu\u00e7\u00e3o da etapa de Apoio Terrestre em servi\u00e7os localizados em \u00e1reas com dif\u00edcil acesso.<\/p>\n<p>De maneira semelhante, o uso de GPS acoplado a um eco-bat\u00edmetro \u00e9 primordial para uma localiza\u00e7\u00e3o precisa dos pontos levantados em uma modelagem de terreno submersa.<\/p>\n<p>Atualmente, outras constela\u00e7\u00f5es est\u00e3o operando (GLONASS &#8211; russo) ou ir\u00e3o operar em um futuro pr\u00f3ximo (GALILEO &#8211; europeu) complementando os servi\u00e7os fornecidos pelo NAVSTAR-GPS.<\/p>\n<p class=\"subtitulo\">Artigos Relacionados<\/p>\n<ol class=\"breadcrumb\">\n<li class=\"active\">\n<ul>\n<li><a href=\"http:\/\/esteio.com.br\/downloads\/2007\/missoes_gps.pdf\" target=\"_blank\" rel=\"noopener noreferrer\">A Import\u00e2ncia do Planejamento para Miss\u00f5es de Levantamentos GPS<\/a><\/li>\n<li><a href=\"http:\/\/esteio.com.br\/downloads\/2007\/RTK.pdf\" target=\"_blank\" rel=\"noopener noreferrer\">Levantamento Cinem\u00e1tico em Tempo Real (RTK)<\/a><\/li>\n<\/ul>\n<\/li>\n<\/ol>","protected":false},"excerpt":{"rendered":"<p>Para obter coordenadas de pontos no terreno de forma remota, usa-se atualmente a t\u00e9cnica do GPS (Global Positioning System). Esta t\u00e9cnica, inicialmente de uso militar e atualmente liberada para uso &#8230;<\/p>\n","protected":false},"author":1,"featured_media":0,"parent":1290,"menu_order":0,"comment_status":"closed","ping_status":"closed","template":"template-left-sidebar.php","meta":{"footnotes":""},"class_list":["post-2207","page","type-page","status-publish","hentry"],"_links":{"self":[{"href":"https:\/\/www.esteio.com.br\/en\/wp-json\/wp\/v2\/pages\/2207","targetHints":{"allow":["GET"]}}],"collection":[{"href":"https:\/\/www.esteio.com.br\/en\/wp-json\/wp\/v2\/pages"}],"about":[{"href":"https:\/\/www.esteio.com.br\/en\/wp-json\/wp\/v2\/types\/page"}],"author":[{"embeddable":true,"href":"https:\/\/www.esteio.com.br\/en\/wp-json\/wp\/v2\/users\/1"}],"replies":[{"embeddable":true,"href":"https:\/\/www.esteio.com.br\/en\/wp-json\/wp\/v2\/comments?post=2207"}],"version-history":[{"count":6,"href":"https:\/\/www.esteio.com.br\/en\/wp-json\/wp\/v2\/pages\/2207\/revisions"}],"predecessor-version":[{"id":6007,"href":"https:\/\/www.esteio.com.br\/en\/wp-json\/wp\/v2\/pages\/2207\/revisions\/6007"}],"up":[{"embeddable":true,"href":"https:\/\/www.esteio.com.br\/en\/wp-json\/wp\/v2\/pages\/1290"}],"wp:attachment":[{"href":"https:\/\/www.esteio.com.br\/en\/wp-json\/wp\/v2\/media?parent=2207"}],"curies":[{"name":"wp","href":"https:\/\/api.w.org\/{rel}","templated":true}]}}