{"id":2224,"date":"2017-05-15T16:17:37","date_gmt":"2017-05-15T16:17:37","guid":{"rendered":"http:\/\/esteio.com.br\/?page_id=2224"},"modified":"2025-02-20T20:16:57","modified_gmt":"2025-02-20T20:16:57","slug":"canal-flechas","status":"publish","type":"page","link":"https:\/\/www.esteio.com.br\/en\/executados\/gps-batimetria\/canal-flechas\/","title":{"rendered":"Levantamento do Canal das Flechas para Galv\u00e3o Engenharia"},"content":{"rendered":"[IMAGEM_CAROUSEL]\nEm julho de 2010 a ESTEIO executou o Levantamento Topobatim\u00e9trico para a Galv\u00e3o \u00d3leo &amp; G\u00e1s Participa\u00e7\u00f5es em corpos h\u00eddricos em \u00e1rea do munic\u00edpio de Campos de Goytacazes, no Estado do Rio de Janeiro, para auxiliar no processo de or\u00e7amenta\u00e7\u00e3o e an\u00e1lise de risco, necess\u00e1rios \u00e0 implanta\u00e7\u00e3o de um estaleiro.<\/p>\n<p>O levantamento batim\u00e9trico foi realizado em trecho do Canal das Flechas, com aproximadamente 2 km de extens\u00e3o. Em seguida foi realizado o levantamento topogr\u00e1fico em trecho do Rio Igua\u00e7u e outros canais de drenagem de interesse.<\/p>\n<p class=\"subtitulo\">Base<\/p>\n<p>Como base de refer\u00eancia foi implantado um ponto pr\u00f3ximo ao Canal das Flechas e transportadas as coordenadas planim\u00e9tricas para esse ponto, a partir dos v\u00e9rtices SAT-91958 e SAT-91959, ambos de primeira ordem, implantados pelo IBGE.<\/p>\n<p>O transporte da altitude foi por nivelamento geom\u00e9trico, ajustado em duas Refer\u00eancias de N\u00edvel, tamb\u00e9m do IBGE: RN-2837B e RN-2837C.<\/p>\n<p class=\"subtitulo\">Levantamento<\/p>\n<p>Na execu\u00e7\u00e3o do levantamento batim\u00e9trico no Canal das Flechas foi utilizado o ecobat\u00edmetro digital que emite ondas ultra-s\u00f4nicas para a determina\u00e7\u00e3o de medidas de profundidades compreendidas entre 0,50 a 120 metros, com resolu\u00e7\u00e3o de 0,1m. Este equipamento possibilita a entrada de dados relativos \u00e0 velocidade de propaga\u00e7\u00e3o do som na \u00e1gua e da profundidade do transdutor (sonda que emite e recebe o som, pelo qual a profundidade \u00e9 determinada). Para o posicionamento planim\u00e9trico (bidimensional) da embarca\u00e7\u00e3o foram utilizados receptores GPS de dupla frequ\u00eancia, recebendo corre\u00e7\u00f5es diferenciais (DGPS).<\/p>\n<p class=\"subtitulo\">Varia\u00e7\u00e3o do N\u00edvel D&#8217;\u00e1gua<\/p>\n<p>Para controle da varia\u00e7\u00e3o do NA durante o levantamento foram instaladas (tr\u00eas) r\u00e9guas limnim\u00e9tricas, sendo uma pr\u00f3xima \u00e0 foz do canal, outra na metade do trecho e uma terceira no ponto inicial do trecho de interesse. Ao longo dos canais de drenagem e do Rio Igua\u00e7u foi utilizado o m\u00e9todo topogr\u00e1fico atrav\u00e9s de RTK (Real Time Kinematic) ou tempo real, com um receptor instalado na Base e outro percorrendo os pontos a serem levantados, recebendo corre\u00e7\u00e3o de coordenadas em tempo real atrav\u00e9s de link de r\u00e1dio.<\/p>\n<p class=\"subtitulo\">Registro e Tratamento dos Dados Batim\u00e9tricos<\/p>\n<p>Os dados batim\u00e9tricos levantados foram registrados graficamente e de forma digital, tendo como dados de entrada os relativos \u00e0 velocidade de propaga\u00e7\u00e3o do som na \u00e1gua e da profundidade do transdutor. A frequ\u00eancia de opera\u00e7\u00e3o do ecobat\u00edmetro, assim como a velocidade empregada na navega\u00e7\u00e3o, permitiu coletar em m\u00e9dia 5 pontos por segundo, 20 a 30 cent\u00edmetros percorridos na se\u00e7\u00e3o.<\/p>\n<p>Em seguida, todos os dados coletados passaram pela etapa de edi\u00e7\u00e3o, com a utiliza\u00e7\u00e3o de m\u00f3dulo espec\u00edfico que possibilita visualizar o comportamento da embarca\u00e7\u00e3o durante o levantamento de cada se\u00e7\u00e3o e tamb\u00e9m o tra\u00e7ado do perfil da se\u00e7\u00e3o para identificar eventuais discrep\u00e2ncias ocorridas durante o levantamento, subsidiando a tomada de decis\u00e3o quanto \u00e0 necessidade de refazer algum trecho da se\u00e7\u00e3o.<\/p>\n<p class=\"subtitulo\">Resultados<\/p>\n<p>Ap\u00f3s o processamento das informa\u00e7\u00f5es batim\u00e9tricas foram geradas as curvas batim\u00e9tricas utilizando aplicativo espec\u00edfico.<\/p>\n<p class=\"subtitulo\">Produtos<\/p>\n<p>Os principais produtos deste servi\u00e7o foram:<\/p>\n<ol class=\"breadcrumb\">\n<li class=\"active\">\n<ul>\n<li>Plantas Hipsom\u00e9tricas com curvas batim\u00e9tricas na escala 1:2.000 (arquivos);<\/li>\n<li>Nuvem de pontos batim\u00e9tricos com sa\u00edda dos dados (X,Y, Z) em formato &#8220;xls&#8221; (arquivos);<\/li>\n<\/ul>\n<\/li>\n<\/ol>","protected":false},"excerpt":{"rendered":"<p>[IMAGEM_CAROUSEL] Em julho de 2010 a ESTEIO executou o Levantamento Topobatim\u00e9trico para a Galv\u00e3o \u00d3leo &amp; G\u00e1s Participa\u00e7\u00f5es em corpos h\u00eddricos em \u00e1rea do munic\u00edpio de Campos de Goytacazes, no &#8230;<\/p>\n","protected":false},"author":1,"featured_media":7033,"parent":2207,"menu_order":0,"comment_status":"closed","ping_status":"closed","template":"template-left-sidebar.php","meta":{"footnotes":""},"class_list":["post-2224","page","type-page","status-publish","has-post-thumbnail","hentry"],"_links":{"self":[{"href":"https:\/\/www.esteio.com.br\/en\/wp-json\/wp\/v2\/pages\/2224","targetHints":{"allow":["GET"]}}],"collection":[{"href":"https:\/\/www.esteio.com.br\/en\/wp-json\/wp\/v2\/pages"}],"about":[{"href":"https:\/\/www.esteio.com.br\/en\/wp-json\/wp\/v2\/types\/page"}],"author":[{"embeddable":true,"href":"https:\/\/www.esteio.com.br\/en\/wp-json\/wp\/v2\/users\/1"}],"replies":[{"embeddable":true,"href":"https:\/\/www.esteio.com.br\/en\/wp-json\/wp\/v2\/comments?post=2224"}],"version-history":[{"count":7,"href":"https:\/\/www.esteio.com.br\/en\/wp-json\/wp\/v2\/pages\/2224\/revisions"}],"predecessor-version":[{"id":7036,"href":"https:\/\/www.esteio.com.br\/en\/wp-json\/wp\/v2\/pages\/2224\/revisions\/7036"}],"up":[{"embeddable":true,"href":"https:\/\/www.esteio.com.br\/en\/wp-json\/wp\/v2\/pages\/2207"}],"wp:featuredmedia":[{"embeddable":true,"href":"https:\/\/www.esteio.com.br\/en\/wp-json\/wp\/v2\/media\/7033"}],"wp:attachment":[{"href":"https:\/\/www.esteio.com.br\/en\/wp-json\/wp\/v2\/media?parent=2224"}],"curies":[{"name":"wp","href":"https:\/\/api.w.org\/{rel}","templated":true}]}}