{"id":2236,"date":"2017-05-15T17:10:51","date_gmt":"2017-05-15T17:10:51","guid":{"rendered":"http:\/\/esteio.com.br\/?page_id=2236"},"modified":"2025-08-14T19:55:03","modified_gmt":"2025-08-14T19:55:03","slug":"un-six","status":"publish","type":"page","link":"https:\/\/www.esteio.com.br\/en\/executados\/gps-batimetria\/un-six\/","title":{"rendered":"Batmetria em Reservat\u00f3rio da UN-SIX"},"content":{"rendered":"[IMAGEM_CAROUSEL]\nEm 2003 a ESTEIO executou o Levantamento Batim\u00e9trico e Medi\u00e7\u00e3o da Vaz\u00e3o do Reservat\u00f3rio da Unidade UN-SIX da PETROBRAS e do C\u00f3rrego Canoas, no munic\u00edpio de S\u00e3o Mateus do Sul, no estado do Paran\u00e1.<\/p>\n<p>Em junho de 2008, a ESTEIO executou novo Levantamento Batim\u00e9trico para a perfeita caracteriza\u00e7\u00e3o do reservat\u00f3rio que abrange uma \u00e1rea de aproximadamente 615.000,00 m\u00b2.<\/p>\n<p>Este segundo levantamento foi realizado de forma simplificada, excluindo a medi\u00e7\u00e3o da vaz\u00e3o, a implanta\u00e7\u00e3o de marcos e o levantamento topogr\u00e1fico da parte seca, ou seja, do entorno do reservat\u00f3rio, j\u00e1 realizados em 2003.<\/p>\n<p class=\"subtitulo\">Base<\/p>\n<p>Os marcos geod\u00e9sicos implantados no levantamento realizado em 2003 serviram de BASE para o levantamento atual.<br \/>\nA reocupa\u00e7\u00e3o dos marcos s\u00f3 ocorreu mediante a avalia\u00e7\u00e3o da estabilidade e certifica\u00e7\u00e3o de que os mesmos n\u00e3o sofreram qualquer tipo de deslocamento.<\/p>\n<p class=\"subtitulo\">Equipamentos<\/p>\n<p>Para a execu\u00e7\u00e3o do levantamento batim\u00e9trico foi utilizado o ecobat\u00edmetro digital que emite ondas ultra-s\u00f4nicas para a determina\u00e7\u00e3o de medidas de profundidades compreendidas entre 0,50 a 120,00 metros, com resolu\u00e7\u00e3o \u00e9 de 0,1m. Este equipamento possibilita a entrada de dados relativos \u00e0 velocidade de propaga\u00e7\u00e3o do som na \u00e1gua e da profundidade do transdutor (sonda que emite e recebe o som, pelo qual a profundidade \u00e9 determinada). Para o posicionamento planim\u00e9trico (bidimensional) da embarca\u00e7\u00e3o foram utilizados receptores GPS de dupla frequ\u00eancia, da marca LEICA, modelo SR-530, recebendo corre\u00e7\u00f5es diferenciais (DGPS).<\/p>\n<p class=\"subtitulo\">Batimetria<\/p>\n<p>O conjunto de equipamentos a bordo, composto por um receptor de sat\u00e9lites GPS e pelo ecobat\u00edmetro, ambos conectados a um microcomputador e gerenciados pelo programa denominado Hypack, permite a correla\u00e7\u00e3o entre as profundidades obtidas pelo ecobat\u00edmetro com as coordenadas planim\u00e9tricas advindas do GPS ao longo das se\u00e7\u00f5es navegadas. Estas se\u00e7\u00f5es foram planejadas de forma transversal \u00e0 represa, aproximadamente paralelas e distanciadas entre si de aproximadamente 10 metros.<\/p>\n<p class=\"subtitulo\">Registro e Tratamento dos Dados<\/p>\n<p>Os dados levantados foram registrados graficamente e de forma digital pelo Digitrace. Este m\u00f3dulo possibilita a entrada de dados relativos \u00e0 velocidade de propaga\u00e7\u00e3o do som na \u00e1gua e da profundidade do transdutor. A frequ\u00eancia de opera\u00e7\u00e3o do ecobat\u00edmetro, assim como a velocidade empregada na navega\u00e7\u00e3o, permitiu coletar em m\u00e9dia 5 pontos por segundo, 20 a 30 cent\u00edmetros percorridos na se\u00e7\u00e3o.<\/p>\n<p>Em seguida, todos os dados coletados passaram pela etapa de edi\u00e7\u00e3o, atrav\u00e9s do m\u00f3dulo Editing do programa Hypack. Com este m\u00f3dulo foi poss\u00edvel visualizar o comportamento da embarca\u00e7\u00e3o durante o levantamento de cada se\u00e7\u00e3o e tamb\u00e9m o tra\u00e7ado do perfil da se\u00e7\u00e3o para identificar eventuais discrep\u00e2ncias ocorridas durante o levantamento, subsidiando a tomada de decis\u00e3o quanto \u00e0 necessidade de refazer algum trecho da se\u00e7\u00e3o.<\/p>\n<p class=\"subtitulo\">Resultados<\/p>\n<p>Ap\u00f3s o processamento das informa\u00e7\u00f5es batim\u00e9tricas, foi realizada a edi\u00e7\u00e3o dos arquivos e gera\u00e7\u00e3o de curvas de n\u00edvel usando o programa AUTOCAD (AutoDesk Inc.) com aux\u00edlio de aplicativo espec\u00edfico de topografia POSI\u00c7\u00c3O (Manfra &amp; Cia Ltda.).<\/p>\n<p class=\"subtitulo\">Edi\u00e7\u00e3o<\/p>\n<p>A etapa seguinte, a de Edi\u00e7\u00e3o, consistiu na emiss\u00e3o das plantas, mantendo a mesma articula\u00e7\u00e3o de folhas e o mesmo limite da represa, definidos para o levantamento realizado em 2003, com as informa\u00e7\u00f5es batim\u00e9tricas atualizadas. Nesta etapa foram tamb\u00e9m realizadas as adequa\u00e7\u00f5es de layers, tra\u00e7os, s\u00edmbolos e posicionamento das topon\u00edmias.<\/p>\n<p>Mesmo com a depura\u00e7\u00e3o de pontos realizada na etapa de levantamento, para proporcionar a boa legibilidade e clareza das informa\u00e7\u00f5es nas plantas impressas, foi necess\u00e1ria a generaliza\u00e7\u00e3o de pontos batim\u00e9tricos, mediante aplica\u00e7\u00e3o de algoritmo de redu\u00e7\u00e3o de pontos.<\/p>\n<p class=\"subtitulo\">Produtos<\/p>\n<p>Os principais produtos deste servi\u00e7o foram:<\/p>\n<ol class=\"breadcrumb\">\n<li class=\"active\">\n<ul>\n<li>Plantas batim\u00e9tricas completas, na escala 1:1.000 (arquivos);<\/li>\n<li>Plantas batim\u00e9tricas com redu\u00e7\u00e3o de pontos, na escala 1:1.000 (arquivos e impress\u00e3o);<\/li>\n<li>Nuvem de pontos batim\u00e9tricos com sa\u00edda dos dados (X,Y, Z) em formato &#8220;xls&#8221; (arquivos);<\/li>\n<\/ul>\n<\/li>\n<\/ol>","protected":false},"excerpt":{"rendered":"<p>[IMAGEM_CAROUSEL] Em 2003 a ESTEIO executou o Levantamento Batim\u00e9trico e Medi\u00e7\u00e3o da Vaz\u00e3o do Reservat\u00f3rio da Unidade UN-SIX da PETROBRAS e do C\u00f3rrego Canoas, no munic\u00edpio de S\u00e3o Mateus do &#8230;<\/p>\n","protected":false},"author":1,"featured_media":7182,"parent":2207,"menu_order":0,"comment_status":"closed","ping_status":"closed","template":"template-left-sidebar.php","meta":{"footnotes":""},"class_list":["post-2236","page","type-page","status-publish","has-post-thumbnail","hentry"],"_links":{"self":[{"href":"https:\/\/www.esteio.com.br\/en\/wp-json\/wp\/v2\/pages\/2236","targetHints":{"allow":["GET"]}}],"collection":[{"href":"https:\/\/www.esteio.com.br\/en\/wp-json\/wp\/v2\/pages"}],"about":[{"href":"https:\/\/www.esteio.com.br\/en\/wp-json\/wp\/v2\/types\/page"}],"author":[{"embeddable":true,"href":"https:\/\/www.esteio.com.br\/en\/wp-json\/wp\/v2\/users\/1"}],"replies":[{"embeddable":true,"href":"https:\/\/www.esteio.com.br\/en\/wp-json\/wp\/v2\/comments?post=2236"}],"version-history":[{"count":8,"href":"https:\/\/www.esteio.com.br\/en\/wp-json\/wp\/v2\/pages\/2236\/revisions"}],"predecessor-version":[{"id":7192,"href":"https:\/\/www.esteio.com.br\/en\/wp-json\/wp\/v2\/pages\/2236\/revisions\/7192"}],"up":[{"embeddable":true,"href":"https:\/\/www.esteio.com.br\/en\/wp-json\/wp\/v2\/pages\/2207"}],"wp:featuredmedia":[{"embeddable":true,"href":"https:\/\/www.esteio.com.br\/en\/wp-json\/wp\/v2\/media\/7182"}],"wp:attachment":[{"href":"https:\/\/www.esteio.com.br\/en\/wp-json\/wp\/v2\/media?parent=2236"}],"curies":[{"name":"wp","href":"https:\/\/api.w.org\/{rel}","templated":true}]}}