{"id":2275,"date":"2017-05-18T13:42:44","date_gmt":"2017-05-18T13:42:44","guid":{"rendered":"http:\/\/esteio.com.br\/?page_id=2275"},"modified":"2018-02-28T15:10:11","modified_gmt":"2018-02-28T15:10:11","slug":"gasoduto","status":"publish","type":"page","link":"https:\/\/www.esteio.com.br\/en\/executados\/levantamentos-planialtimetricos\/gasoduto\/","title":{"rendered":"Poligonal Explorat\u00f3ria &#8211; Gasoduto Coari-Manaus"},"content":{"rendered":"[IMAGEM_CAROUSEL]\n<p>Em outubro de 2005 a ESTEIO assinou com a PETROBRAS o contrato de EXECU\u00c7\u00c3O DE SERVI\u00c7OS DE LEVANTAMENTO PLANIALTIM\u00c9TRICO, com prazo de 135 dias, atrav\u00e9s da ENGENHARIA, IETEG, IENOR, para a constru\u00e7\u00e3o do Gasoduto Coari-Manaus com data de conclus\u00e3o para mar\u00e7o de 2006.<\/p>\n<p>Este empreendimento representa um dos principais caminhos para o desenvolvimento sustent\u00e1vel da Amaz\u00f4nia, visando a amplia\u00e7\u00e3o da oferta de energia na regi\u00e3o norte, transportando o g\u00e1s natural produzido na base de opera\u00e7\u00f5es ge\u00f3logo Pedro Moura, em Urucu, a partir do terminal Solim\u00f5es em Coari, at\u00e9 a refinaria de Manaus. Em 1997 foi realizada a constru\u00e7\u00e3o do primeiro trecho do gasoduto Urucu &#8211; Manaus, um gasoduto interligando a regi\u00e3o produtora do Rio Urucu at\u00e9 o terminal aquavi\u00e1rio de Coari, localizado na margem do Rio Solim\u00f5es, pr\u00f3ximo \u00e0 cidade de Coari, ambos no estado do Amazonas.<\/p>\n<p>Por tratar-se de uma regi\u00e3o densamente arborizada criou-se a dificuldade de se conseguir a elabora\u00e7\u00e3o de um modelo digital do terreno com precis\u00e3o requerida para a implanta\u00e7\u00e3o da faixa, algo que a aerofotogrametria convencional n\u00e3o se mostrou adequada para o projeto em quest\u00e3o e que s\u00f3 foi poss\u00edvel se obter atrav\u00e9s do uso de t\u00e9cnicas mais precisas, como o LASER e a topografia.<\/p>\n<p>Sendo assim a escolha do tra\u00e7ado foi feita a partir do estudo pr\u00e9vio de impacto ambiental, com base em imagens satelitais e voos aerofotogram\u00e9tricos, subsidiado tamb\u00e9m pelos estudos topogr\u00e1ficos e hidrol\u00f3gicos, permitindo identificar melhor a topografia do terreno e os cursos d&#8217;\u00e1gua.<\/p>\n<p>Com aproximadamente 520 Km de extens\u00e3o (incluindo ramais), o gasoduto Coari &#8211; Manaus atravessar\u00e1 os munic\u00edpios de Coari, Codaj\u00e1s, Anam\u00e3, Caapiranga, Manacapuru, Iranduba e Manaus. Adicionado ao trecho j\u00e1 existente o gasoduto Urucu &#8211; Manaus ter\u00e1 uma extens\u00e3o total de 665 Km.","protected":false},"excerpt":{"rendered":"<p>[IMAGEM_CAROUSEL] Em outubro de 2005 a ESTEIO assinou com a PETROBRAS o contrato de EXECU\u00c7\u00c3O DE SERVI\u00c7OS DE LEVANTAMENTO PLANIALTIM\u00c9TRICO, com prazo de 135 dias, atrav\u00e9s da ENGENHARIA, IETEG, IENOR, &#8230;<\/p>\n","protected":false},"author":1,"featured_media":0,"parent":2078,"menu_order":0,"comment_status":"closed","ping_status":"closed","template":"","meta":{"footnotes":""},"class_list":["post-2275","page","type-page","status-publish","hentry"],"_links":{"self":[{"href":"https:\/\/www.esteio.com.br\/en\/wp-json\/wp\/v2\/pages\/2275","targetHints":{"allow":["GET"]}}],"collection":[{"href":"https:\/\/www.esteio.com.br\/en\/wp-json\/wp\/v2\/pages"}],"about":[{"href":"https:\/\/www.esteio.com.br\/en\/wp-json\/wp\/v2\/types\/page"}],"author":[{"embeddable":true,"href":"https:\/\/www.esteio.com.br\/en\/wp-json\/wp\/v2\/users\/1"}],"replies":[{"embeddable":true,"href":"https:\/\/www.esteio.com.br\/en\/wp-json\/wp\/v2\/comments?post=2275"}],"version-history":[{"count":6,"href":"https:\/\/www.esteio.com.br\/en\/wp-json\/wp\/v2\/pages\/2275\/revisions"}],"predecessor-version":[{"id":4185,"href":"https:\/\/www.esteio.com.br\/en\/wp-json\/wp\/v2\/pages\/2275\/revisions\/4185"}],"up":[{"embeddable":true,"href":"https:\/\/www.esteio.com.br\/en\/wp-json\/wp\/v2\/pages\/2078"}],"wp:attachment":[{"href":"https:\/\/www.esteio.com.br\/en\/wp-json\/wp\/v2\/media?parent=2275"}],"curies":[{"name":"wp","href":"https:\/\/api.w.org\/{rel}","templated":true}]}}