{"id":2288,"date":"2017-05-18T14:04:40","date_gmt":"2017-05-18T14:04:40","guid":{"rendered":"http:\/\/esteio.com.br\/?page_id=2288"},"modified":"2017-12-08T17:35:06","modified_gmt":"2017-12-08T17:35:06","slug":"lidar-pch","status":"publish","type":"page","link":"https:\/\/www.esteio.com.br\/en\/executados\/lidar-pch\/","title":{"rendered":"LIDAR para PCH"},"content":{"rendered":"<p>O Perfilamento a LASER \u00e9 uma tecnologia de levantamento executado atrav\u00e9s de um escaner a LASER instalado em uma aeronave, o qual permite o levantamento de uma malha muito densa de pontos no terreno. Esta metodologia permite um levantamento altim\u00e9trico mais preciso e r\u00e1pido da \u00e1rea. A partir desses pontos \u00e9 poss\u00edvel a gera\u00e7\u00e3o diversos produtos, tais como:<\/p>\n<ol class=\"breadcrumb\">\n<li class=\"active\">\n<ul>\n<li>Modelo Digital de Eleva\u00e7\u00e3o (MDE);<\/li>\n<li>Modelo Digital de Terreno (MDT), sem vegeta\u00e7\u00e3o, edifica\u00e7\u00f5es, etc.;<\/li>\n<li>Plantas contendo as curvas de n\u00edvel geradas a partir do MDT;<\/li>\n<li>Imagens hipsom\u00e9tricas geradas a partir do MDT;<\/li>\n<li>Imagens de intensidade do pulso LASER (Semelhante a uma imagem de sat\u00e9lite);<\/li>\n<li>Modelos em tr\u00eas dimens\u00f5es;<\/li>\n<\/ul>\n<\/li>\n<\/ol>\n<p>Hoje, o perfilamento LASER \u00e9 a tecnologia mais \u00e1gil para obten\u00e7\u00e3o de altimetria de terreno e proporciona algumas vantagens em rela\u00e7\u00e3o ao m\u00e9todo fotogram\u00e9trico:<\/p>\n<ol class=\"breadcrumb\">\n<li class=\"active\">\n<ul>\n<li><strong>Rapidez em sua obten\u00e7\u00e3o<\/strong>, pois o voo tem muito menos depend\u00eancia de condi\u00e7\u00f5es meteorol\u00f3gicas, podendo inclusive ser feito \u00e0 noite;<\/li>\n<li><strong>Rapidez na obten\u00e7\u00e3o dos produtos, <\/strong>pois o processo \u00e9 bastante automatizado;<\/li>\n<li><strong>Densidade do MDE e MDT muito mais alta, <\/strong>quando comparado com outros m\u00e9todos;<\/li>\n<li><strong>Melhor precis\u00e3o, <\/strong>principalmente em \u00e1reas com presen\u00e7a de mata, pois h\u00e1 uma excelente penetra\u00e7\u00e3o dos pulsos abaixo das copas, principalmente em regi\u00e3o amaz\u00f4nica.<\/li>\n<\/ul>\n<\/li>\n<\/ol>\n<p>A aplica\u00e7\u00e3o do levantamento LASER n\u00e3o se restringe apenas ao mapeamento de \u00e1reas, \u00e9 poss\u00edvel fazer o levantamento do relevo onde ser\u00e1 instalada a linha de transmiss\u00e3o (LT) e com essa informa\u00e7\u00e3o \u00e9 poss\u00edvel gerar o perfil longitudinal do terreno.<br \/>\nMesmo depois da LT estar instalada, \u00e9 poss\u00edvel continuar fazendo uso do levantamento LASER, nesse Levantamento da Linha de Transmiss\u00e3o e das fei\u00e7\u00f5es da faixa (torres, cabos, \u00e1rvores, edifica\u00e7\u00f5es, etc.), Monitoramento da Linha de Transmiss\u00e3o com a finalidade de manuten\u00e7\u00e3o, Identifica\u00e7\u00e3o de locais onde a vegeta\u00e7\u00e3o est\u00e1 pr\u00f3xima dos cabos (para preven\u00e7\u00e3o de acidentes).<\/p>\n","protected":false},"excerpt":{"rendered":"<p>O Perfilamento a LASER \u00e9 uma tecnologia de levantamento executado atrav\u00e9s de um escaner a LASER instalado em uma aeronave, o qual permite o levantamento de uma malha muito densa &#8230;<\/p>\n","protected":false},"author":1,"featured_media":0,"parent":1290,"menu_order":0,"comment_status":"closed","ping_status":"closed","template":"template-left-sidebar.php","meta":{"footnotes":""},"class_list":["post-2288","page","type-page","status-publish","hentry"],"_links":{"self":[{"href":"https:\/\/www.esteio.com.br\/en\/wp-json\/wp\/v2\/pages\/2288","targetHints":{"allow":["GET"]}}],"collection":[{"href":"https:\/\/www.esteio.com.br\/en\/wp-json\/wp\/v2\/pages"}],"about":[{"href":"https:\/\/www.esteio.com.br\/en\/wp-json\/wp\/v2\/types\/page"}],"author":[{"embeddable":true,"href":"https:\/\/www.esteio.com.br\/en\/wp-json\/wp\/v2\/users\/1"}],"replies":[{"embeddable":true,"href":"https:\/\/www.esteio.com.br\/en\/wp-json\/wp\/v2\/comments?post=2288"}],"version-history":[{"count":3,"href":"https:\/\/www.esteio.com.br\/en\/wp-json\/wp\/v2\/pages\/2288\/revisions"}],"predecessor-version":[{"id":3605,"href":"https:\/\/www.esteio.com.br\/en\/wp-json\/wp\/v2\/pages\/2288\/revisions\/3605"}],"up":[{"embeddable":true,"href":"https:\/\/www.esteio.com.br\/en\/wp-json\/wp\/v2\/pages\/1290"}],"wp:attachment":[{"href":"https:\/\/www.esteio.com.br\/en\/wp-json\/wp\/v2\/media?parent=2288"}],"curies":[{"name":"wp","href":"https:\/\/api.w.org\/{rel}","templated":true}]}}