{"id":2294,"date":"2017-05-18T14:07:44","date_gmt":"2017-05-18T14:07:44","guid":{"rendered":"http:\/\/esteio.com.br\/?page_id=2294"},"modified":"2017-12-08T17:36:35","modified_gmt":"2017-12-08T17:36:35","slug":"eletram","status":"publish","type":"page","link":"https:\/\/www.esteio.com.br\/en\/executados\/lidar-pch\/eletram\/","title":{"rendered":"ELETRAM &#8211; PCH Bra\u00e7o Norte II"},"content":{"rendered":"[IMAGEM_CAROUSEL]\n<p>No in\u00edcio de 2012 a ESTEIO Engenharia e Aerolevantamentos S.A. foi contradada pela ELETRAM &#8211; Eletricidade da Amaz\u00f4nia S.A. para realizar perfilamento LASER aerotransportado numa \u00e1rea aproximada de 18km\u00b2, visando a gera\u00e7\u00e3o de MDT e MDE, curvas de n\u00edvel com equidist\u00e2ncia de 1 m, elabora\u00e7\u00e3o de plantas com imagens hipsom\u00e9tricas e de intensidade e vetoriza\u00e7\u00e3o dos principais elementos cartogr\u00e1ficos da PCH Bra\u00e7o Norte II, localizada no munic\u00edpio de Guarant\u00e3 do Norte\/MT.<\/p>\n<p>Os produtos gerados atenderam os padr\u00f5es estabelecidos pela ANEEL nas diretrizes de cartografia de 2009, tendo sido referenciado todo o trabalho no sistema SIRGAS 2000 e obtido o Padr\u00e3o de Exatid\u00e3o Cartogr\u00e1fica (PEC) classe A.<\/p>\n<p>No sentido de garantir a qualidade dos levantamentos LASER, foram realizados em campo levantamentos GPS no sentido de avaliar a qualidade do LASER. O resultado obtido ficou dentro do que o contratante e a contratada esperavam.<br \/>\nNas medi\u00e7\u00f5es foram utilizados 02 receptores de dupla frequ\u00eancia, da Topcon modelo Hiper, ambos operando no modo est\u00e1tico r\u00e1pido, onde um receptor ocupava o\u00a0 ponto base,\u00a0e o outro os pontos de controle a serem determinados, as medi\u00e7\u00f5es foram feitas atrav\u00e9s de simples irradiamento, tendo como tempo de rastreio m\u00ednimo 10 minutos, com pelo menos a aquisi\u00e7\u00e3o de 6 sat\u00e9lites simultaneamente, sendo o resumo do resultado estat\u00edstico apresentado logo abaixo:<\/p>\n<ol class=\"breadcrumb\">\n<li class=\"active\">\n<ul>\n<li>M\u00e9dia em m\u00f3dulo(dz) 0,110 m<\/li>\n<li>RMS 0,123 m<\/li>\n<li>Desvio Padr\u00e3o 0,062 m<\/li>\n<\/ul>\n<\/li>\n<\/ol>\n<p>Al\u00e9m da entrega dos produtos citados acima, a ESTEIO entregou tamb\u00e9m, arquivos de pontos LASER no formato ASCII, que permitem fazer in\u00fameros ensaios e visualiza\u00e7\u00f5es em perspectiva.<\/p>\n","protected":false},"excerpt":{"rendered":"<p>[IMAGEM_CAROUSEL] No in\u00edcio de 2012 a ESTEIO Engenharia e Aerolevantamentos S.A. foi contradada pela ELETRAM &#8211; Eletricidade da Amaz\u00f4nia S.A. para realizar perfilamento LASER aerotransportado numa \u00e1rea aproximada de 18km\u00b2, &#8230;<\/p>\n","protected":false},"author":1,"featured_media":0,"parent":2288,"menu_order":0,"comment_status":"closed","ping_status":"closed","template":"","meta":{"footnotes":""},"class_list":["post-2294","page","type-page","status-publish","hentry"],"_links":{"self":[{"href":"https:\/\/www.esteio.com.br\/en\/wp-json\/wp\/v2\/pages\/2294","targetHints":{"allow":["GET"]}}],"collection":[{"href":"https:\/\/www.esteio.com.br\/en\/wp-json\/wp\/v2\/pages"}],"about":[{"href":"https:\/\/www.esteio.com.br\/en\/wp-json\/wp\/v2\/types\/page"}],"author":[{"embeddable":true,"href":"https:\/\/www.esteio.com.br\/en\/wp-json\/wp\/v2\/users\/1"}],"replies":[{"embeddable":true,"href":"https:\/\/www.esteio.com.br\/en\/wp-json\/wp\/v2\/comments?post=2294"}],"version-history":[{"count":2,"href":"https:\/\/www.esteio.com.br\/en\/wp-json\/wp\/v2\/pages\/2294\/revisions"}],"predecessor-version":[{"id":3730,"href":"https:\/\/www.esteio.com.br\/en\/wp-json\/wp\/v2\/pages\/2294\/revisions\/3730"}],"up":[{"embeddable":true,"href":"https:\/\/www.esteio.com.br\/en\/wp-json\/wp\/v2\/pages\/2288"}],"wp:attachment":[{"href":"https:\/\/www.esteio.com.br\/en\/wp-json\/wp\/v2\/media?parent=2294"}],"curies":[{"name":"wp","href":"https:\/\/api.w.org\/{rel}","templated":true}]}}