{"id":2311,"date":"2017-05-18T16:42:35","date_gmt":"2017-05-18T16:42:35","guid":{"rendered":"http:\/\/esteio.com.br\/?page_id=2311"},"modified":"2017-12-08T17:45:04","modified_gmt":"2017-12-08T17:45:04","slug":"cemig","status":"publish","type":"page","link":"https:\/\/www.esteio.com.br\/en\/executados\/ortofotos\/cemig\/","title":{"rendered":"Mapeamento com Ortofotos para CEMIG &#8211; Centrais El\u00e9tricas de Minas Gerais"},"content":{"rendered":"[IMAGEM_CAROUSEL]\n<p>Iniciados em 1984 e totalizando at\u00e9 a presente data 6 (seis) servi\u00e7os de Mapeamento por Ortofoto, a ESTEIO j\u00e1 mapeou mais de 53.000 km\u00b2 de \u00e1reas rurais na escala 1:10.000 para a CEMIG &#8211; Companhia Energ\u00e9tica de Minas Gerais, no estado de Minas Gerais.<\/p>\n<p>Desde o primeiro servi\u00e7o com apoio de campo convencional e Ortofotos anal\u00f3gicas at\u00e9 o \u00faltimo servi\u00e7o j\u00e1 realizado com apoio de campo com GPS e Ortofotos digitais, a ESTEIO sempre forneceu produtos finais com qualidade e t\u00e9cnica superiores ao mercado.<\/p>\n","protected":false},"excerpt":{"rendered":"<p>[IMAGEM_CAROUSEL] Iniciados em 1984 e totalizando at\u00e9 a presente data 6 (seis) servi\u00e7os de Mapeamento por Ortofoto, a ESTEIO j\u00e1 mapeou mais de 53.000 km\u00b2 de \u00e1reas rurais na escala &#8230;<\/p>\n","protected":false},"author":1,"featured_media":0,"parent":2308,"menu_order":0,"comment_status":"closed","ping_status":"closed","template":"","meta":{"footnotes":""},"class_list":["post-2311","page","type-page","status-publish","hentry"],"_links":{"self":[{"href":"https:\/\/www.esteio.com.br\/en\/wp-json\/wp\/v2\/pages\/2311","targetHints":{"allow":["GET"]}}],"collection":[{"href":"https:\/\/www.esteio.com.br\/en\/wp-json\/wp\/v2\/pages"}],"about":[{"href":"https:\/\/www.esteio.com.br\/en\/wp-json\/wp\/v2\/types\/page"}],"author":[{"embeddable":true,"href":"https:\/\/www.esteio.com.br\/en\/wp-json\/wp\/v2\/users\/1"}],"replies":[{"embeddable":true,"href":"https:\/\/www.esteio.com.br\/en\/wp-json\/wp\/v2\/comments?post=2311"}],"version-history":[{"count":2,"href":"https:\/\/www.esteio.com.br\/en\/wp-json\/wp\/v2\/pages\/2311\/revisions"}],"predecessor-version":[{"id":3735,"href":"https:\/\/www.esteio.com.br\/en\/wp-json\/wp\/v2\/pages\/2311\/revisions\/3735"}],"up":[{"embeddable":true,"href":"https:\/\/www.esteio.com.br\/en\/wp-json\/wp\/v2\/pages\/2308"}],"wp:attachment":[{"href":"https:\/\/www.esteio.com.br\/en\/wp-json\/wp\/v2\/media?parent=2311"}],"curies":[{"name":"wp","href":"https:\/\/api.w.org\/{rel}","templated":true}]}}