{"id":2322,"date":"2017-05-18T17:01:47","date_gmt":"2017-05-18T17:01:47","guid":{"rendered":"http:\/\/esteio.com.br\/?page_id=2322"},"modified":"2017-12-08T17:50:32","modified_gmt":"2017-12-08T17:50:32","slug":"pcm","status":"publish","type":"page","link":"https:\/\/www.esteio.com.br\/en\/executados\/pcm\/","title":{"rendered":"PCM"},"content":{"rendered":"[IMAGEM_CAROUSEL]\n<p>A Prote\u00e7\u00e3o Cat\u00f3dica (Cathodic Protection) \u00e9 um processo de prote\u00e7\u00e3o el\u00e9trica que faz uso de uma corrente induzida em dutos de a\u00e7o enterrados para complementar a prote\u00e7\u00e3o anti-corros\u00e3o do revestimento j\u00e1 existente.<\/p>\n<p>O Mapeador de Corrente em Dutos (PCM) foi projetado para a ind\u00fastria de dutos para solu\u00e7\u00e3o de problemas associados com m\u00e9todos tradicionais de inspe\u00e7\u00e3o de dutos permitindo avaliar e mapear as perdas de corrente na Prote\u00e7\u00e3o Cat\u00f3dica. Al\u00e9m disso, o sistema permite avaliar a posi\u00e7\u00e3o e profundidade do duto.<\/p>\n<p>O m\u00e9todo consiste em injetar um sinal na tubula\u00e7\u00e3o a ser inspecionada e captar este sinal ao longo da mesma, utilizando-se de um receptor port\u00e1til calibrado na mesma frequ\u00eancia. Este receptor indicar\u00e1 a posi\u00e7\u00e3o planim\u00e9trica do duto, bem como sua profundidade.<\/p>\n","protected":false},"excerpt":{"rendered":"<p>[IMAGEM_CAROUSEL] A Prote\u00e7\u00e3o Cat\u00f3dica (Cathodic Protection) \u00e9 um processo de prote\u00e7\u00e3o el\u00e9trica que faz uso de uma corrente induzida em dutos de a\u00e7o enterrados para complementar a prote\u00e7\u00e3o anti-corros\u00e3o do &#8230;<\/p>\n","protected":false},"author":1,"featured_media":0,"parent":1290,"menu_order":0,"comment_status":"closed","ping_status":"closed","template":"template-left-sidebar.php","meta":{"footnotes":""},"class_list":["post-2322","page","type-page","status-publish","hentry"],"_links":{"self":[{"href":"https:\/\/www.esteio.com.br\/en\/wp-json\/wp\/v2\/pages\/2322","targetHints":{"allow":["GET"]}}],"collection":[{"href":"https:\/\/www.esteio.com.br\/en\/wp-json\/wp\/v2\/pages"}],"about":[{"href":"https:\/\/www.esteio.com.br\/en\/wp-json\/wp\/v2\/types\/page"}],"author":[{"embeddable":true,"href":"https:\/\/www.esteio.com.br\/en\/wp-json\/wp\/v2\/users\/1"}],"replies":[{"embeddable":true,"href":"https:\/\/www.esteio.com.br\/en\/wp-json\/wp\/v2\/comments?post=2322"}],"version-history":[{"count":3,"href":"https:\/\/www.esteio.com.br\/en\/wp-json\/wp\/v2\/pages\/2322\/revisions"}],"predecessor-version":[{"id":3741,"href":"https:\/\/www.esteio.com.br\/en\/wp-json\/wp\/v2\/pages\/2322\/revisions\/3741"}],"up":[{"embeddable":true,"href":"https:\/\/www.esteio.com.br\/en\/wp-json\/wp\/v2\/pages\/1290"}],"wp:attachment":[{"href":"https:\/\/www.esteio.com.br\/en\/wp-json\/wp\/v2\/media?parent=2322"}],"curies":[{"name":"wp","href":"https:\/\/api.w.org\/{rel}","templated":true}]}}