{"id":2324,"date":"2017-05-18T17:02:51","date_gmt":"2017-05-18T17:02:51","guid":{"rendered":"http:\/\/esteio.com.br\/?page_id=2324"},"modified":"2024-08-26T20:33:23","modified_gmt":"2024-08-26T20:33:23","slug":"oleoduto","status":"publish","type":"page","link":"https:\/\/www.esteio.com.br\/en\/executados\/pcm\/oleoduto\/","title":{"rendered":"Oleoduto Pilar-Macei\u00f3 e GLPDuto de S\u00e3o Lu\u00eds-MA"},"content":{"rendered":"[IMAGEM_CAROUSEL]\n<p class=\"subtitulo\">Objetivo<\/p>\n<p>Este trabalho teve por objetivo os Servi\u00e7os Preparat\u00f3rios para a Reabilita\u00e7\u00e3o do Oleoduto Pilar &#8211; Base de Macei\u00f3\/AL e no GLPduto S\u00e3o Luis 8&#8243; e 12&#8243; em S\u00e3o Luis\/MA, incluindo para tanto os Servi\u00e7os de Levantamentos para localiza\u00e7\u00e3o dos dutos existentes, a avalia\u00e7\u00e3o do revestimento e reparos no sistema de prote\u00e7\u00e3o cat\u00f3dica, os Servi\u00e7os de Levantamentos de dados para travessias cr\u00edticas e os Servi\u00e7os de Libera\u00e7\u00e3o de faixa.<\/p>\n<p class=\"subtitulo\">Regi\u00e3o de Trabalho<\/p>\n<p>Os trabalhos se desenvolveram na faixa de dutos de liga o terminal de Pilar a Macei\u00f3, com extens\u00e3o de aproximadamente 30km, assim como na faixa dos GLPDuto em S\u00e3o Lu\u00eds com extens\u00e3o aproximada de 6km.<\/p>\n<p class=\"subtitulo\">Localiza\u00e7\u00e3o de Dutos<\/p>\n<p>A Localiza\u00e7\u00e3o de Dutos enterrados foi realizada com a utiliza\u00e7\u00e3o do m\u00e9todo Pipeline Current Mapper &#8211; PCM. Foi realizada em duas etapas, inicialmente no Oleoduto Pilar-Macei\u00f3 e posteriormente nos GLPdutos de S\u00e3o Lu\u00eds do Maranh\u00e3o.<\/p>\n<p class=\"subtitulo\">Geoposicionamento<\/p>\n<p>Ap\u00f3s a Localiza\u00e7\u00e3o dos Dutos foi realizada a etapa de Geoposicionamento, utilizando a t\u00e9cnica GPS com o m\u00e9todo Stop-and-Go para obten\u00e7\u00e3o das coordenadas planialtim\u00e9tricas dos piquetes que demarcaram o posicionamento definido atrav\u00e9s do PCM.<\/p>\n<p class=\"subtitulo\">Inspe\u00e7\u00e3o de Revestimento<\/p>\n<p>Com o Levantamento PCM foi poss\u00edvel a gera\u00e7\u00e3o de relat\u00f3rios e gr\u00e1ficos. A an\u00e1lise destes gr\u00e1ficos permitiu a defini\u00e7\u00e3o dos trechos a serem vistoriados com o A-Frame. Finalmente, foi realizada compila\u00e7\u00e3o dos relat\u00f3rios com resultados do A-Frame e a determina\u00e7\u00e3o da criticidade das falhas no revestimento dos Dutos para posterior reparo.<\/p>\n<p class=\"subtitulo\">Cadastro de Propriedades<\/p>\n<p>Foi realizado o Cadastro de 33 im\u00f3veis situados na Comunidade Jaragu\u00e1 e que est\u00e3o localizadas sobre a faixa existente. Estes im\u00f3veis dever\u00e3o ser desapropriados visando \u00e0 manuten\u00e7\u00e3o da seguran\u00e7a operacional do OPMAC.<\/p>\n<p class=\"subtitulo\">Estudos de Travessias<\/p>\n<p>Foram realizados os Estudos de Travessias das Lagoas Manguaba, Munda\u00fa e Comunidade Jaragu\u00e1, visando estabelecer as condi\u00e7\u00f5es geol\u00f3gicas e hidrol\u00f3gicas de cada uma para a realiza\u00e7\u00e3o das travessias de dutos nestes locais.<\/p>\n<p>Esta etapa consiste no levantamento de informa\u00e7\u00f5es geol\u00f3gicas e geot\u00e9cnicas das margens destas travessias, bem como a avalia\u00e7\u00e3o hidrol\u00f3gica do curso d&#8217;\u00e1gua considerando todos os par\u00e2metros que possam influenciar na coloca\u00e7\u00e3o de dutos enterrados sob a l\u00e2mina d&#8217;\u00e1gua. De posse destes ensaios e an\u00e1lises, foi elaborado um relat\u00f3rio conclusivo sobre tais condi\u00e7\u00f5es e an\u00e1lises.<\/p>\n<p class=\"subtitulo\">Resultados<\/p>\n<p>Os resultados dos levantamentos realizados foram representados nas Plantas escala 1:1.000. A representa\u00e7\u00e3o dos vetores do Geoposicionamento e do Cadastramento foi feita sobre originais de folhas produzidas no projeto PEGASO, tendo como fundo as Ortofotos coloridas escala 1:1.000","protected":false},"excerpt":{"rendered":"<p>[IMAGEM_CAROUSEL] Objetivo Este trabalho teve por objetivo os Servi\u00e7os Preparat\u00f3rios para a Reabilita\u00e7\u00e3o do Oleoduto Pilar &#8211; Base de Macei\u00f3\/AL e no GLPduto S\u00e3o Luis 8&#8243; e 12&#8243; em S\u00e3o &#8230;<\/p>\n","protected":false},"author":1,"featured_media":6875,"parent":2322,"menu_order":0,"comment_status":"closed","ping_status":"closed","template":"template-left-sidebar.php","meta":{"footnotes":""},"class_list":["post-2324","page","type-page","status-publish","has-post-thumbnail","hentry"],"_links":{"self":[{"href":"https:\/\/www.esteio.com.br\/en\/wp-json\/wp\/v2\/pages\/2324","targetHints":{"allow":["GET"]}}],"collection":[{"href":"https:\/\/www.esteio.com.br\/en\/wp-json\/wp\/v2\/pages"}],"about":[{"href":"https:\/\/www.esteio.com.br\/en\/wp-json\/wp\/v2\/types\/page"}],"author":[{"embeddable":true,"href":"https:\/\/www.esteio.com.br\/en\/wp-json\/wp\/v2\/users\/1"}],"replies":[{"embeddable":true,"href":"https:\/\/www.esteio.com.br\/en\/wp-json\/wp\/v2\/comments?post=2324"}],"version-history":[{"count":8,"href":"https:\/\/www.esteio.com.br\/en\/wp-json\/wp\/v2\/pages\/2324\/revisions"}],"predecessor-version":[{"id":6880,"href":"https:\/\/www.esteio.com.br\/en\/wp-json\/wp\/v2\/pages\/2324\/revisions\/6880"}],"up":[{"embeddable":true,"href":"https:\/\/www.esteio.com.br\/en\/wp-json\/wp\/v2\/pages\/2322"}],"wp:featuredmedia":[{"embeddable":true,"href":"https:\/\/www.esteio.com.br\/en\/wp-json\/wp\/v2\/media\/6875"}],"wp:attachment":[{"href":"https:\/\/www.esteio.com.br\/en\/wp-json\/wp\/v2\/media?parent=2324"}],"curies":[{"name":"wp","href":"https:\/\/api.w.org\/{rel}","templated":true}]}}