{"id":2338,"date":"2017-05-18T17:26:31","date_gmt":"2017-05-18T17:26:31","guid":{"rendered":"http:\/\/esteio.com.br\/?page_id=2338"},"modified":"2017-05-22T18:05:51","modified_gmt":"2017-05-22T18:05:51","slug":"percepcao-remota","status":"publish","type":"page","link":"https:\/\/www.esteio.com.br\/en\/executados\/percepcao-remota\/","title":{"rendered":"Percep\u00e7\u00e3o Remota"},"content":{"rendered":"<p>Dados de sat\u00e9lites, manipulados atrav\u00e9s de programas de tratamento de imagens, contribuem para a elabora\u00e7\u00e3o de mapas tem\u00e1ticos que tornam-se vari\u00e1veis no processo de an\u00e1lise de um SIG.<\/p>\n<p>No processamento de imagens, utiliza-se a combina\u00e7\u00e3o de cores e tonalidades para aumentar a defini\u00e7\u00e3o espectral dos objetos ou dados. Para extrair informa\u00e7\u00f5es de uma imagem, \u00e9 fundamental o conhecimento espectral (intera\u00e7\u00e3o com a energia eletromagn\u00e9tica) dos objetos da superf\u00edcie terrestre.<\/p>\n<p>Dentre os programas de sat\u00e9lites comerciais, os mais famosos s\u00e3o o americano LANDSAT (Earth Resources Technology Systems &#8211; NASA) e o franc\u00eas SPOT (Satellite Probotoire de l&#8217;Observation de la Terre &#8211; CNES). O LANDSAT \u00e9 um sat\u00e9lite tem\u00e1tico com sensibilidade para 7 bandas espectrais com tamanho de pixel de 30m a 15m (LANDSAT 7). O SPOT \u00e9 um sensor multiespectral com resolu\u00e7\u00e3o de 20m e pancrom\u00e1tico com resolu\u00e7\u00e3o de 10m.<\/p>\n<p>Nos pr\u00f3ximos anos promete-se uma explos\u00e3o na quantidade e qualidade do imageamento por sat\u00e9lites. Se todos os programas comerciais e governamentais planejados forem implementados, teremos mais de uma dezena de sat\u00e9lites em \u00f3rbita polar fornecendo dados com resolu\u00e7\u00e3o variando de 1 a 30 m no formato pancrom\u00e1tico, multiespectral e radar.<\/p>\n<p>O \u00faltimo programa de imageamento de alta resolu\u00e7\u00e3o em opera\u00e7\u00e3o e em escala comercial \u00e9 o IKONOS II da SpaceImaging Inc.<\/p>\n<p>Podemos destacar os seguintes servi\u00e7os realizados pela ESTEIO na \u00e1rea de Percep\u00e7\u00e3o Remota:<\/p>\n","protected":false},"excerpt":{"rendered":"<p>Dados de sat\u00e9lites, manipulados atrav\u00e9s de programas de tratamento de imagens, contribuem para a elabora\u00e7\u00e3o de mapas tem\u00e1ticos que tornam-se vari\u00e1veis no processo de an\u00e1lise de um SIG. No processamento &#8230;<\/p>\n","protected":false},"author":1,"featured_media":0,"parent":1290,"menu_order":0,"comment_status":"closed","ping_status":"closed","template":"template-left-sidebar.php","meta":{"footnotes":""},"class_list":["post-2338","page","type-page","status-publish","hentry"],"_links":{"self":[{"href":"https:\/\/www.esteio.com.br\/en\/wp-json\/wp\/v2\/pages\/2338","targetHints":{"allow":["GET"]}}],"collection":[{"href":"https:\/\/www.esteio.com.br\/en\/wp-json\/wp\/v2\/pages"}],"about":[{"href":"https:\/\/www.esteio.com.br\/en\/wp-json\/wp\/v2\/types\/page"}],"author":[{"embeddable":true,"href":"https:\/\/www.esteio.com.br\/en\/wp-json\/wp\/v2\/users\/1"}],"replies":[{"embeddable":true,"href":"https:\/\/www.esteio.com.br\/en\/wp-json\/wp\/v2\/comments?post=2338"}],"version-history":[{"count":1,"href":"https:\/\/www.esteio.com.br\/en\/wp-json\/wp\/v2\/pages\/2338\/revisions"}],"predecessor-version":[{"id":2339,"href":"https:\/\/www.esteio.com.br\/en\/wp-json\/wp\/v2\/pages\/2338\/revisions\/2339"}],"up":[{"embeddable":true,"href":"https:\/\/www.esteio.com.br\/en\/wp-json\/wp\/v2\/pages\/1290"}],"wp:attachment":[{"href":"https:\/\/www.esteio.com.br\/en\/wp-json\/wp\/v2\/media?parent=2338"}],"curies":[{"name":"wp","href":"https:\/\/api.w.org\/{rel}","templated":true}]}}