{"id":2347,"date":"2017-05-18T17:55:43","date_gmt":"2017-05-18T17:55:43","guid":{"rendered":"http:\/\/esteio.com.br\/?page_id=2347"},"modified":"2017-12-08T18:07:16","modified_gmt":"2017-12-08T18:07:16","slug":"perfilamento-laser","status":"publish","type":"page","link":"https:\/\/www.esteio.com.br\/en\/executados\/perfilamento-laser\/","title":{"rendered":"Perfilamento a LASER"},"content":{"rendered":"<p>Uma das atividades que mais consomem tempo na Fotogrametria \u00e9 a obten\u00e7\u00e3o de Modelos Digitais de Eleva\u00e7\u00e3o ou do Terreno (MDE ou MDT). Este sub-produto cartogr\u00e1fico normalmente \u00e9 utilizado para a retifica\u00e7\u00e3o diferencial de ortofotos ou para obten\u00e7\u00e3o autom\u00e1tica de curvas de n\u00edvel.<\/p>\n<p>Podemos obter um MDE por Capta\u00e7\u00e3o Fotogram\u00e9trica, ou seja, restituindo curvas de n\u00edvel; executando um perfilamento por m\u00e9todo fotogram\u00e9trico; ou por meio de levantamento GPS em campo. Todos s\u00e3o m\u00e9todos v\u00e1lidos mais trabalhosos, pois envolvem equipes de campo ou fotogrametristas especializados.<\/p>\n<p>O Perfilamento a Laser \u00e9 uma tecnologia que est\u00e1 revolucionando esta metodologia, permitindo a obten\u00e7\u00e3o do MDE de maneira mais direta, evitando processos fotogram\u00e9tricos ou levantamentos com outras t\u00e9cnicas como GPS.<\/p>\n<p>A sua aplica\u00e7\u00e3o inicialmente prevista para MDE, hoje est\u00e1 bem diversificada uma vez que novos usos dos resultados do Perfilamento a Laser foram encontrados para as \u00e1reas de Telecomunica\u00e7\u00f5es, Engenharia Florestal e outros.<\/p>\n","protected":false},"excerpt":{"rendered":"<p>Uma das atividades que mais consomem tempo na Fotogrametria \u00e9 a obten\u00e7\u00e3o de Modelos Digitais de Eleva\u00e7\u00e3o ou do Terreno (MDE ou MDT). Este sub-produto cartogr\u00e1fico normalmente \u00e9 utilizado para &#8230;<\/p>\n","protected":false},"author":1,"featured_media":0,"parent":1290,"menu_order":0,"comment_status":"closed","ping_status":"closed","template":"template-left-sidebar.php","meta":{"footnotes":""},"class_list":["post-2347","page","type-page","status-publish","hentry"],"_links":{"self":[{"href":"https:\/\/www.esteio.com.br\/en\/wp-json\/wp\/v2\/pages\/2347","targetHints":{"allow":["GET"]}}],"collection":[{"href":"https:\/\/www.esteio.com.br\/en\/wp-json\/wp\/v2\/pages"}],"about":[{"href":"https:\/\/www.esteio.com.br\/en\/wp-json\/wp\/v2\/types\/page"}],"author":[{"embeddable":true,"href":"https:\/\/www.esteio.com.br\/en\/wp-json\/wp\/v2\/users\/1"}],"replies":[{"embeddable":true,"href":"https:\/\/www.esteio.com.br\/en\/wp-json\/wp\/v2\/comments?post=2347"}],"version-history":[{"count":1,"href":"https:\/\/www.esteio.com.br\/en\/wp-json\/wp\/v2\/pages\/2347\/revisions"}],"predecessor-version":[{"id":2348,"href":"https:\/\/www.esteio.com.br\/en\/wp-json\/wp\/v2\/pages\/2347\/revisions\/2348"}],"up":[{"embeddable":true,"href":"https:\/\/www.esteio.com.br\/en\/wp-json\/wp\/v2\/pages\/1290"}],"wp:attachment":[{"href":"https:\/\/www.esteio.com.br\/en\/wp-json\/wp\/v2\/media?parent=2347"}],"curies":[{"name":"wp","href":"https:\/\/api.w.org\/{rel}","templated":true}]}}