{"id":2355,"date":"2017-05-18T18:50:28","date_gmt":"2017-05-18T18:50:28","guid":{"rendered":"http:\/\/esteio.com.br\/?page_id=2355"},"modified":"2022-05-31T19:20:42","modified_gmt":"2022-05-31T19:20:42","slug":"brasol","status":"publish","type":"page","link":"https:\/\/www.esteio.com.br\/en\/executados\/perfilamento-laser\/brasol\/","title":{"rendered":"Mapeamento em Pirapora-MG para BRASOL"},"content":{"rendered":"[IMAGEM_CAROUSEL]\n<p>A BRASOL (Brasil A\u00e7\u00e3o Solid\u00e1ria) \u00e9 uma OSCIP que realiza servi\u00e7os de planejamento e projetos de infraestrutura urbana para munic\u00edpios de v\u00e1rias regi\u00f5es do pa\u00eds. Uma atua\u00e7\u00e3o no munic\u00edpio de Pirapora (MG) \u00e9 a realiza\u00e7\u00e3o do projeto de saneamento da \u00e1rea urbana do munic\u00edpio.<\/p>\n<p>Com o objetivo de obter uma base de dados planialtim\u00e9trica necess\u00e1ria para apoiar a realiza\u00e7\u00e3o destes projetos, a BRASOL buscou a aplica\u00e7\u00e3o de um sensor LASER aerotransportado, pela rapidez, precis\u00e3o e quantidade de dados que o sistema disponibiliza para uso.<\/p>\n<p>O mapeamento foi realizado numa \u00e1rea de 57 km\u00b2, abrangendo a \u00e1rea urbana do munic\u00edpio, com a gera\u00e7\u00e3o de um modelo digital de superf\u00edcie com no m\u00ednimo 1 ponto\/m\u00b2, modelo digital do terreno, gera\u00e7\u00e3o de curvas de n\u00edvel com equidist\u00e2ncia de 1 m e plantas com imagens de composi\u00e7\u00e3o hipsom\u00e9trica na escala 1:5.000.<\/p>\n<p>Al\u00e9m dos produtos cartogr\u00e1ficos, tamb\u00e9m foram implantados e medidos um par de marcos topogr\u00e1ficos para servirem de base geod\u00e9sica para os servi\u00e7os de mapeamento LASER, bem como para os servi\u00e7os de cadastro e implanta\u00e7\u00e3o do sistema de saneamento da cidade.<\/p>\n<p>Os servi\u00e7os de mapeamento foram desenvolvidos em fases, inicialmente com a escolha dos v\u00e9rtices e RRNN&#8217;s do IBGE existentes na regi\u00e3o, bem como da implanta\u00e7\u00e3o dos marcos topogr\u00e1ficos. Ap\u00f3s o reconhecimento e identifica\u00e7\u00e3o em campo dos v\u00e9rtices e RRNN&#8217;s , foi planejado o rastreio e o nivelamento dos marcos implantados.<\/p>\n<p>A escolha pelo cliente de uma RRNN&#8217;s localizada no centro do munic\u00edpio como marco topogr\u00e1fico, gerou a necessidade de implanta\u00e7\u00e3o de apenas um marco de azimute para o mesmo. A altitude determinada pelo IBGE desta refer\u00eancia de n\u00edvel foi verificada e a diferen\u00e7a encontrada estava dentro da toler\u00e2ncia apropriada.<\/p>\n<p>O par de marcos topogr\u00e1ficos foram medidos com rastreamento GPS e nivelados pelo m\u00e9todo geom\u00e9trico, devidamente processados e ajustados \u00e0 rede geod\u00e9sica oficial do IBGE (Instituto Brasileiro de Geografia e Estat\u00edstica).<\/p>\n<p>Ap\u00f3s a determina\u00e7\u00e3o das coordenadas do marco topogr\u00e1fico de origem do servi\u00e7o, as atividades de cobertura a\u00e9rea com o sensor LASER foram mobilizadas, j\u00e1 devidamente autorizadas pelo Minist\u00e9rio da Defesa. O planejamento da cobertura a\u00e9rea foi realizado considerando um voo com faixas cruzadas sobre a regi\u00e3o do servi\u00e7o.<\/p>\n<p>A realiza\u00e7\u00e3o da cobertura a\u00e9rea foi realizada tendo como base de opera\u00e7\u00f5es o aeroporto de Montes Claros, numa \u00fanica opera\u00e7\u00e3o de voo para a capta\u00e7\u00e3o dos dados altim\u00e9tricos em dezembro de 2009. A cobertura foi realizada a partir de 25 faixas de voo, a uma altura de 1.900 metros.<\/p>\n<p>Os dados captados foram processados, verificados e classificados para a gera\u00e7\u00e3o dos produtos previstos (Modelo Digital de Superf\u00edcie, Modelo Digital do Terreno, Curvas de N\u00edvel e Imagens de Composi\u00e7\u00e3o Hipsom\u00e9tricas). O mapeamento foi realizado e referenciado ao Datum Horizontal SAD-69 e no Datum Vertical do Mar\u00e9grafo de Imbituba.<\/p>\n<p>A valida\u00e7\u00e3o dos dados captados foi realizada a partir de compara\u00e7\u00e3o com informa\u00e7\u00f5es medidas por levantamento GPS de pontos de controle de qualidade, distribu\u00eddos ao longo da \u00e1rea, num total de 22 pontos.<\/p>\n<p>O resultado estat\u00edstico da valida\u00e7\u00e3o segue abaixo: M\u00e9dia (em M\u00f3dulo) = 0,090 m Desvio Padr\u00e3o = 0,075 m<\/p>\n<p>Conforme a estat\u00edstica apresentada acima, pode-se observar que a \u00e1rea medida atingiu a precis\u00e3o altim\u00e9trica de 0,09 m em 90% dos pontos, onde a precis\u00e3o requerida \u00e9 que 90% dos pontos devem atender a precis\u00e3o de:<\/p>\n<ol class=\"breadcrumb\">\n<li class=\"active\">\n<ul>\n<li>Erro Linear &lt;= 0,50 m para pontos localizados em \u00e1rea sem vegeta\u00e7\u00e3o<\/li>\n<li>Erro Linear &lt;= 2,00 m para pontos localizados em \u00e1rea com vegeta\u00e7\u00e3o.<\/li>\n<\/ul>\n<\/li>\n<\/ol>\n<p>Os produtos foram gerados a partir dos dados classificados e validados, considerando as especifica\u00e7\u00f5es t\u00e9cnicas estabelecidas, com um modelo digital de superf\u00edcie e um modelo digital do terreno para as aplica\u00e7\u00f5es de estudo e projeto da rede saneamento.<\/p>\n<p>Foram geradas imagens de composi\u00e7\u00e3o hipsom\u00e9tricas, que t\u00eam o objetivo de conjugar informa\u00e7\u00f5es altim\u00e9tricas e planim\u00e9tricas, para as an\u00e1lises necess\u00e1rias ao projeto em quest\u00e3o.<\/p>\n<p>Al\u00e9m disso, foi realizada a gera\u00e7\u00e3o de um mapa de intensidade para auxiliar na fase de projeto, servindo como pano de fundo, com a representa\u00e7\u00e3o das informa\u00e7\u00f5es planim\u00e9tricas, facilitando no momento do lan\u00e7amento das informa\u00e7\u00f5es da rede de saneamento.<\/p>\n<p>A \u00e1rea do mapeamento de Pirapora \u00e9 uma regi\u00e3o urbana com pouca cobertura vegetal e pouca varia\u00e7\u00e3o altim\u00e9trica. Essas caracter\u00edsticas tiveram cuidados espec\u00edficos nas configura\u00e7\u00f5es de voo e parametriza\u00e7\u00e3o no processamento e classifica\u00e7\u00e3o dos dados LASER, de forma a garantir a boa qualidade nas medi\u00e7\u00f5es do sistema LASER.<\/p>\n<p>Com base nas estat\u00edsticas dos pontos de controle, medidos em campo, j\u00e1 apresentadas anteriormente, considerando erros relativos ao processamento GPS, bem como a precis\u00e3o intr\u00ednseca do sistema LASER, \u00e9 possivel concluir que o servi\u00e7o atendeu a precis\u00e3o requerida para aplica\u00e7\u00e3o desejada.","protected":false},"excerpt":{"rendered":"<p>[IMAGEM_CAROUSEL] A BRASOL (Brasil A\u00e7\u00e3o Solid\u00e1ria) \u00e9 uma OSCIP que realiza servi\u00e7os de planejamento e projetos de infraestrutura urbana para munic\u00edpios de v\u00e1rias regi\u00f5es do pa\u00eds. Uma atua\u00e7\u00e3o no munic\u00edpio &#8230;<\/p>\n","protected":false},"author":1,"featured_media":0,"parent":2347,"menu_order":0,"comment_status":"closed","ping_status":"closed","template":"","meta":{"footnotes":""},"class_list":["post-2355","page","type-page","status-publish","hentry"],"_links":{"self":[{"href":"https:\/\/www.esteio.com.br\/en\/wp-json\/wp\/v2\/pages\/2355","targetHints":{"allow":["GET"]}}],"collection":[{"href":"https:\/\/www.esteio.com.br\/en\/wp-json\/wp\/v2\/pages"}],"about":[{"href":"https:\/\/www.esteio.com.br\/en\/wp-json\/wp\/v2\/types\/page"}],"author":[{"embeddable":true,"href":"https:\/\/www.esteio.com.br\/en\/wp-json\/wp\/v2\/users\/1"}],"replies":[{"embeddable":true,"href":"https:\/\/www.esteio.com.br\/en\/wp-json\/wp\/v2\/comments?post=2355"}],"version-history":[{"count":4,"href":"https:\/\/www.esteio.com.br\/en\/wp-json\/wp\/v2\/pages\/2355\/revisions"}],"predecessor-version":[{"id":6375,"href":"https:\/\/www.esteio.com.br\/en\/wp-json\/wp\/v2\/pages\/2355\/revisions\/6375"}],"up":[{"embeddable":true,"href":"https:\/\/www.esteio.com.br\/en\/wp-json\/wp\/v2\/pages\/2347"}],"wp:attachment":[{"href":"https:\/\/www.esteio.com.br\/en\/wp-json\/wp\/v2\/media?parent=2355"}],"curies":[{"name":"wp","href":"https:\/\/api.w.org\/{rel}","templated":true}]}}