{"id":2362,"date":"2017-05-18T18:58:06","date_gmt":"2017-05-18T18:58:06","guid":{"rendered":"http:\/\/esteio.com.br\/?page_id=2362"},"modified":"2022-05-31T19:28:52","modified_gmt":"2022-05-31T19:28:52","slug":"serra-sul","status":"publish","type":"page","link":"https:\/\/www.esteio.com.br\/en\/executados\/perfilamento-laser\/serra-sul\/","title":{"rendered":"Perfilamento a LASER em Serra Sul para CVRD"},"content":{"rendered":"[IMAGEM_CAROUSEL]\n<p>Para realizar suas atividades a CVRD &#8211; Companhia Vale do Rio Doce tem a necessidade de diversos projetos tais como: barragens, usinas, ferrovias, estradas e linhas de transmiss\u00e3o de energia el\u00e9trica.<\/p>\n<p>A ESTEIO foi contratada para realizar o mapeamento que servir\u00e1 como base para os projetos da CVRD. Foi elaborado um levantamento planialtim\u00e9trico de precis\u00e3o, utilizando LASER aerotransportado e c\u00e2mera a\u00e9rea fotogram\u00e9trica, na regi\u00e3o da Serra dos Caraj\u00e1s no Par\u00e1, totalizando 1.294,14 Km\u00b2 de mapeamento.<\/p>\n<p class=\"subtitulo\">LEVANTAMENTO LASER<\/p>\n<p>O equipamento utilizado pela ESTEIO S.A foi o ALTM 2025 da Optech Inc, este emite 25.000 pulsos LASER por segundo, possui \u00e2ngulo de varredura de at\u00e9 40\u00b0 e pode voar com altitude de at\u00e9 2.000 metros.<\/p>\n<p>Para este projeto utilizou-se um \u00e2ngulo de varredura de 20\u00b0 onde a altura m\u00e9dia de voo foi de 1000 metros. Estes par\u00e2metros resultaram em um espa\u00e7amento m\u00e9dio entre os pontos, no terreno, de 1 metro.<\/p>\n<p class=\"subtitulo\">CARACTER\u00cdSTICAS<\/p>\n<p>A regi\u00e3o de trabalho apresenta uma densidade de cobertura vegetal muito grande, al\u00e9m de dificuldade de acesso por via terrestre. Por este motivo o perfilamento LASER se mostrou ideal para a obten\u00e7\u00e3o da altimetria do terreno.<\/p>\n<p>As curvas de n\u00edvel foram obtidas, utilizando-se o arquivo de pontos sobre o terreno (MDT &#8211; Modelo Digital de Terreno) no programa Socet Set da Leica, com a sua ferramenta de importa\u00e7\u00e3o e manipula\u00e7\u00e3o de modelos digitais e algoritmos de suaviza\u00e7\u00e3o de curvas.<\/p>\n<p class=\"subtitulo\">RESULTADOS<\/p>\n<p>Estes produtos representam a exig\u00eancia de informa\u00e7\u00e3o cartogr\u00e1fica para subsidiar os Estudos de Viabilidade Final e da Engenharia dos projetos Cristalino, Mangan\u00eas, N-1, N\u00edquel do Vermelho, Serra Leste e Serra Sul. Eles caracterizam uma etapa importante do mapeamento, uma vez que trazem riqueza de informa\u00e7\u00e3o de locais com dificuldade de acesso, aus\u00eancia de informa\u00e7\u00e3o, restri\u00e7\u00f5es ambientais em um tempo ex\u00edguo para o levantamento.<\/p>\n<p>Os principais produtos e atividades desenvolvidas neste servi\u00e7o foram:<\/p>\n<ol class=\"breadcrumb\">\n<li class=\"active\">\n<ul>\n<li>Arquivos ASCII de pontos MDT, MDE e MEV obtidos do LASER;<\/li>\n<li>Arquivos altim\u00e9trico na escala 1:5.000, com curvas de n\u00edvel equidistantes de 1 m;<\/li>\n<li>Ortofotocartas planialtim\u00e9tricas na escala 1:5.000;<\/li>\n<li>Ortofotocartas planialtim\u00e9tricas na escala 1:20.000;<\/li>\n<li>Imagens de composi\u00e7\u00e3o Hipsom\u00e9trica\/Intensidade do MDE (Modelo Digital de Eleva\u00e7\u00e3o).<\/li>\n<\/ul>\n<\/li>\n<\/ol>","protected":false},"excerpt":{"rendered":"<p>[IMAGEM_CAROUSEL] Para realizar suas atividades a CVRD &#8211; Companhia Vale do Rio Doce tem a necessidade de diversos projetos tais como: barragens, usinas, ferrovias, estradas e linhas de transmiss\u00e3o de &#8230;<\/p>\n","protected":false},"author":1,"featured_media":0,"parent":2347,"menu_order":0,"comment_status":"closed","ping_status":"closed","template":"","meta":{"footnotes":""},"class_list":["post-2362","page","type-page","status-publish","hentry"],"_links":{"self":[{"href":"https:\/\/www.esteio.com.br\/en\/wp-json\/wp\/v2\/pages\/2362","targetHints":{"allow":["GET"]}}],"collection":[{"href":"https:\/\/www.esteio.com.br\/en\/wp-json\/wp\/v2\/pages"}],"about":[{"href":"https:\/\/www.esteio.com.br\/en\/wp-json\/wp\/v2\/types\/page"}],"author":[{"embeddable":true,"href":"https:\/\/www.esteio.com.br\/en\/wp-json\/wp\/v2\/users\/1"}],"replies":[{"embeddable":true,"href":"https:\/\/www.esteio.com.br\/en\/wp-json\/wp\/v2\/comments?post=2362"}],"version-history":[{"count":3,"href":"https:\/\/www.esteio.com.br\/en\/wp-json\/wp\/v2\/pages\/2362\/revisions"}],"predecessor-version":[{"id":6402,"href":"https:\/\/www.esteio.com.br\/en\/wp-json\/wp\/v2\/pages\/2362\/revisions\/6402"}],"up":[{"embeddable":true,"href":"https:\/\/www.esteio.com.br\/en\/wp-json\/wp\/v2\/pages\/2347"}],"wp:attachment":[{"href":"https:\/\/www.esteio.com.br\/en\/wp-json\/wp\/v2\/media?parent=2362"}],"curies":[{"name":"wp","href":"https:\/\/api.w.org\/{rel}","templated":true}]}}