{"id":2372,"date":"2017-05-18T19:27:46","date_gmt":"2017-05-18T19:27:46","guid":{"rendered":"http:\/\/esteio.com.br\/?page_id=2372"},"modified":"2022-05-31T19:23:18","modified_gmt":"2022-05-31T19:23:18","slug":"onca-puma","status":"publish","type":"page","link":"https:\/\/www.esteio.com.br\/en\/executados\/perfilamento-laser\/onca-puma\/","title":{"rendered":"Perfilamento a LASER em On\u00e7a Puma para CVRD"},"content":{"rendered":"[IMAGEM_CAROUSEL]\n<p>O Projeto On\u00e7a Puma foi adquirido pela Companhia Vale do Rio Doce em Dezembro de 2005. Situado no munic\u00edpio de Ouril\u00e2ndia do Norte, no sudeste do Par\u00e1, o Projeto visa o aproveitamento dos dep\u00f3sitos de n\u00edquel later\u00edtico localizados nas serras do On\u00e7a e do Puma, que se estendem pelos munic\u00edpios de Ouril\u00e2ndia do Norte, S\u00e3o Felix do Xingu e Parauapebas.<\/p>\n<p>O complexo On\u00e7a Puma passou por uma primeira fase de pesquisa geol\u00f3gica na d\u00e9cada de 70, conduzida pela Minerasul, subsidi\u00e1ria da Canadense Inco, e em 2001 a Canico Resource Corp. assumiu as \u00e1reas minerais naquela regi\u00e3o.<\/p>\n<p>Em 2002 iniciou-se uma extensa campanha de sondagem para defini\u00e7\u00e3o dos recursos geol\u00f3gicos com 171.190 metros de sondagem, diamantada, executados at\u00e9 o final de junho de 2005.<\/p>\n<p>A avalia\u00e7\u00e3o dos resultados da campanha revelou recursos minerais de 110,32 milh\u00f5es de toneladas de min\u00e9rio later\u00edtico (saprol\u00edtico), com teor m\u00e9dio de n\u00edquel contido de 1,72% (18%Fe2O3 25% MgO) e 314 milh\u00f5es de toneladas de n\u00edquel limon\u00edtico, com teor m\u00e9dio de 0,75% de n\u00edquel contido (33%Fe2O3 2%MgO).<\/p>\n<p>Mais de 500 toneladas de amostras de min\u00e9rio foram enviadas para a Noruega e Estados Unidos para comprova\u00e7\u00e3o de adequabilidade do processo ao tipo de min\u00e9rio, atrav\u00e9s de testes metal\u00fargicos, com excelentes \u00edndices de recupera\u00e7\u00e3o de ferron\u00edquel, qualidade e estabilidade operacional.<\/p>\n<p>O Estudo de Viabilidade, conclu\u00eddo em agosto de 2005, consolida o dep\u00f3sito como &#8220;Classe Mundial&#8221; e confirma a excelente viabilidade econ\u00f4mica do empreendimento.<\/p>\n<p>A ESTEIO foi contratada para realizar o mapeamento que servir\u00e1 como base para os projetos de engenharia da On\u00e7a Puma. Foi elaborado um levantamento planialtim\u00e9trico de precis\u00e3o, utilizando LASER aerotransportado e c\u00e2mera a\u00e9rea fotogram\u00e9trica, na regi\u00e3o de Ouril\u00e2ndia do Norte no Par\u00e1, totalizando 891,0 Km2 de mapeamento.<\/p>\n<p class=\"subtitulo\">LEVANTAMENTO LASER<\/p>\n<p>O equipamento utilizado pela ESTEIO S.A foi o ALTM 2025 da Optech Inc, este emite 25.000 pulsos LASER por segundo, possui \u00e2ngulo de varredura de at\u00e9 40\u00b0 e pode voar com altitude de at\u00e9 2.000 metros.<\/p>\n<p>Para este servi\u00e7o utilizou-se um \u00e2ngulo de varredura de 20\u00b0 onde a altura m\u00e9dia de voo foi de 1000 metros. Estes par\u00e2metros resultaram em um espa\u00e7amento m\u00e9dio entre os pontos, no terreno, de 1 metro.<\/p>\n<p class=\"subtitulo\">CARACTER\u00cdSTICAS<\/p>\n<p>Algumas regi\u00f5es de trabalho apresentam uma densidade de cobertura vegetal muito grande, al\u00e9m de dificuldade de acesso por via terrestre. Por este motivo o perfilamento LASER se mostrou ideal para a obten\u00e7\u00e3o da altimetria do terreno.<\/p>\n<p>As curvas de n\u00edvel foram obtidas, utilizando-se o arquivo de pontos sobre o terreno (MDT &#8211; Modelo Digital de Terreno) no programa Socet Set da Leica, com a sua ferramenta de importa\u00e7\u00e3o e manipula\u00e7\u00e3o de modelos digitais e algoritmos de suaviza\u00e7\u00e3o de curvas.<\/p>\n<p>Com a informa\u00e7\u00e3o dos arquivos processados (coordenadas E,N,h) dos pontos levantados e com o uso do programa QT Modeler da Johns Hopkins University, foram geradas imagens de composi\u00e7\u00e3o, hipsom\u00e9trica\/intensidade, nas quais as diferen\u00e7as de cota s\u00e3o apresentadas na forma de diferen\u00e7a de tonalidade e posteriormente fundidas as informa\u00e7\u00f5es das diferen\u00e7as de tonalidade dos pulsos LASER.<\/p>\n<p class=\"subtitulo\">QUALIDADE DO MDT<\/p>\n<p>A fim de comprovar a qualidade do MDT gerado, foram comparados 107 pontos distribu\u00eddos pela \u00e1rea do projeto. Estes pontos foram determinados atrav\u00e9s de processos topogr\u00e1ficos e fornecidos a ESTEIO pela On\u00e7a Puma ainda foram acrescentados a esta analise 40 pontos levantados pela ESTEIO utilizando-se GPS por processo est\u00e1tico r\u00e1pido. O servi\u00e7o foi executado observando a qualidade, confiabilidade e dentro das toler\u00e2ncias topogr\u00e1ficas conforme especifica\u00e7\u00f5es abaixo:<\/p>\n<ol class=\"breadcrumb\">\n<li class=\"active\">\n<ul>\n<li>Erro linear&lt;= 0,50 metros para pontos sem vegeta\u00e7\u00e3o;<\/li>\n<li>Erro linear&lt;= 2,00 metros para pontos com vegeta\u00e7\u00e3o.<\/li>\n<\/ul>\n<\/li>\n<\/ol>\n<p>Foi feita a compara\u00e7\u00e3o entre as cotas dos pontos fornecidos pela ON\u00c7A PUMA, levantamento topogr\u00e1fico, com o Modelo Digital do Terreno (MDT) gerado pelo LASER. Na tabela abaixo apresentamos os resultados da compara\u00e7\u00e3o altim\u00e9trica de cada ponto:<\/p>\n<div class=\"row\">\n<div class=\"col-md-4\">\n<\/div>\n<div class=\"col-md-4\">\n<table class=\"tabela\">\n<tbody>\n<tr>\n<td>Total de Pontos<\/td>\n<td>\n<p class=\"centro\">147<\/p>\n<\/td>\n<\/tr>\n<tr>\n<td>Pontos sem Vegeta\u00e7\u00e3o<\/td>\n<td>\n<p class=\"centro\">61<\/p>\n<\/td>\n<\/tr>\n<tr>\n<td>Pontos com Vegeta\u00e7\u00e3o<\/td>\n<td>\n<p class=\"centro\">86<\/p>\n<\/td>\n<\/tr>\n<tr>\n<td>M\u00e9dia Geral (m)<\/td>\n<td>\n<p class=\"centro\">0,09<\/p>\n<\/td>\n<\/tr>\n<tr>\n<td>Desvio Padr\u00e3o (m)<\/td>\n<td>\n<p class=\"centro\">0,74<\/p>\n<\/td>\n<\/tr>\n<\/tbody>\n<\/table>\n<\/div>\n<\/div>\n<p>Os principais produtos e atividades desenvolvidas neste servi\u00e7o foram:<\/p>\n<ol class=\"breadcrumb\">\n<li class=\"active\">\n<ul>\n<li>Mapas na Escala de 1:5.000, com curvas de 1 em 1 metro (em meio digital), plotados em papel glossy paper (curvas de 5 em 5 metros);<\/li>\n<li>Mapas na Escala de 1:20.000, com curvas de 5 em 5 metros (em meio digital), plotados em papel glossy paper (curvas de 25 em 25 metros);<\/li>\n<li>Ortofotos adicionadas como pano de fundo nos mapas na Escala 1: 5.000 e 1:20.000;<\/li>\n<li>Filmagem recobrindo a \u00e1rea do levantamento LASER em DVD&#8217;s;<\/li>\n<li>Imagens de composi\u00e7\u00e3o hipsom\u00e9trica\/intensidade, adicionadas como pano de fundo nos mapas na Escala 1: 5.000;<\/li>\n<li>Imagens de composi\u00e7\u00e3o hipsom\u00e9trica\/intensidade, adicionadas como pano de fundo nos mapas na Escala 1: 20.000;<\/li>\n<li>Arquivos de pontos MDE, MDT e MEV (pontos acima do terreno);<\/li>\n<li>Mapa Chave Escala 1:50.000.<\/li>\n<\/ul>\n<\/li>\n<\/ol>","protected":false},"excerpt":{"rendered":"<p>[IMAGEM_CAROUSEL] O Projeto On\u00e7a Puma foi adquirido pela Companhia Vale do Rio Doce em Dezembro de 2005. Situado no munic\u00edpio de Ouril\u00e2ndia do Norte, no sudeste do Par\u00e1, o Projeto &#8230;<\/p>\n","protected":false},"author":1,"featured_media":0,"parent":2347,"menu_order":0,"comment_status":"closed","ping_status":"closed","template":"","meta":{"footnotes":""},"class_list":["post-2372","page","type-page","status-publish","hentry"],"_links":{"self":[{"href":"https:\/\/www.esteio.com.br\/en\/wp-json\/wp\/v2\/pages\/2372","targetHints":{"allow":["GET"]}}],"collection":[{"href":"https:\/\/www.esteio.com.br\/en\/wp-json\/wp\/v2\/pages"}],"about":[{"href":"https:\/\/www.esteio.com.br\/en\/wp-json\/wp\/v2\/types\/page"}],"author":[{"embeddable":true,"href":"https:\/\/www.esteio.com.br\/en\/wp-json\/wp\/v2\/users\/1"}],"replies":[{"embeddable":true,"href":"https:\/\/www.esteio.com.br\/en\/wp-json\/wp\/v2\/comments?post=2372"}],"version-history":[{"count":4,"href":"https:\/\/www.esteio.com.br\/en\/wp-json\/wp\/v2\/pages\/2372\/revisions"}],"predecessor-version":[{"id":6383,"href":"https:\/\/www.esteio.com.br\/en\/wp-json\/wp\/v2\/pages\/2372\/revisions\/6383"}],"up":[{"embeddable":true,"href":"https:\/\/www.esteio.com.br\/en\/wp-json\/wp\/v2\/pages\/2347"}],"wp:attachment":[{"href":"https:\/\/www.esteio.com.br\/en\/wp-json\/wp\/v2\/media?parent=2372"}],"curies":[{"name":"wp","href":"https:\/\/api.w.org\/{rel}","templated":true}]}}