{"id":2378,"date":"2017-05-18T19:36:59","date_gmt":"2017-05-18T19:36:59","guid":{"rendered":"http:\/\/esteio.com.br\/?page_id=2378"},"modified":"2022-05-31T19:30:32","modified_gmt":"2022-05-31T19:30:32","slug":"estradas-salobo","status":"publish","type":"page","link":"https:\/\/www.esteio.com.br\/en\/executados\/perfilamento-laser\/estradas-salobo\/","title":{"rendered":"Perfilamento a LASER na Estrada de Acesso ao SALOBO para CVRD"},"content":{"rendered":"[IMAGEM_CAROUSEL]\n<p class=\"subtitulo\">O Projeto<\/p>\n<p>O Salobo, a maior jazida de cobre j\u00e1 descoberta no Brasil, est\u00e1 localizado na Floresta Nacional Tapirap\u00e9-Aquiri, extremo oeste de Marab\u00e1 (250 km) e 90 km de Parauapebas, no Estado do Par\u00e1, com capacidade inicial para produ\u00e7\u00e3o de 270 mil toneladas de concentrado de cobre.<\/p>\n<p class=\"subtitulo\">Mapeamento Realizado<\/p>\n<p>Para atender os requisitos de obten\u00e7\u00e3o de dados cartogr\u00e1ficos, para o projeto Estrada de acesso ao SALOBO, a ESTEIO utilizou a tecnologia de Perfilamento LASER com uso do equipamento ALS 50 II da Leica; para uma \u00e1rea de 130,4 km\u00b2.<\/p>\n<p>O processo de levantamento planialtim\u00e9trico com o Sistema ALS50 II, necess\u00e1rio ao mapeamento contratado, consistiu basicamente nas seguintes etapas:<\/p>\n<ol class=\"breadcrumb\">\n<li class=\"active\">\n<ul>\n<li>Planejamento de Voo;<\/li>\n<li>Mobiliza\u00e7\u00e3o;<\/li>\n<li>Levantamento Topogr\u00e1fico;<\/li>\n<li>Cobertura LASER;<\/li>\n<li>Processamento dos Dados LASER e Gera\u00e7\u00e3o de Produtos.<\/li>\n<\/ul>\n<\/li>\n<\/ol>\n<p>Foram realizados cerca de 678 km de faixas de perfilamento a LASER com o objetivo de gerar mapas de composi\u00e7\u00e3o (fus\u00e3o entre imagens hipsom\u00e9tricas e de intensidade) na escala 1:5.000 e curvas de n\u00edvel com equidist\u00e2ncia de 1 m.<\/p>\n<p>Ao todo foram realizadas 18 faixas de voo LASER, sendo que a altura m\u00e9dia de voo para o perfilamento foi de 2100 metros e a largura das faixas de voo em torno de 745 metros (com \u00e2ngulo de 20\u00b0 de abertura). Com isso conseguimos obter uma densidade m\u00e9dia de pontos de 1 pto\/m\u00b2.<\/p>\n<p>Visando validar as atividades LASER foram realizados em campo, pontos de controle altim\u00e9trico, al\u00e9m de levantamentos GPS para base do voo de perfilamento Laser.<\/p>\n<p>Na etapa de cobertura LASER, a equipe de voo trabalhou em conjunto com as equipes da CVRD (N\u00facleo de Caraj\u00e1s &#8211; Setor de Topografia), uma vez que a base de origem das coordenadas foi uma esta\u00e7\u00e3o de rastreio cont\u00ednuo da CVRD, localizada no n\u00facleo de Caraj\u00e1s\/(PA).<\/p>\n<p>A fim de comprovar a qualidade do MDT gerado, foram comparados 59 pontos distribu\u00eddos pela \u00e1rea. O servi\u00e7o foi executado observando a qualidade, confiabilidade e dentro das toler\u00e2ncias topogr\u00e1ficas conforme especifica\u00e7\u00f5es contratuais.<\/p>\n<p>Houve por parte da ESTEIO uma preocupa\u00e7\u00e3o com o controle de qualidade para melhor atender a CVRD, principalmente no que se refere \u00e0 liga\u00e7\u00e3o dos produtos contratados nessa etapa com produtos de outras contrata\u00e7\u00f5es.<\/p>\n<p class=\"subtitulo\">Produtos<\/p>\n<p>O resultado do Perfilamento a LASER proporcionou a confec\u00e7\u00e3o dos seguintes produtos cartogr\u00e1ficos:<\/p>\n<ol class=\"breadcrumb\">\n<li class=\"active\">\n<ul>\n<li>Mapas na Escala de 1:5.000, com curvas de 1 em 1 metro;<\/li>\n<li>Mosaico de V\u00eddeo, adicionadas como pano de fundo nos mapas na Escala 1: 5.000;<\/li>\n<li>Imagens de composi\u00e7\u00e3o (hipsom\u00e9trico + intensidade), adicionados como pano de fundo nos mapas em escala 1:5.000;<\/li>\n<li>V\u00eddeo em DVD das regi\u00f5es cobertas;<\/li>\n<li>Mapas na Escala de 1:20.000, com curvas de 20 em 20 metro;<\/li>\n<li>Arquivos de pontos MDE, MDT e LAS (pontos acima do terreno).<\/li>\n<\/ul>\n<\/li>\n<\/ol>","protected":false},"excerpt":{"rendered":"<p>[IMAGEM_CAROUSEL] O Projeto O Salobo, a maior jazida de cobre j\u00e1 descoberta no Brasil, est\u00e1 localizado na Floresta Nacional Tapirap\u00e9-Aquiri, extremo oeste de Marab\u00e1 (250 km) e 90 km de &#8230;<\/p>\n","protected":false},"author":1,"featured_media":0,"parent":2347,"menu_order":0,"comment_status":"closed","ping_status":"closed","template":"","meta":{"footnotes":""},"class_list":["post-2378","page","type-page","status-publish","hentry"],"_links":{"self":[{"href":"https:\/\/www.esteio.com.br\/en\/wp-json\/wp\/v2\/pages\/2378","targetHints":{"allow":["GET"]}}],"collection":[{"href":"https:\/\/www.esteio.com.br\/en\/wp-json\/wp\/v2\/pages"}],"about":[{"href":"https:\/\/www.esteio.com.br\/en\/wp-json\/wp\/v2\/types\/page"}],"author":[{"embeddable":true,"href":"https:\/\/www.esteio.com.br\/en\/wp-json\/wp\/v2\/users\/1"}],"replies":[{"embeddable":true,"href":"https:\/\/www.esteio.com.br\/en\/wp-json\/wp\/v2\/comments?post=2378"}],"version-history":[{"count":3,"href":"https:\/\/www.esteio.com.br\/en\/wp-json\/wp\/v2\/pages\/2378\/revisions"}],"predecessor-version":[{"id":6406,"href":"https:\/\/www.esteio.com.br\/en\/wp-json\/wp\/v2\/pages\/2378\/revisions\/6406"}],"up":[{"embeddable":true,"href":"https:\/\/www.esteio.com.br\/en\/wp-json\/wp\/v2\/pages\/2347"}],"wp:attachment":[{"href":"https:\/\/www.esteio.com.br\/en\/wp-json\/wp\/v2\/media?parent=2378"}],"curies":[{"name":"wp","href":"https:\/\/api.w.org\/{rel}","templated":true}]}}