{"id":2380,"date":"2017-05-18T19:51:06","date_gmt":"2017-05-18T19:51:06","guid":{"rendered":"http:\/\/esteio.com.br\/?page_id=2380"},"modified":"2022-05-31T19:32:34","modified_gmt":"2022-05-31T19:32:34","slug":"ferrous-resources","status":"publish","type":"page","link":"https:\/\/www.esteio.com.br\/en\/executados\/perfilamento-laser\/ferrous-resources\/","title":{"rendered":"Mapeamento LiDAR em Oito \u00c1reas de Minas Gerais para Ferrous Resources"},"content":{"rendered":"[IMAGEM_CAROUSEL]\n<p>Com sede em Belo Horizonte, e sendo uma empresa relacionada com capital fechado de fundos institucionais de investidores estrangeiros, al\u00e9m de empresas de capital nacional, a FERROUS segundo registros noticiados, inicialmente tem a pretens\u00e3o de ser uma fornecedora do mercado interno, aumentando gradualmente a produ\u00e7\u00e3o para exporta\u00e7\u00e3o, e a partir disso, segundo ve\u00edculos de comunica\u00e7\u00e3o, figurar entre as maiores do mundo em seu setor.<\/p>\n<p class=\"subtitulo\">Objeto do Servi\u00e7o<\/p>\n<p>A ESTEIO foi contratada pela Ferrous para execu\u00e7\u00e3o de servi\u00e7os de perfilamento LASER aerotransportado e levantamento aerofotogram\u00e9trico, em oito \u00e1reas totalizando 248,17 km\u00b2, localizadas no Estado de Minas Gerais, conforme detalhado abaixo.<\/p>\n<div class=\"row\">\n<div class=\"col-md-2\">\n<\/div>\n<div class=\"col-md-8\">\n<table class=\"tabela\">\n<tbody>\n<tr>\n<td><strong>Identifica\u00e7\u00e3o (Nome)<\/strong><\/td>\n<td><strong>\u00c1rea (km)<\/strong><\/td>\n<td><strong>Localiza\u00e7\u00e3o (Munic\u00edpios Atingidos)<\/strong><\/td>\n<\/tr>\n<tr>\n<td>Sertanense<\/td>\n<td>\n<p class=\"centro\">3,57<\/p>\n<\/td>\n<td>Munic\u00edpios de Itatia\u00e7u e Mateus Leme \/ MG<\/td>\n<\/tr>\n<tr>\n<td>Esperan\u00e7a<\/td>\n<td>\n<p class=\"centro\">32,77<\/p>\n<\/td>\n<td>Munic\u00edpios de S\u00e3o Joaquim de Bicas , Mario Campos e Brumadinho \/MG<\/td>\n<\/tr>\n<tr>\n<td>Esperan\u00e7a Norte<\/td>\n<td>\n<p class=\"centro\">12,75<\/p>\n<\/td>\n<td>Munic\u00edpios de S\u00e3o Joaquim de Bicas e M\u00e1rio Campos \/MG<\/td>\n<\/tr>\n<tr>\n<td>Serrinha<\/td>\n<td>\n<p class=\"centro\">61,48<\/p>\n<\/td>\n<td>Munic\u00edpios de Brumadinho, Nova Lima e Itabirito \/MG<\/td>\n<\/tr>\n<tr>\n<td>TCLD &#8211; P\u00e1tio<\/td>\n<td>\n<p class=\"centro\">48,60<\/p>\n<\/td>\n<td>Munic\u00edpios de Brumadinho \/MG<\/td>\n<\/tr>\n<tr>\n<td>Viga<\/td>\n<td>\n<p class=\"centro\">36,80<\/p>\n<\/td>\n<td>Munic\u00edpios de Congonhas e Belo Vale \/MG<\/td>\n<\/tr>\n<tr>\n<td>Viga Norte<\/td>\n<td>\n<p class=\"centro\">27,00<\/p>\n<\/td>\n<td>Munic\u00edpios de Itabirito \/MG<\/td>\n<\/tr>\n<tr>\n<td>Viga Sul<\/td>\n<td>\n<p class=\"centro\">25,20<\/p>\n<\/td>\n<td>Munic\u00edpios de Congonhas e Jeceaba \/MG<\/td>\n<\/tr>\n<\/tbody>\n<\/table>\n<\/div>\n<\/div>\n<p class=\"subtitulo\">Localiza\u00e7\u00e3o das \u00c1reas de Trabalho<\/p>\n<p>As \u00e1reas est\u00e3o localizadas no quadril\u00e1tero ferr\u00edfero de Minas Gerais que \u00e9 considerada a maior prov\u00edncia mineral do planeta.<\/p>\n<p>A mina de Serrinha que pertencia a antiga minera\u00e7\u00e3o EMESA, situada no munic\u00edpio de Brumadinho\/MG estava sem atividades havia 13 anos.<\/p>\n<p>Explorada desde a d\u00e9cada de 40, com 1.567 hectares de extens\u00e3o, a mina Esperan\u00e7a, em Brumadinho, deve produzir 5 milh\u00f5es de toneladas at\u00e9 o final de 2009.<\/p>\n<p>Segundo noticias tamb\u00e9m veiculadas pela imprensa, estima-se que as jazidas apresentem reservas superiores a 2 bilh\u00f5es de toneladas de min\u00e9rio de ferro. As estimativas dos recursos minerais dessas \u00e1reas permitem proje\u00e7\u00f5es de produ\u00e7\u00e3o de 50 milh\u00f5es de toneladas por ano a partir de 2014.<\/p>\n<p class=\"subtitulo\">Cobertura Aerofotogram\u00e9trica<\/p>\n<p>Para atender os requisitos de obten\u00e7\u00e3o de dados cartogr\u00e1ficos, a ESTEIO utilizou a tecnologia de Perfilamento LASER com uso do equipamento ALS 50 II da Leica.<\/p>\n<p>Considerando os resultados espec\u00edficos de levantamentos LASER, a Ferrous poder\u00e1 realizar estudos do relevo do terreno que poder\u00e3o auxiliar numa vis\u00e3o mais detalhada cortes e aterros;<\/p>\n<p>Como atividade inicial para este servi\u00e7o, a ESTEIO realizou cobertura aerofotogram\u00e9trica colorida com o uso de sensor digital LEICA ADS 40.<\/p>\n<p>A cobertura aerofotogram\u00e9trica foi realizada considerando os seguintes par\u00e2metros:<\/p>\n<ol class=\"breadcrumb\">\n<li class=\"active\">\n<ul>\n<li>GSD (Ground Sample Distance) m\u00e1ximo: 40 cm;<\/li>\n<li>Altura de voo: 3.858,00 metros;<\/li>\n<li>Largura da faixa: 4.800 metros;<\/li>\n<li>Superposi\u00e7\u00e3o Lateral (m\u00ednima): 30%;<\/li>\n<li>Faixas espectrais registradas: R, G, B, PAN e Infravermelho;<\/li>\n<\/ul>\n<\/li>\n<\/ol>\n<p class=\"subtitulo\">Levantamento LASER<\/p>\n<p>Para atender os requisitos de obten\u00e7\u00e3o de dados altim\u00e9tricos, a ESTEIO utilizou a tecnologia de Perfilamento LASER com uso do equipamento ALS 50 II da Leica.<\/p>\n<p>Para este servi\u00e7o utilizou-se um \u00e2ngulo de varredura de 30\u00b0 e uma altura m\u00e9dia de voo de 2100 m. Estes par\u00e2metros resultaram em um espa\u00e7amento entre os pontos, no terreno, de aproximadamente 1 metro.<\/p>\n<p class=\"subtitulo\">Qualidade do MDT<\/p>\n<p>Visando validar as atividades LASER, foram realizados em campo, pontos de controle altim\u00e9trico, al\u00e9m de levantamentos GPS para base do voo de perfilamento LASER.<\/p>\n<p>A fim de comprovar a qualidade do MDT gerado, foram comparados 100 pontos distribu\u00eddos pelas \u00e1reas. O servi\u00e7o foi executado observando a qualidade, confiabilidade e dentro das toler\u00e2ncias topogr\u00e1ficas conforme especifica\u00e7\u00f5es contratuais:<\/p>\n<ol class=\"breadcrumb\">\n<li class=\"active\">\n<ul>\n<li>Erro linear&lt;= 0,50 metros para pontos sem vegeta\u00e7\u00e3o;<\/li>\n<li>Erro linear&lt;= 2,00 metros para pontos com vegeta\u00e7\u00e3o;<\/li>\n<\/ul>\n<\/li>\n<\/ol>\n<p>O resumo estat\u00edstico da compara\u00e7\u00e3o entre GPS e LASER, comprova a qualidade citada anteriormente:<\/p>\n<div class=\"row\">\n<div class=\"col-md-4\">\n<\/div>\n<div class=\"col-md-4\">\n<table class=\"tabela\">\n<tbody>\n<tr>\n<td>Diferen\u00e7a M\u00e1xima (m)<\/td>\n<td>0,723<\/td>\n<\/tr>\n<tr>\n<td>Diferen\u00e7a M\u00ednima (m)<\/td>\n<td>-0,77<\/td>\n<\/tr>\n<tr>\n<td>M\u00e9dia (m)<\/td>\n<td>0,072<\/td>\n<\/tr>\n<tr>\n<td>Desvio Padr\u00e3o (m)<\/td>\n<td>0,269<\/td>\n<\/tr>\n<\/tbody>\n<\/table>\n<\/div>\n<\/div>\n<p>A rapidez na obten\u00e7\u00e3o das informa\u00e7\u00f5es em campo e no processamento em escrit\u00f3rio, fez com que a equipe de topogragia e GPS da FERROUS pudesse ter tempo h\u00e1bil para atestar tamb\u00e9m a qualidade dos resultados e produtos emitidos.<\/p>\n<p class=\"subtitulo\">Produtos<\/p>\n<p>FERROUS ter\u00e1 condi\u00e7\u00f5es de incorparar nesses produtos, resultados de levantamentos topogr\u00e1ficos realizados por ela ou por terceiros e com isso manipular v\u00e1rias informa\u00e7\u00f5es num mesmo produto e com o mesmo georreferenciamento.<\/p>\n<p>A partir dos produtos emitidos \u00e9 poss\u00edvel determinar os melhores acessos \u00e0s minas, al\u00e9m \u00e9 claro de poder aliar esses produtos com quaisquer resultados geol\u00f3gicos\/geot\u00e9cnicos existentes ou planejados, e assim estabelecer o volume de retirada de material nas \u00e1reas de interesse.<\/p>\n<p>Os resultados do Perfilamento a LASER e da cobertura aerofotogram\u00e9trica proporcionaram a confec\u00e7\u00e3o dos seguintes produtos cartogr\u00e1ficos:<\/p>\n<ul>\n<li>Plantas em Escala de 1:5.000, com curvas de 1 em 1 metro;<\/li>\n<li>Arquivos de pontos MDT e MDE (ASCII);<\/li>\n<\/ul>","protected":false},"excerpt":{"rendered":"<p>[IMAGEM_CAROUSEL] Com sede em Belo Horizonte, e sendo uma empresa relacionada com capital fechado de fundos institucionais de investidores estrangeiros, al\u00e9m de empresas de capital nacional, a FERROUS segundo registros &#8230;<\/p>\n","protected":false},"author":1,"featured_media":0,"parent":2347,"menu_order":0,"comment_status":"closed","ping_status":"closed","template":"","meta":{"footnotes":""},"class_list":["post-2380","page","type-page","status-publish","hentry"],"_links":{"self":[{"href":"https:\/\/www.esteio.com.br\/en\/wp-json\/wp\/v2\/pages\/2380","targetHints":{"allow":["GET"]}}],"collection":[{"href":"https:\/\/www.esteio.com.br\/en\/wp-json\/wp\/v2\/pages"}],"about":[{"href":"https:\/\/www.esteio.com.br\/en\/wp-json\/wp\/v2\/types\/page"}],"author":[{"embeddable":true,"href":"https:\/\/www.esteio.com.br\/en\/wp-json\/wp\/v2\/users\/1"}],"replies":[{"embeddable":true,"href":"https:\/\/www.esteio.com.br\/en\/wp-json\/wp\/v2\/comments?post=2380"}],"version-history":[{"count":9,"href":"https:\/\/www.esteio.com.br\/en\/wp-json\/wp\/v2\/pages\/2380\/revisions"}],"predecessor-version":[{"id":6413,"href":"https:\/\/www.esteio.com.br\/en\/wp-json\/wp\/v2\/pages\/2380\/revisions\/6413"}],"up":[{"embeddable":true,"href":"https:\/\/www.esteio.com.br\/en\/wp-json\/wp\/v2\/pages\/2347"}],"wp:attachment":[{"href":"https:\/\/www.esteio.com.br\/en\/wp-json\/wp\/v2\/media?parent=2380"}],"curies":[{"name":"wp","href":"https:\/\/api.w.org\/{rel}","templated":true}]}}