{"id":2401,"date":"2017-05-19T17:39:38","date_gmt":"2017-05-19T17:39:38","guid":{"rendered":"http:\/\/esteio.com.br\/?page_id=2401"},"modified":"2022-05-31T19:35:46","modified_gmt":"2022-05-31T19:35:46","slug":"ipef","status":"publish","type":"page","link":"https:\/\/www.esteio.com.br\/en\/executados\/perfilamento-laser\/ipef\/","title":{"rendered":"Mapeamento de 200 Hectares do projeto EUCFLUX para IPEF"},"content":{"rendered":"[IMAGEM_CAROUSEL]\n<p>Em fevereiro de 2009, o IPEF &#8211; Instituto de Pesquisas e Estudos Florestais, que \u00e9 uma associa\u00e7\u00e3o sem finalidade econ\u00f4mica e tem por objetivo o planejamento, a implementa\u00e7\u00e3o, a coordena\u00e7\u00e3o de a\u00e7\u00f5es e o gerenciamento de recursos destinados aos estudos, an\u00e1lises e \u00e0s pesquisas na \u00e1rea de recursos naturais, com \u00eanfase na ci\u00eancia florestal, contratou a ESTEIO para a realiza\u00e7\u00e3o de perfilamento LASER aerotransportado em uma \u00e1rea de cerca de 200 hectares do projeto EUCFLUX, localizada no estado de S\u00e3o Paulo.<\/p>\n<p>O projeto EUCFLUX, que estuda o fluxo de energia, de \u00e1gua, de nutrientes e de carbono no ecossistema florestal, estimando a efici\u00eancia do uso desses recursos no crescimento da floresta de eucalipto validando modelos ecofisiol\u00f3gicos que s\u00e3o usados como ferramentas de an\u00e1lise da produ\u00e7\u00e3o e sustentabilidade do ecossistema, associa o IPEF, juntamente com outros grupos de pesquisa, bem como onze empresas florestais que contribuem para o financiamento de experimenta\u00e7\u00f5es (equipamento cient\u00edfico) e fornecem um apoio log\u00edstico.<\/p>\n<p>O objetivo da contrata\u00e7\u00e3o foi a obten\u00e7\u00e3o de coordenadas planialtim\u00e9tricas e imagens hipsom\u00e9tricas das \u00e1rvores do EUCFLUX para estudo que visa basicamente: i) Averiguar o potencial de uso da t\u00e9cnica Lidar para estimativa de biomassa florestal (folha, galhos e tronco); ii) Usar o Lidar para obter informa\u00e7\u00f5es da estrutura da copa do povoamento para sua utiliza\u00e7\u00e3o em modelos a n\u00edvel da \u00e1rvore e do povoamento.<\/p>\n<p>As principais etapas desenvolvidas s\u00e3o apresentadas a seguir:<\/p>\n<p class=\"subtitulo\">Perfilamento LASER<\/p>\n<p>Os dados LASER foram obtidos com o sensor LASER ALS-50-II, a bordo da aeronave EMB 810 C S\u00eaneca II, de prefixo PT-RQA, mediante a libera\u00e7\u00e3o da Licen\u00e7a do Minist\u00e9rio da Defesa n\u00b0 046\/2009 e AVOEM n\u00b0 329\/09.<\/p>\n<p>Foram realizados tr\u00eas planos de voos com distintos par\u00e2metros de forma a se obter densidades distintas de retornos LASER por m\u00b2, na superf\u00edcie.<\/p>\n<p class=\"subtitulo\">Planos de Voo LASER<\/p>\n<p>As densidades de pontos planejadas foram de 2, 4 e 6 pontos\/m\u00b2, na superf\u00edcie.<\/p>\n<p class=\"subtitulo\">Produtos LASER<\/p>\n<p>Como produtos, foram entregues os seguintes arquivos:<\/p>\n<ol class=\"breadcrumb\">\n<li class=\"active\">\n<ul>\n<li>Arquivos de pontos do MDT e do MDS, no formato xyz, para os distintos perfilamentos;<\/li>\n<li>Arquivos de pontos no formato L\u00c3S, para os distintos perfilamentos;<\/li>\n<li>Imagens de Composi\u00e7\u00e3o.<\/li>\n<\/ul>\n<\/li>\n<\/ol>","protected":false},"excerpt":{"rendered":"<p>[IMAGEM_CAROUSEL] Em fevereiro de 2009, o IPEF &#8211; Instituto de Pesquisas e Estudos Florestais, que \u00e9 uma associa\u00e7\u00e3o sem finalidade econ\u00f4mica e tem por objetivo o planejamento, a implementa\u00e7\u00e3o, a &#8230;<\/p>\n","protected":false},"author":1,"featured_media":0,"parent":2347,"menu_order":0,"comment_status":"closed","ping_status":"closed","template":"","meta":{"footnotes":""},"class_list":["post-2401","page","type-page","status-publish","hentry"],"_links":{"self":[{"href":"https:\/\/www.esteio.com.br\/en\/wp-json\/wp\/v2\/pages\/2401","targetHints":{"allow":["GET"]}}],"collection":[{"href":"https:\/\/www.esteio.com.br\/en\/wp-json\/wp\/v2\/pages"}],"about":[{"href":"https:\/\/www.esteio.com.br\/en\/wp-json\/wp\/v2\/types\/page"}],"author":[{"embeddable":true,"href":"https:\/\/www.esteio.com.br\/en\/wp-json\/wp\/v2\/users\/1"}],"replies":[{"embeddable":true,"href":"https:\/\/www.esteio.com.br\/en\/wp-json\/wp\/v2\/comments?post=2401"}],"version-history":[{"count":3,"href":"https:\/\/www.esteio.com.br\/en\/wp-json\/wp\/v2\/pages\/2401\/revisions"}],"predecessor-version":[{"id":6432,"href":"https:\/\/www.esteio.com.br\/en\/wp-json\/wp\/v2\/pages\/2401\/revisions\/6432"}],"up":[{"embeddable":true,"href":"https:\/\/www.esteio.com.br\/en\/wp-json\/wp\/v2\/pages\/2347"}],"wp:attachment":[{"href":"https:\/\/www.esteio.com.br\/en\/wp-json\/wp\/v2\/media?parent=2401"}],"curies":[{"name":"wp","href":"https:\/\/api.w.org\/{rel}","templated":true}]}}