{"id":2424,"date":"2017-05-19T18:24:47","date_gmt":"2017-05-19T18:24:47","guid":{"rendered":"http:\/\/esteio.com.br\/?page_id=2424"},"modified":"2022-05-30T17:40:11","modified_gmt":"2022-05-30T17:40:11","slug":"gbd","status":"publish","type":"page","link":"https:\/\/www.esteio.com.br\/en\/executados\/projeto-dutos\/gbd\/","title":{"rendered":"PROJETO EXECUTIVO DO SISTEMA DE DISTRIBUI\u00c7\u00c3O DE G\u00c1S NATURAL"},"content":{"rendered":"[IMAGEM_CAROUSEL]\n<p class=\"subtitulo\">Ramal Anhanguera<\/p>\n<p>Em Junho de 2012 a ESTEIO deu in\u00edcio \u00e0 execu\u00e7\u00e3o dos Servi\u00e7os do Projeto Executivo da rede prim\u00e1ria do gasoduto Ramal Anhanguera. Com trecho de 151,5 km, localizados entre Ribeir\u00e3o Preto e Igarapava no estado de S\u00e3o Paulo, atingindo os munic\u00edpios de Sert\u00e3ozinho, Jardin\u00f3polis, Sales de Oliveira, Orl\u00e2ndia, S\u00e3o Joaquim da Barra, Guar\u00e1, Ituverava e Aramina. A tubula\u00e7\u00e3o \u00e9 de DN 400mm API 5L GR.X52 &#8211; ESP. MIN. 11,1mm e 7,9mm e ser\u00e1 implantada na faixa existente do Oleoduto Osbra.<\/p>\n<p class=\"subtitulo\">LEVANTAMENTO DE TRAVESSIAS E CRUZAMENTOS<\/p>\n<p>Ao longo da faixa foram levantados as seguintes travessias e cruzamentos: <a href=\"http:\/\/esteio.com.br\/imagens\/servicos\/executados\/projeto-dutos\/gbd\/travessias_e_cruzamentos_GBD.pdf\" target=\"_blank\" rel=\"noopener noreferrer\">Clique aqui para abrir o anexo em PDF<\/a><\/p>\n<p class=\"subtitulo\">PRODUTOS GERADOS<\/p>\n<p>Os servi\u00e7os do escopo do projeto executivo do gasoduto Ramal Anhanguera foram traduzidos nos seguintes produtos:<\/p>\n<ol class=\"breadcrumb\">\n<li class=\"active\">\n<ul>\n<li>Lista de Documentos;<\/li>\n<li>Memorial Descritivo de Implanta\u00e7\u00e3o;<\/li>\n<li>Planta Chave 1:50.000;<\/li>\n<li>Planta e Perfil 1:1000;<\/li>\n<li>Fluxograma do sistema &#8211; Rede Prim\u00e1ria Executivo;<\/li>\n<li>Fluxograma Fibra \u00d3ptica e Loca\u00e7\u00e3o das Caixas;<\/li>\n<li>Folha de dados de Projeto de Fibra \u00d3ptica;<\/li>\n<li>Projetos de Travessias de Curso de \u00c1gua;<\/li>\n<li>Projetos de Cruzamentos de Rodovias e Vias Municipais;<\/li>\n<li>Projetos de Cruzamentos das Ferrovias;<\/li>\n<li>Interliga\u00e7\u00e3o Mec\u00e2nica ELP Ponto Inicial Cravinhos;<\/li>\n<li>Delimita\u00e7\u00e3o de \u00e1rea ELP Ponto 0;<\/li>\n<li>Esquem\u00e1tico de Terraplenagem ELP e EMED;<\/li>\n<li>Interliga\u00e7\u00e3o Mec\u00e2nica EMED Igarapava (EMED 02_1);<\/li>\n<li>Delimita\u00e7\u00e3o de \u00e1rea EMED Igarapava;<\/li>\n<li>Esquem\u00e1tico de Terraplenagem EMED Igarapava;<\/li>\n<li>Delimita\u00e7\u00e3o de \u00e1rea ECOMP;<\/li>\n<li>Projetos de Tubula\u00e7\u00e3o dos Conjuntos Mec\u00e2nicos;<\/li>\n<li>Projetos Civis dos Conjuntos Mec\u00e2nicos;<\/li>\n<li>Detalhe T\u00edpico de Implanta\u00e7\u00e3o dos Conjuntos Mec\u00e2nicos na faixa.<\/li>\n<\/ul>\n<\/li>\n<\/ol>","protected":false},"excerpt":{"rendered":"<p>[IMAGEM_CAROUSEL] Ramal Anhanguera Em Junho de 2012 a ESTEIO deu in\u00edcio \u00e0 execu\u00e7\u00e3o dos Servi\u00e7os do Projeto Executivo da rede prim\u00e1ria do gasoduto Ramal Anhanguera. Com trecho de 151,5 km, &#8230;<\/p>\n","protected":false},"author":1,"featured_media":0,"parent":2422,"menu_order":0,"comment_status":"closed","ping_status":"closed","template":"","meta":{"footnotes":""},"class_list":["post-2424","page","type-page","status-publish","hentry"],"_links":{"self":[{"href":"https:\/\/www.esteio.com.br\/en\/wp-json\/wp\/v2\/pages\/2424","targetHints":{"allow":["GET"]}}],"collection":[{"href":"https:\/\/www.esteio.com.br\/en\/wp-json\/wp\/v2\/pages"}],"about":[{"href":"https:\/\/www.esteio.com.br\/en\/wp-json\/wp\/v2\/types\/page"}],"author":[{"embeddable":true,"href":"https:\/\/www.esteio.com.br\/en\/wp-json\/wp\/v2\/users\/1"}],"replies":[{"embeddable":true,"href":"https:\/\/www.esteio.com.br\/en\/wp-json\/wp\/v2\/comments?post=2424"}],"version-history":[{"count":7,"href":"https:\/\/www.esteio.com.br\/en\/wp-json\/wp\/v2\/pages\/2424\/revisions"}],"predecessor-version":[{"id":3783,"href":"https:\/\/www.esteio.com.br\/en\/wp-json\/wp\/v2\/pages\/2424\/revisions\/3783"}],"up":[{"embeddable":true,"href":"https:\/\/www.esteio.com.br\/en\/wp-json\/wp\/v2\/pages\/2422"}],"wp:attachment":[{"href":"https:\/\/www.esteio.com.br\/en\/wp-json\/wp\/v2\/media?parent=2424"}],"curies":[{"name":"wp","href":"https:\/\/api.w.org\/{rel}","templated":true}]}}