{"id":2455,"date":"2017-05-19T19:08:38","date_gmt":"2017-05-19T19:08:38","guid":{"rendered":"http:\/\/esteio.com.br\/?page_id=2455"},"modified":"2022-05-30T17:37:01","modified_gmt":"2022-05-30T17:37:01","slug":"ufn-iv","status":"publish","type":"page","link":"https:\/\/www.esteio.com.br\/en\/executados\/projeto-dutos\/ufn-iv\/","title":{"rendered":"PETROBRAS &#8211; PROJETO B\u00c1SICO DA FAIXA DE DUTOS DO COMPLEXO QU\u00cdMICO UFN IV &#8211; Linhares &#8211; ES"},"content":{"rendered":"[IMAGEM_CAROUSEL]\n<p>Em maio de 2012 a ESTEIO deu in\u00edcio \u00e0 execu\u00e7\u00e3o dos Servi\u00e7os do Projeto B\u00e1sico dos Dutos da UFN IV. O projeto com 27 km compreende a instala\u00e7\u00e3o de uma faixa com um duto de adu\u00e7\u00e3o e outro de efluentes com aproximadamente 13 km, interligando o Complexo Qu\u00edmico UFN IV ao Rio Doce. E outra faixa com um duto de metanol e um gasoduto com 14 km de extens\u00e3o interligando a UFN IV com a faixa de dutos Cacimba-Vit\u00f3ria no munic\u00edpio de Linhares, no Esp\u00edrito Santo.<br \/>\nDi\u00e2metros dos dutos s\u00e3o:<br \/>\n&#8211; Adutora &#8211; DN 20&#8243; &#8211; Efluentes &#8211; 355 mm<br \/>\n&#8211; Gasoduto &#8211; DN 18&#8243; &#8211; Metanol &#8211; DN 8,625&#8243;<\/p>\n<p class=\"subtitulo\">BASE CARTOGR\u00c1FICA<\/p>\n<p>Para base cartogr\u00e1fica foram utilizadas as informa\u00e7\u00f5es vetoriais planialtim\u00e9tricas e ortofoto disponibilizadas pela Contratante<\/p>\n<p class=\"subtitulo\">PLANO FUNCIONAL<\/p>\n<p>A partir da base cartogr\u00e1fica, elaborou-se o Plano Funcional, indicando os acessos, \u00e1reas de v\u00e1lvulas e bota-foras.<\/p>\n<p class=\"subtitulo\">LEVANTAMENTO DE TRAVESSIAS E CRUZAMENTOS ESPECIAIS PARA AS FAIXAS DE DUTOS<\/p>\n<p>Ao longo das faixas foram levantados as seguintes travessias e cruzamentos especiais:<\/p>\n<div class=\"row\">\n<div class=\"col-md-4\">\n<\/div>\n<div class=\"col-md-4\">\n<div align=\"center\">\n<table class=\"tabela\" border=\"0\" width=\"586\" cellspacing=\"0\" cellpadding=\"0\">\n<tbody>\n<tr>\n<td nowrap=\"nowrap\" width=\"57\">\n<p align=\"center\"><strong>Item<\/strong><\/p>\n<\/td>\n<td nowrap=\"nowrap\" width=\"208\">\n<p align=\"center\"><strong>TRAVESSIA\/CRUZAMENTO<\/strong><\/p>\n<\/td>\n<td width=\"57\">\n<p align=\"center\"><strong>Item<\/strong><\/p>\n<\/td>\n<td width=\"265\">\n<p align=\"center\"><strong>TRAVESSIA\/CRUZAMENTO<\/strong><\/p>\n<\/td>\n<\/tr>\n<tr>\n<td nowrap=\"nowrap\" width=\"57\">\n<p align=\"center\">1<\/p>\n<\/td>\n<td nowrap=\"nowrap\" width=\"208\">Travessia do Canal km 3+650<\/td>\n<td width=\"57\">\n<p align=\"center\">7<\/p>\n<\/td>\n<td width=\"265\">Travessia do km 12+700<\/td>\n<\/tr>\n<tr>\n<td nowrap=\"nowrap\" width=\"57\">\n<p align=\"center\">2<\/p>\n<\/td>\n<td nowrap=\"nowrap\" width=\"208\">Travessia do Rio km 11+100<\/td>\n<td width=\"57\">\n<p align=\"center\">8<\/p>\n<\/td>\n<td width=\"265\">Travessia do km 13+300<\/td>\n<\/tr>\n<tr>\n<td nowrap=\"nowrap\" width=\"57\">\n<p align=\"center\">3<\/p>\n<\/td>\n<td nowrap=\"nowrap\" width=\"208\">Travessia do km 11+350<\/td>\n<td width=\"57\">\n<p align=\"center\">9<\/p>\n<\/td>\n<td width=\"265\">Cruzamento da Rodovia Estadual ES-010<\/td>\n<\/tr>\n<tr>\n<td nowrap=\"nowrap\" width=\"57\">\n<p align=\"center\">4<\/p>\n<\/td>\n<td nowrap=\"nowrap\" width=\"208\">Travessia do km 12+100<\/td>\n<td width=\"57\">\n<p align=\"center\">10<\/p>\n<\/td>\n<td width=\"265\">Cruzamento da Estrada km 1+300<\/td>\n<\/tr>\n<tr>\n<td nowrap=\"nowrap\" width=\"57\">\n<p align=\"center\">5<\/p>\n<\/td>\n<td nowrap=\"nowrap\" width=\"208\">Travessia do km 12+300<\/td>\n<td width=\"57\">\n<p align=\"center\">11<\/p>\n<\/td>\n<td width=\"265\">Cruzamento da Rodovia Estadual ES-440<\/td>\n<\/tr>\n<tr>\n<td nowrap=\"nowrap\" width=\"57\">\n<p align=\"center\">6<\/p>\n<\/td>\n<td nowrap=\"nowrap\" width=\"208\">Travessia do km 12+500<\/td>\n<td width=\"57\">\n<p align=\"center\">12<\/p>\n<\/td>\n<td width=\"265\">Cruzamento da Estrada km 15+000<\/td>\n<\/tr>\n<\/tbody>\n<\/table>\n<\/div>\n<\/div>\n<\/div>\n<p class=\"subtitulo\">PRODUTOS GERADOS<\/p>\n<p>Os servi\u00e7os do escopo de projeto b\u00e1sico da faixa e pr\u00e9-detalhamento do duto foram traduzidos nos seguintes produtos:<\/p>\n<ol class=\"breadcrumb\">\n<li class=\"active\">\n<ul>\n<li>Planta de Situa\u00e7\u00e3o com implanta\u00e7\u00e3o geral na escala 1:25:000;<\/li>\n<li>Planta Chave \/ Unifilar de Terraplenagem na escala 1:10.000;<\/li>\n<li>Desenho de Zoneamento Geot\u00e9cnico na escala 1:10.000;<\/li>\n<li>Mapa Ambientais na escala 1:10.000;<\/li>\n<li>Desenho de Unifilar de Vegeta\u00e7\u00e3o na escala 1:5.000;<\/li>\n<li>Planta de Faixa na escala 1:1.000;<\/li>\n<li>Perfil do duto na escala 1:1.000;<\/li>\n<li>Desenho de cruzamentos e travessias na escala 1:200;<\/li>\n<li>Desenho de Se\u00e7\u00e3o de Terraplenagem na escala 1:200;<\/li>\n<li>Desenho de detalhes t\u00edpicos de terraplenagem na escala 1:500;<\/li>\n<li>Desenho de detalhes t\u00edpicos de drenagem na escala 1:500;<\/li>\n<li>Desenho de obras de conten\u00e7\u00e3o e estabiliza\u00e7\u00e3o das margens na escala 1:500;<\/li>\n<li>Relat\u00f3rios;<\/li>\n<li>Memoriais Descritivos;<\/li>\n<li>ETs &#8211; Especifica\u00e7\u00f5es T\u00e9cnicas;<\/li>\n<li>MC &#8211; Mem\u00f3rias de C\u00e1lculo;<\/li>\n<li>Planilhas de Quantidades.<\/li>\n<\/ul>\n<\/li>\n<\/ol>","protected":false},"excerpt":{"rendered":"<p>[IMAGEM_CAROUSEL] Em maio de 2012 a ESTEIO deu in\u00edcio \u00e0 execu\u00e7\u00e3o dos Servi\u00e7os do Projeto B\u00e1sico dos Dutos da UFN IV. O projeto com 27 km compreende a instala\u00e7\u00e3o de &#8230;<\/p>\n","protected":false},"author":1,"featured_media":0,"parent":2422,"menu_order":0,"comment_status":"closed","ping_status":"closed","template":"","meta":{"footnotes":""},"class_list":["post-2455","page","type-page","status-publish","hentry"],"_links":{"self":[{"href":"https:\/\/www.esteio.com.br\/en\/wp-json\/wp\/v2\/pages\/2455","targetHints":{"allow":["GET"]}}],"collection":[{"href":"https:\/\/www.esteio.com.br\/en\/wp-json\/wp\/v2\/pages"}],"about":[{"href":"https:\/\/www.esteio.com.br\/en\/wp-json\/wp\/v2\/types\/page"}],"author":[{"embeddable":true,"href":"https:\/\/www.esteio.com.br\/en\/wp-json\/wp\/v2\/users\/1"}],"replies":[{"embeddable":true,"href":"https:\/\/www.esteio.com.br\/en\/wp-json\/wp\/v2\/comments?post=2455"}],"version-history":[{"count":5,"href":"https:\/\/www.esteio.com.br\/en\/wp-json\/wp\/v2\/pages\/2455\/revisions"}],"predecessor-version":[{"id":6335,"href":"https:\/\/www.esteio.com.br\/en\/wp-json\/wp\/v2\/pages\/2455\/revisions\/6335"}],"up":[{"embeddable":true,"href":"https:\/\/www.esteio.com.br\/en\/wp-json\/wp\/v2\/pages\/2422"}],"wp:attachment":[{"href":"https:\/\/www.esteio.com.br\/en\/wp-json\/wp\/v2\/media?parent=2455"}],"curies":[{"name":"wp","href":"https:\/\/api.w.org\/{rel}","templated":true}]}}