{"id":2457,"date":"2017-05-19T19:10:25","date_gmt":"2017-05-19T19:10:25","guid":{"rendered":"http:\/\/esteio.com.br\/?page_id=2457"},"modified":"2022-05-27T19:29:24","modified_gmt":"2022-05-27T19:29:24","slug":"cachoeiras-comperj","status":"publish","type":"page","link":"https:\/\/www.esteio.com.br\/en\/executados\/projeto-dutos\/cachoeiras-comperj\/","title":{"rendered":"PETROBRAS &#8211; PROJETO B\u00c1SICO DA FAIXA DO DUTO CACHOEIRAS &#8211; COMPERJ &#8211; RJ"},"content":{"rendered":"[IMAGEM_CAROUSEL]\n<p>Em maio de 2012 a ESTEIO deu in\u00edcio \u00e0 execu\u00e7\u00e3o dos Servi\u00e7os de Projeto B\u00e1sico do Duto CACHOEIRAS-COMPERJ. A faixa de dutos (Gasoduto com DN 18&#8243;) tem 5 km de extens\u00e3o, sendo que 2,5 km em faixa projetada (Faixa COMPERJ) e 2,5 km em faixa nova, nos munic\u00edpios de Itabora\u00ed e Cachoeiras de Macacu, no estado do Rio de Janeiro. Fez parte do escopo o projeto de estudo do tra\u00e7ado de acessos ao ponto de entrega com extens\u00e3o total aproximada de 23 km, nos mesmos munic\u00edpios.<\/p>\n<p class=\"subtitulo\">BASE CARTOGR\u00c1FICA<\/p>\n<p>A base cartogr\u00e1fica utilizada foi da IBGE 1:50.000.<\/p>\n<p class=\"subtitulo\">PLANO FUNCIONAL<\/p>\n<p>A partir da base cartogr\u00e1fica, elaborou-se o Plano Funcional, indicando os acessos, \u00e1reas de v\u00e1lvulas e bota-foras.<\/p>\n<p>&nbsp;<\/p>\n<p class=\"subtitulo\">LEVANTAMENTO DE TRAVESSIAS E CRUZAMENTOS ESPECIAIS PARA AS DUAS FAIXAS<\/p>\n<p>Ao longo da faixa foram levantados as seguintes travessias e cruzamentos especiais:<\/p>\n<div class=\"row\">\n<div class=\"col-md-4\">\n<\/div>\n<div class=\"col-md-4\">\n<div align=\"center\">\n<table class=\"tabela\" border=\"0\" width=\"265\" cellspacing=\"0\" cellpadding=\"0\">\n<tbody>\n<tr>\n<td nowrap=\"nowrap\" width=\"57\">\n<p align=\"center\"><strong>Item<\/strong><\/p>\n<\/td>\n<td nowrap=\"nowrap\" width=\"208\">\n<p align=\"center\"><strong>TRAVESSIA\/CRUZAMENTO<\/strong><\/p>\n<\/td>\n<\/tr>\n<tr>\n<td nowrap=\"nowrap\" width=\"57\">\n<p align=\"center\">1<\/p>\n<\/td>\n<td nowrap=\"nowrap\" width=\"208\">C\u00f3rrego do Urubu<\/td>\n<\/tr>\n<tr>\n<td nowrap=\"nowrap\" width=\"57\">\n<p align=\"center\">2<\/p>\n<\/td>\n<td nowrap=\"nowrap\" width=\"208\">Acesso COMPERJ<\/td>\n<\/tr>\n<tr>\n<td nowrap=\"nowrap\" width=\"57\">\n<p align=\"center\">3<\/p>\n<\/td>\n<td nowrap=\"nowrap\" width=\"208\">Canal 01<\/td>\n<\/tr>\n<tr>\n<td nowrap=\"nowrap\" width=\"57\">\n<p align=\"center\">4<\/p>\n<\/td>\n<td nowrap=\"nowrap\" width=\"208\">Canal 02 &#8211; S\u00e3o Luiz<\/td>\n<\/tr>\n<\/tbody>\n<\/table>\n<\/div>\n<\/div>\n<\/div>\n<p class=\"subtitulo\">PROJETOS COMPLEMENTARES<\/p>\n<p>Fez parte do escopo do servi\u00e7o, \u00e0 localiza\u00e7\u00e3o de jazidas para a obra.<\/p>\n<p class=\"subtitulo\">PRODUTOS GERADOS<\/p>\n<p>Os servi\u00e7os do escopo de projeto b\u00e1sico da faixa e pr\u00e9-detalhamento do duto foram traduzidos nos seguintes produtos:<\/p>\n<ol class=\"breadcrumb\">\n<li class=\"active\">\n<ul>\n<li>Planta de Situa\u00e7\u00e3o com implanta\u00e7\u00e3o geral na escala 1:25:000;<\/li>\n<li>Planta Chave \/ Unifilar de Terraplenagem na escala 1:10.000;<\/li>\n<li>Desenho de Zoneamento Geot\u00e9cnico na escala 1:10.000;<\/li>\n<li>Mapa Ambientais na escala 1:10.000;<\/li>\n<li>Desenho de Unifilar de Vegeta\u00e7\u00e3o na escala 1:5.000;<\/li>\n<li>Planta de Faixa na escala 1:1.000;<\/li>\n<li>Perfil do duto na escala 1:1.000;<\/li>\n<li>Desenho de cruzamentos e travessias na escala 1:200;<\/li>\n<li>Desenho de Se\u00e7\u00e3o de Terraplenagem na escala 1:200;<\/li>\n<li>Desenho de detalhes t\u00edpicos de terraplenagem na escala 1:500;<\/li>\n<li>Desenho de detalhes t\u00edpicos de drenagem na escala 1:500;<\/li>\n<li>Relat\u00f3rios;<\/li>\n<li>Memoriais Descritivos;<\/li>\n<li>ETs &#8211; Especifica\u00e7\u00f5es T\u00e9cnicas;<\/li>\n<li>MC &#8211; Mem\u00f3rias de C\u00e1lculo;<\/li>\n<li>Planilhas de Quantidades.<\/li>\n<\/ul>\n<\/li>\n<\/ol>","protected":false},"excerpt":{"rendered":"<p>[IMAGEM_CAROUSEL] Em maio de 2012 a ESTEIO deu in\u00edcio \u00e0 execu\u00e7\u00e3o dos Servi\u00e7os de Projeto B\u00e1sico do Duto CACHOEIRAS-COMPERJ. A faixa de dutos (Gasoduto com DN 18&#8243;) tem 5 km &#8230;<\/p>\n","protected":false},"author":1,"featured_media":0,"parent":2422,"menu_order":0,"comment_status":"closed","ping_status":"closed","template":"","meta":{"footnotes":""},"class_list":["post-2457","page","type-page","status-publish","hentry"],"_links":{"self":[{"href":"https:\/\/www.esteio.com.br\/en\/wp-json\/wp\/v2\/pages\/2457","targetHints":{"allow":["GET"]}}],"collection":[{"href":"https:\/\/www.esteio.com.br\/en\/wp-json\/wp\/v2\/pages"}],"about":[{"href":"https:\/\/www.esteio.com.br\/en\/wp-json\/wp\/v2\/types\/page"}],"author":[{"embeddable":true,"href":"https:\/\/www.esteio.com.br\/en\/wp-json\/wp\/v2\/users\/1"}],"replies":[{"embeddable":true,"href":"https:\/\/www.esteio.com.br\/en\/wp-json\/wp\/v2\/comments?post=2457"}],"version-history":[{"count":100,"href":"https:\/\/www.esteio.com.br\/en\/wp-json\/wp\/v2\/pages\/2457\/revisions"}],"predecessor-version":[{"id":6163,"href":"https:\/\/www.esteio.com.br\/en\/wp-json\/wp\/v2\/pages\/2457\/revisions\/6163"}],"up":[{"embeddable":true,"href":"https:\/\/www.esteio.com.br\/en\/wp-json\/wp\/v2\/pages\/2422"}],"wp:attachment":[{"href":"https:\/\/www.esteio.com.br\/en\/wp-json\/wp\/v2\/media?parent=2457"}],"curies":[{"name":"wp","href":"https:\/\/api.w.org\/{rel}","templated":true}]}}