{"id":2468,"date":"2017-05-22T13:55:46","date_gmt":"2017-05-22T13:55:46","guid":{"rendered":"http:\/\/esteio.com.br\/?page_id=2468"},"modified":"2022-05-27T13:09:36","modified_gmt":"2022-05-27T13:09:36","slug":"manati","status":"publish","type":"page","link":"https:\/\/www.esteio.com.br\/en\/executados\/sig\/manati\/","title":{"rendered":"Mapeamento e Levantamento Cadastral do Gasoduto Manati"},"content":{"rendered":"[IMAGEM_CAROUSEL]\n<p>O uso da fotogrametria para implanta\u00e7\u00e3o de Faixas de Dutos, neste caso utilizando Ortofotocartas altim\u00e9tricas, complementadas por dados geot\u00e9cnicos e com a integra\u00e7\u00e3o de dados cadastrais de propriedades atingidas, possibilitou defini\u00e7\u00e3o r\u00e1pida e precisa do tra\u00e7ado de interesse.<\/p>\n<p class=\"subtitulo\">Servi\u00e7os Realizados<\/p>\n<ol class=\"breadcrumb\">\n<li class=\"active\">\n<ul>\n<li>Voo Aerofotogram\u00e9trico em escala 1:8.000 \/ 25,6 km<\/li>\n<li>Apoio de Campo \/ 25,6 km<\/li>\n<li>Aerotriangula\u00e7\u00e3o \/ 25,6 km<\/li>\n<li>Modelo Digital de Terreno a partir de restitui\u00e7\u00e3o fotogram\u00e9trica \/ 25,6 km<\/li>\n<li>Mosaicagem Digital Detalhada em escala 1:8.000 \/ 25,6 km<\/li>\n<li>Ortofotocartas Digitais em escala 1:1.000 \/ 28,5 km<\/li>\n<li>Cadastramento F\u00edsico e Jur\u00eddico de Im\u00f3veis \/14,25 propriedades atingidas<\/li>\n<li>Zoneamento Geot\u00e9cnico \/ 25,6 km<\/li>\n<li>Sondagens e Levantamento de Resistividade El\u00e9trica de Solo \/ 25,6 km<\/li>\n<li>Determina\u00e7\u00e3o de Classe de Loca\u00e7\u00e3o \/ 25,6 km<\/li>\n<li>Levantamentos GPR \/ 3 km<\/li>\n<li>Levantamentos de \u00c1reas Sujeitas a Inunda\u00e7\u00e3o \/ 25,6 km\u00b2<\/li>\n<li>Implanta\u00e7\u00e3o de Marcos Topogr\u00e1ficos \/ 12 unidades<\/li>\n<li>Estudo de Travessia de rios \/ Rio Jequiri\u00e7\u00e1<\/li>\n<li>Sistema de Informa\u00e7\u00f5es Geogr\u00e1fica \/ 01 sistema<\/li>\n<\/ul>\n<\/li>\n<\/ol>\n<p>A cobertura aerofotogram\u00e9trica colorida em escala 1:8.000, foi realizada seguindo normativas t\u00e9cnicas e legais em tempo h\u00e1bil, para propiciar evolu\u00e7\u00e3o das demais atividades planejadas. Buscou-se al\u00e9m de elementos para estudo de tra\u00e7ado, tamb\u00e9m dados intermedi\u00e1rios para coleta de informa\u00e7\u00f5es relacionadas as propriedades atingidas.<\/p>\n<p>Os principais dados coletados e processados, est\u00e3o representados nas ORTOFOTOCARTAS finais e num Sistema de Informa\u00e7\u00f5es Geogr\u00e1ficas, pode-se visualizar al\u00e9m destes, tamb\u00e9m outros detalhes dos Servi\u00e7os Realizados.<\/p>\n<p>O Sistema de Informa\u00e7\u00f5es Geogr\u00e1ficas possibilita aos usu\u00e1rios, resgate de informa\u00e7\u00f5es para apoio na fase de constru\u00e7\u00e3o, bem como, a inser\u00e7\u00e3o de informa\u00e7\u00f5es espec\u00edficas de projeto e constru\u00e7\u00e3o, tornando-se ferramenta gerencial ap\u00f3s a implanta\u00e7\u00e3o f\u00edsica.","protected":false},"excerpt":{"rendered":"<p>[IMAGEM_CAROUSEL] O uso da fotogrametria para implanta\u00e7\u00e3o de Faixas de Dutos, neste caso utilizando Ortofotocartas altim\u00e9tricas, complementadas por dados geot\u00e9cnicos e com a integra\u00e7\u00e3o de dados cadastrais de propriedades atingidas, &#8230;<\/p>\n","protected":false},"author":1,"featured_media":0,"parent":2459,"menu_order":0,"comment_status":"closed","ping_status":"closed","template":"","meta":{"footnotes":""},"class_list":["post-2468","page","type-page","status-publish","hentry"],"_links":{"self":[{"href":"https:\/\/www.esteio.com.br\/en\/wp-json\/wp\/v2\/pages\/2468","targetHints":{"allow":["GET"]}}],"collection":[{"href":"https:\/\/www.esteio.com.br\/en\/wp-json\/wp\/v2\/pages"}],"about":[{"href":"https:\/\/www.esteio.com.br\/en\/wp-json\/wp\/v2\/types\/page"}],"author":[{"embeddable":true,"href":"https:\/\/www.esteio.com.br\/en\/wp-json\/wp\/v2\/users\/1"}],"replies":[{"embeddable":true,"href":"https:\/\/www.esteio.com.br\/en\/wp-json\/wp\/v2\/comments?post=2468"}],"version-history":[{"count":3,"href":"https:\/\/www.esteio.com.br\/en\/wp-json\/wp\/v2\/pages\/2468\/revisions"}],"predecessor-version":[{"id":6047,"href":"https:\/\/www.esteio.com.br\/en\/wp-json\/wp\/v2\/pages\/2468\/revisions\/6047"}],"up":[{"embeddable":true,"href":"https:\/\/www.esteio.com.br\/en\/wp-json\/wp\/v2\/pages\/2459"}],"wp:attachment":[{"href":"https:\/\/www.esteio.com.br\/en\/wp-json\/wp\/v2\/media?parent=2468"}],"curies":[{"name":"wp","href":"https:\/\/api.w.org\/{rel}","templated":true}]}}