{"id":2472,"date":"2017-05-22T13:58:07","date_gmt":"2017-05-22T13:58:07","guid":{"rendered":"http:\/\/esteio.com.br\/?page_id=2472"},"modified":"2022-05-27T13:09:07","modified_gmt":"2022-05-27T13:09:07","slug":"uruguaiana","status":"publish","type":"page","link":"https:\/\/www.esteio.com.br\/en\/executados\/sig\/uruguaiana\/","title":{"rendered":"Mapeamento e Levantamento Cadastral do Gasoduto Uruguaiana &#8211; Porto Alegre"},"content":{"rendered":"[IMAGEM_CAROUSEL]\n<p>A importa\u00e7\u00e3o do G\u00e1s Natural Argentino para as regi\u00f5es sul do Brasil, est\u00e1 sendo viabilizada por um grupo formado entre a PETROBRAS, atrav\u00e9s da Gaspetro, YPF, Total Gas Ventures, New G\u00e1s Internacional SA, Techint e Companhia Generale de Combustibles SA, com a participa\u00e7\u00e3o da ESTEIO Engenharia e Aerolevantamentos SA.<\/p>\n<p>A ESTEIO executou servi\u00e7os de Aerolevantamentos com gera\u00e7\u00e3o de Ortofotos Digitais e Estudos Hidrol\u00f3gicos para a implanta\u00e7\u00e3o do Gasoduto Uruguaiana &#8211; Porto Alegre.<\/p>\n<p>Os produtos elaborados durante todo o contrato e entregues ao final do mesmo foram cartas tem\u00e1ticas, desenhos de projeto b\u00e1sico, cartas &#8211; imagem, plantas de cadastro e perfil, relat\u00f3rios espec\u00edficos, sistema de informa\u00e7\u00f5es geogr\u00e1ficas e sistema de navega\u00e7\u00e3o automotiva.<\/p>\n<p>O trecho trabalhado iniciou-se em Uruguaiana, onde sai um ramal para a Usina Termel\u00e9trica de Uruguaiana, seguindo at\u00e9 a COPESUL, concluindo-se aqui os estudos detalhados. As atividades finalizam-se em Porto Alegre, na Refinaria Alberto Pasqualini. No total, s\u00e3o aproximadamente 600 km de extens\u00e3o.<\/p>\n<p>A ESTEIO realizou as seguintes atividades neste servi\u00e7o:<\/p>\n<ol class=\"breadcrumb\">\n<li class=\"active\">\n<ul>\n<li>Levantamento Aerofotogram\u00e9trico colorido em escalas 1:30.000 e 1:8.000 apoiado por GPS;<\/li>\n<li>Carta Imagem baseada na Cobertura A\u00e9rea 1:30.000;<\/li>\n<li>Levantamento Cadastral com pe\u00e7as t\u00e9cnicas de cada propriedade;<\/li>\n<li>Ortofotocartas Digitais com perfil;<\/li>\n<li>Desenvolvimento de Sistema de Navega\u00e7\u00e3o Automotiva para apoio \u00e0s equipes de Preven\u00e7\u00e3o de Acidentes e Manuten\u00e7\u00e3o do empreendimento;<\/li>\n<li>Apresenta\u00e7\u00e3o de resultados em SIG &#8211; Sistema de Informa\u00e7\u00f5es Geogr\u00e1ficas.<\/li>\n<\/ul>\n<\/li>\n<\/ol>","protected":false},"excerpt":{"rendered":"<p>[IMAGEM_CAROUSEL] A importa\u00e7\u00e3o do G\u00e1s Natural Argentino para as regi\u00f5es sul do Brasil, est\u00e1 sendo viabilizada por um grupo formado entre a PETROBRAS, atrav\u00e9s da Gaspetro, YPF, Total Gas Ventures, &#8230;<\/p>\n","protected":false},"author":1,"featured_media":0,"parent":2459,"menu_order":0,"comment_status":"closed","ping_status":"closed","template":"","meta":{"footnotes":""},"class_list":["post-2472","page","type-page","status-publish","hentry"],"_links":{"self":[{"href":"https:\/\/www.esteio.com.br\/en\/wp-json\/wp\/v2\/pages\/2472","targetHints":{"allow":["GET"]}}],"collection":[{"href":"https:\/\/www.esteio.com.br\/en\/wp-json\/wp\/v2\/pages"}],"about":[{"href":"https:\/\/www.esteio.com.br\/en\/wp-json\/wp\/v2\/types\/page"}],"author":[{"embeddable":true,"href":"https:\/\/www.esteio.com.br\/en\/wp-json\/wp\/v2\/users\/1"}],"replies":[{"embeddable":true,"href":"https:\/\/www.esteio.com.br\/en\/wp-json\/wp\/v2\/comments?post=2472"}],"version-history":[{"count":3,"href":"https:\/\/www.esteio.com.br\/en\/wp-json\/wp\/v2\/pages\/2472\/revisions"}],"predecessor-version":[{"id":6045,"href":"https:\/\/www.esteio.com.br\/en\/wp-json\/wp\/v2\/pages\/2472\/revisions\/6045"}],"up":[{"embeddable":true,"href":"https:\/\/www.esteio.com.br\/en\/wp-json\/wp\/v2\/pages\/2459"}],"wp:attachment":[{"href":"https:\/\/www.esteio.com.br\/en\/wp-json\/wp\/v2\/media?parent=2472"}],"curies":[{"name":"wp","href":"https:\/\/api.w.org\/{rel}","templated":true}]}}