{"id":2479,"date":"2017-05-22T16:40:21","date_gmt":"2017-05-22T16:40:21","guid":{"rendered":"http:\/\/esteio.com.br\/?page_id=2479"},"modified":"2022-05-27T13:08:28","modified_gmt":"2022-05-27T13:08:28","slug":"santa-luzia","status":"publish","type":"page","link":"https:\/\/www.esteio.com.br\/en\/executados\/sig\/santa-luzia\/","title":{"rendered":"Mapeamento para SIG para PM de Santa Luzia-MG"},"content":{"rendered":"[IMAGEM_CAROUSEL]\n<p>O Munic\u00edpio de Santa Luzia, com superf\u00edcie de 234 km\u00b2, encontra-se na regi\u00e3o central do estado de Minas Gerais, integrando a RMBH, Regi\u00e3o Metropolitana de Belo Horizonte, distando 27 km da capital e com popula\u00e7\u00e3o atual de cerca de 195.000 habitantes, dos quais aproximadamente 99% est\u00e3o concentrados na \u00e1rea urbana.<\/p>\n<p>O empreendimento consistiu da execu\u00e7\u00e3o de uma nova cartografia urbana da Cidade de Santa Luzia, sendo o primeiro passo para implanta\u00e7\u00e3o do Sistema de SIG pretendido pela Prefeitura.<\/p>\n<p>Com a ado\u00e7\u00e3o de uma nova base cartogr\u00e1fica em meio digital e atualizada, associada a um sistema de informa\u00e7\u00f5es geogr\u00e1ficas, al\u00e9m de facilitar o acesso das informa\u00e7\u00f5es por parte de todas as entidades da Prefeitura, tais como secretarias e autarquias, permitir\u00e1 que a pr\u00f3pria Prefeitura, fa\u00e7a a atualiza\u00e7\u00e3o da base no futuro.<\/p>\n<p>Al\u00e9m da implanta\u00e7\u00e3o do SIG, dentre os principais usos da cartografia destacamos os seguintes: atualiza\u00e7\u00e3o dos cadastros t\u00e9cnicos municipais, em especial o cadastro imobili\u00e1rio com detec\u00e7\u00e3o de constru\u00e7\u00f5es clandestinas e atualiza\u00e7\u00e3o da planta de valores gen\u00e9ricos e suporte para todos os tipos de projetos de engenharia, tais como projetos vi\u00e1rios, drenagem urbana, saneamento, habita\u00e7\u00e3o, industriais, dentre outros.<\/p>\n<p class=\"subtitulo\">Coleta de Dados<\/p>\n<p>Para o planejamento e execu\u00e7\u00e3o deste trabalho, a ESTEIO coletou v\u00e1rias informa\u00e7\u00f5es, como cartas topogr\u00e1ficas na escala de 1:50.000 (IBGE), monografias de v\u00e9rtices e RN&#8217;s da rede geod\u00e9sica (FIBGE), monografias de v\u00e9rtices e RN&#8217;s existente na cidade, mapas de arruamento, divis\u00e3o de bairros e outros.<\/p>\n<p class=\"subtitulo\">Levantamento Aerofotogram\u00e9trico<\/p>\n<p>Foram necess\u00e1rias 16 faixas de voo na dire\u00e7\u00e3o Leste\/Oeste, para recobrir a \u00e1rea do Munic\u00edpio e dos Distritos de Ribeir\u00e3o da Mata, Barreiro do Amaral e Pinh\u00f5es, na escala 1:8.000, totalizando 110 km\u00b2.<\/p>\n<p class=\"subtitulo\">Perfilamento LASER<\/p>\n<p>O perfilamento a LASER permitiu obter dados altim\u00e9tricos da \u00e1rea, de forma mais r\u00e1pida e precisa.<\/p>\n<p>Como resultado, foi gerada a nuvem de pontos caracterizando o MDS (Modelo Digital da Superf\u00edcie). Esta nuvem foi submetida a filtros para depura\u00e7\u00e3o e gera\u00e7\u00e3o do MDT (Modelo Digital do Terreno), ou seja, o conjunto de pontos que caracterizam o solo, sem os pontos de edifica\u00e7\u00f5es, vegeta\u00e7\u00e3o e outros.<\/p>\n<p>O MDT foi utilizado como base para gera\u00e7\u00e3o das curvas de n\u00edvel e pontos cotados que compuseram a base cartogr\u00e1fica e tamb\u00e9m na gera\u00e7\u00e3o das ortofotos.<\/p>\n<p class=\"subtitulo\">Apoio Terrestre<\/p>\n<p>O apoio b\u00e1sico foi composto pelos pontos do Sistema Geod\u00e9sico Brasileiro. A densifica\u00e7\u00e3o deste apoio foi materializada no terreno atrav\u00e9s de 20 marcos de concreto.<\/p>\n<p>Para a determina\u00e7\u00e3o das coordenadas planialtim\u00e9trica foi adotada a metodologia de rastreamento de sat\u00e9lites do sistema GPS e nivelamento geom\u00e9trico.<\/p>\n<p class=\"subtitulo\">Restitui\u00e7\u00e3o Planim\u00e9trica<\/p>\n<p>A Restitui\u00e7\u00e3o Planim\u00e9trica Digital com representa\u00e7\u00e3o gr\u00e1fica na escala 1:2.000 foi realizada na regi\u00e3o urbana do Munic\u00edpio, totalizando 53,67 km\u00b2.<\/p>\n<p>Para a restitui\u00e7\u00e3o dos elementos cartogr\u00e1ficos foi adotada uma Tabela de N\u00edveis que apresenta as entidades a serem restitu\u00eddas, as conven\u00e7\u00f5es cartogr\u00e1ficas e os n\u00edveis de armazenamento das mesmas.<\/p>\n<p class=\"subtitulo\">Edi\u00e7\u00e3o<\/p>\n<p>Nesta etapa foi realizada a montagem de um arquivo vetorial \u00fanico, a partir da jun\u00e7\u00e3o dos arquivos vetoriais individuais articulados, onde os layers foram tratados de forma a atender ao especificado na Tabela de N\u00edveis.<\/p>\n<p>Para a finalidade de integra\u00e7\u00e3o dos elementos e futura utiliza\u00e7\u00e3o em SIG, as entidades foram tratadas considerando as propriedades topol\u00f3gicas referentes \u00e0 cada tipo de elemento representado: ponto, linha ou \u00e1rea.<\/p>\n<p class=\"subtitulo\">Ortofotocartas<\/p>\n<p>A execu\u00e7\u00e3o de ortofotos envolve basicamente tr\u00eas elementos: a fotografia a\u00e9rea em meio digital, os pontos de orienta\u00e7\u00e3o e o DTM.<\/p>\n<p>Foram utilizados para a gera\u00e7\u00e3o das Ortofotocartas Planim\u00e9tricas Digitais, 200 fotos na escala 1:8.000, que deram origem a 133 ortofotocartas na escala 1:2.000.<\/p>\n<p>A \u00e1rea de abrang\u00eancia das Ortofotocartas digitais coincide com a \u00e1rea da cobertura aerofotogram\u00e9trica, 110 km\u00b2.<\/p>\n<p class=\"subtitulo\">Altura das Edifica\u00e7\u00f5es<\/p>\n<p>Uma das necessidades da Prefeitura de Santa Luzia era a determina\u00e7\u00e3o das alturas das edifica\u00e7\u00f5es para futura utiliza\u00e7\u00e3o em SIG. Para atender a esta necessidade foi desenvolvida uma metodologia utilizando produtos combinados, originados da restitui\u00e7\u00e3o aerofotogram\u00e9trica e dos dados LASER. As alturas resultantes da diferen\u00e7a entre o MDS e o MDT foram representadas no centr\u00f3ide de cada pol\u00edgono de edifica\u00e7\u00e3o.<\/p>\n<p class=\"subtitulo\">Perfis<\/p>\n<p>Para esclarecimento de algumas d\u00favidas foram gerados perfis, permitindo assim a an\u00e1lise da situa\u00e7\u00e3o e comprova\u00e7\u00e3o dos resultados.<\/p>\n<p>Os perfis dos pontos que comp\u00f5em o MDS s\u00e3o gerados automaticamente por programas desenvolvidos para este fim, sendo necess\u00e1rio apenas a defini\u00e7\u00e3o do alinhamento de interesse pelo do operador. Este alinhamento pode ser definido no eixo longitudinal ou transversal da edifica\u00e7\u00e3o, em qualquer uma de suas faces ou em outro local que permita a visualiza\u00e7\u00e3o da \u00e1rea de interesse.<\/p>\n<p class=\"subtitulo\">Produtos Cartogr\u00e1ficos<\/p>\n<p>Foram entregues plantas finais da base cartogr\u00e1fica vetorial, articuladas na escala 1:2.000, com curvas de n\u00edvel equidistantes de 1m, geradas a partir do perfilamento a LASER, totalizando 54 km\u00b2 , ortofotocartas impressas em glossy paper, plastificadas, totalizando 110 km\u00b2 e um mosaico na escala 1:20.000.<\/p>\n<p>Juntamente com a emiss\u00e3o das plotagens finais foram gravados os respectivos arquivos digitais, nos formatos definidos.","protected":false},"excerpt":{"rendered":"<p>[IMAGEM_CAROUSEL] O Munic\u00edpio de Santa Luzia, com superf\u00edcie de 234 km\u00b2, encontra-se na regi\u00e3o central do estado de Minas Gerais, integrando a RMBH, Regi\u00e3o Metropolitana de Belo Horizonte, distando 27 &#8230;<\/p>\n","protected":false},"author":1,"featured_media":0,"parent":2459,"menu_order":0,"comment_status":"closed","ping_status":"closed","template":"","meta":{"footnotes":""},"class_list":["post-2479","page","type-page","status-publish","hentry"],"_links":{"self":[{"href":"https:\/\/www.esteio.com.br\/en\/wp-json\/wp\/v2\/pages\/2479","targetHints":{"allow":["GET"]}}],"collection":[{"href":"https:\/\/www.esteio.com.br\/en\/wp-json\/wp\/v2\/pages"}],"about":[{"href":"https:\/\/www.esteio.com.br\/en\/wp-json\/wp\/v2\/types\/page"}],"author":[{"embeddable":true,"href":"https:\/\/www.esteio.com.br\/en\/wp-json\/wp\/v2\/users\/1"}],"replies":[{"embeddable":true,"href":"https:\/\/www.esteio.com.br\/en\/wp-json\/wp\/v2\/comments?post=2479"}],"version-history":[{"count":4,"href":"https:\/\/www.esteio.com.br\/en\/wp-json\/wp\/v2\/pages\/2479\/revisions"}],"predecessor-version":[{"id":6042,"href":"https:\/\/www.esteio.com.br\/en\/wp-json\/wp\/v2\/pages\/2479\/revisions\/6042"}],"up":[{"embeddable":true,"href":"https:\/\/www.esteio.com.br\/en\/wp-json\/wp\/v2\/pages\/2459"}],"wp:attachment":[{"href":"https:\/\/www.esteio.com.br\/en\/wp-json\/wp\/v2\/media?parent=2479"}],"curies":[{"name":"wp","href":"https:\/\/api.w.org\/{rel}","templated":true}]}}