{"id":2698,"date":"2017-07-04T16:40:00","date_gmt":"2017-07-04T16:40:00","guid":{"rendered":"http:\/\/esteio.com.br\/?page_id=2698"},"modified":"2020-08-19T20:21:41","modified_gmt":"2020-08-19T20:21:41","slug":"lidar","status":"publish","type":"page","link":"https:\/\/www.esteio.com.br\/en\/oferecidos\/lidar\/","title":{"rendered":"LiDAR e Energia E\u00f3lica"},"content":{"rendered":"[IMAGEM_CAROUSEL]\nO incremento de novas matrizes energ\u00e9ticas associadas ao Protocolo de Kyoto tem sido foco do governo de v\u00e1rios pa\u00edses. Na Europa e Estados Unidos, a energia e\u00f3lica tem ocupado lugar de destaque, tendo em vista v\u00e1rios fatores, como por exemplo, o fato de se tratar de uma fonte de energia renov\u00e1vel, os impactos ambientais s\u00e3o pequenos e a consequente redu\u00e7\u00e3o do uso de combust\u00edveis f\u00f3sseis.<\/p>\n<p>O uso da energia e\u00f3lica vem crescendo em todo o planeta, para se ter uma id\u00e9ia, informa\u00e7\u00f5es da ELETROBRAS d\u00e3o conta de que em dois anos o aumento do uso desse tipo de energia no Brasil foi de quase 10 vezes, saiu de 271 MW em 2006 para quase 2000 MW em 2008. O volume ainda \u00e9 pequeno &#8211; 1%, se comparado a pa\u00edses como a Alemanha, que produzem 23% de sua energia a partir dos ventos.<\/p>\n<p>Os investimentos nesse tipo de energia tiveram o processo alavancado gra\u00e7as aos Programas de Incentivo \u00e0s Energias Alternativas &#8211; PROINFA, institu\u00eddo pela Lei 10.438, de abril de 2002, e revisado pela Lei 10.762, de novembro de 2003, que institui adotar solu\u00e7\u00f5es regionais para o uso de fontes renov\u00e1veis de energia (biomassa, e\u00f3lica e de pequenas centrais hidrel\u00e9tricas) e assim estimular o desenvolvimento da ind\u00fastria nacional.<\/p>\n<p>O Brasil conta com o Centro Brasileiro de Energia E\u00f3lica &#8211; CBEE, que tem sede na Universidade Federal de Pernambuco &#8211; UFPE, e conta com uma \u00e1rea de testes para turbinas e\u00f3licas localizado no litoral, pr\u00f3ximo \u00e0 cidade de Olinda\/PE. A \u00e1rea de testes para turbinas e\u00f3licas, que possui v\u00e1rias m\u00e1quinas instaladas e equipamentos para aquisi\u00e7\u00e3o e processamento de dados \u00e9 um dos poucos laborat\u00f3rios do mundo com condi\u00e7\u00f5es para testar, aprovar e fornecer certificados de qualidade para turbinas e\u00f3licas.<\/p>\n<p>O Centro Brasileiro de Energia E\u00f3lica &#8211; CBEE, com o apoio da Ag\u00eancia Nacional de Energia El\u00e9trica &#8211; ANEEL e do Minist\u00e9rio de Ci\u00eancia e Tecnologia &#8211; MCT lan\u00e7ou, em 1998, a primeira vers\u00e3o do Atlas E\u00f3lico do Nordeste do Brasil. Um mapa de ventos preliminar do Brasil gerado a partir de simula\u00e7\u00f5es computacionais com modelos atmosf\u00e9ricos \u00e9 mostrado na figura ao lado:<\/p>\n<p>Aproveitando-se de informa\u00e7\u00f5es publicadas sobre energia e\u00f3lica no Brasil (vale citar os estudos do f\u00edsico Fernando Barros Martins, publicado na Revista Brasileira de Ensino de F\u00edsica), considerando que se todo o potencial e\u00f3lico brasileiro fosse convertido, seria poss\u00edvel gerar cerca de 272 terawatts\/hora (TWh) por ano de energia el\u00e9trica, que Isso representa mais da metade do consumo nacional, que estava em torno de 424 Twh\/ano, de acordo com dados referentes a 2006, nos direciona a uma vis\u00e3o otimista das atividades de mapeamentos de relevo fazendo uso de sensor LASER aerotransportado.<\/p>\n<p>Em fun\u00e7\u00e3o das grandes extens\u00f5es territoriais do Brasil e com o intuito de aproveitar ao m\u00e1ximo os locais onde ser\u00e3o implantadas as centrais e\u00f3licas, a tecnologia de mapeamento LASER pode se mostrar como uma op\u00e7\u00e3o v\u00e1lida, considerando quesitos como rapidez no mapeamento de \u00e1reas extensas.<\/p>\n<p>A caracteriza\u00e7\u00e3o do local de instala\u00e7\u00e3o de uma central e\u00f3lica \u00e9 de fundamental import\u00e2ncia na implementa\u00e7\u00e3o desse tipo de projeto, pois s\u00e3o avaliados t\u00f3picos como a integra\u00e7\u00e3o com a rede el\u00e9trica local, e para isso o mapeamento LASER mostra-se bastante eficiente, e como exemplo do mapeamento de Linhas de Transmiss\u00e3o podemos citar o servi\u00e7o executado pela ESTEIO na LT Interlagos &#8211; S\u00e3o Roque (FUSP &#8211; 345 KV\/ ano 2002).<\/p>\n<p>Numa eventual necessidade de ramais de liga\u00e7\u00e3o entre a central e\u00f3lica e a rede el\u00e9trica local, o mapeamento LASER mostra-se duplamente vantajoso:<\/p>\n<ol class=\"breadcrumb\">\n<li class=\"active\">\n<ul>\n<li>Rapidez na aquisi\u00e7\u00e3o dos dados permite o trabalho em dezenas de quil\u00f4metros em um s\u00f3 dia;<\/li>\n<li>Determina\u00e7\u00e3o do relevo (obten\u00e7\u00e3o de curvas de n\u00edvel) e da cobertura vegetal;<\/li>\n<li>Imagem de composi\u00e7\u00e3o (fus\u00e3o entre imagem hipsom\u00e9trica e a imagem de intensidade de retorno do sinal) pode ser utilizada como background para defini\u00e7\u00e3o do melhor caminhamento do ramal;<\/li>\n<\/ul>\n<\/li>\n<\/ol>\n<p>Pensando na utiliza\u00e7\u00e3o de novas fontes de energia, a PETROBRAS possui projeto piloto em Macau\/RN, no qual produz energia que poderia alimentar uma cidade com 10 mil habitantes. Esse \u00e9 o primeiro de uma s\u00e9rie de projetos que est\u00e3o sendo desenvolvidos pela ger\u00eancia de energia renov\u00e1vel, da \u00e1rea de G\u00e1s e Energia da PETROBRAS.<\/p>\n<p>Em regi\u00f5es como o Nordeste do Brasil, que possui baixo potencial hidrel\u00e9trico, est\u00e1 \u00e9 uma \u00f3tima fonte de energia para levar desenvolvimento \u00e0quela regi\u00e3o, j\u00e1 que de acordo com estudos realizados pelo Centro Brasileiro de Energia E\u00f3lica &#8211; CBEE o Nordeste brasileiro representa uma das melhores \u00e1reas para a explora\u00e7\u00e3o desse tipo de energia.<\/p>\n<p>Mapeamentos para a instala\u00e7\u00e3o dos parques e\u00f3licos e das linhas de transporte da energia produzida nesses parques podem representar investimentos com retorno certo, j\u00e1 que poderia contribuir para o Brasil ficar abaixo da m\u00e9dia de emiss\u00e3o de CO2 no meio-ambiente, estipulada pelo Protocolo de Kyoto, e assim obter cr\u00e9ditos de carbono que poder\u00e3o ser reinvestidos na gera\u00e7\u00e3o de energia limpa.","protected":false},"excerpt":{"rendered":"<p>[IMAGEM_CAROUSEL] O incremento de novas matrizes energ\u00e9ticas associadas ao Protocolo de Kyoto tem sido foco do governo de v\u00e1rios pa\u00edses. Na Europa e Estados Unidos, a energia e\u00f3lica tem ocupado &#8230;<\/p>\n","protected":false},"author":1,"featured_media":5183,"parent":1367,"menu_order":0,"comment_status":"closed","ping_status":"closed","template":"","meta":{"footnotes":""},"class_list":["post-2698","page","type-page","status-publish","has-post-thumbnail","hentry"],"_links":{"self":[{"href":"https:\/\/www.esteio.com.br\/en\/wp-json\/wp\/v2\/pages\/2698","targetHints":{"allow":["GET"]}}],"collection":[{"href":"https:\/\/www.esteio.com.br\/en\/wp-json\/wp\/v2\/pages"}],"about":[{"href":"https:\/\/www.esteio.com.br\/en\/wp-json\/wp\/v2\/types\/page"}],"author":[{"embeddable":true,"href":"https:\/\/www.esteio.com.br\/en\/wp-json\/wp\/v2\/users\/1"}],"replies":[{"embeddable":true,"href":"https:\/\/www.esteio.com.br\/en\/wp-json\/wp\/v2\/comments?post=2698"}],"version-history":[{"count":4,"href":"https:\/\/www.esteio.com.br\/en\/wp-json\/wp\/v2\/pages\/2698\/revisions"}],"predecessor-version":[{"id":5185,"href":"https:\/\/www.esteio.com.br\/en\/wp-json\/wp\/v2\/pages\/2698\/revisions\/5185"}],"up":[{"embeddable":true,"href":"https:\/\/www.esteio.com.br\/en\/wp-json\/wp\/v2\/pages\/1367"}],"wp:featuredmedia":[{"embeddable":true,"href":"https:\/\/www.esteio.com.br\/en\/wp-json\/wp\/v2\/media\/5183"}],"wp:attachment":[{"href":"https:\/\/www.esteio.com.br\/en\/wp-json\/wp\/v2\/media?parent=2698"}],"curies":[{"name":"wp","href":"https:\/\/api.w.org\/{rel}","templated":true}]}}