{"id":2700,"date":"2017-07-04T16:44:31","date_gmt":"2017-07-04T16:44:31","guid":{"rendered":"http:\/\/esteio.com.br\/?page_id=2700"},"modified":"2024-11-07T15:39:51","modified_gmt":"2024-11-07T15:39:51","slug":"mapas-inundacao","status":"publish","type":"page","link":"https:\/\/www.esteio.com.br\/en\/oferecidos\/mapas-inundacao\/","title":{"rendered":"LiDAR e Mapas de Inunda\u00e7\u00e3o"},"content":{"rendered":"[IMAGEM_CAROUSEL]\nEnchentes s\u00e3o um dos maiores desastres naturais da atualidade. As consequ\u00eancias desses eventos s\u00e3o altos preju\u00edzos ambientais, sociais e econ\u00f4micos.<\/p>\n<p>Os levantamentos LIDAR s\u00e3o capazes de obter de forma r\u00e1pida e precisa informa\u00e7\u00f5es referentes a topografia da regi\u00e3o, detectando as poss\u00edveis \u00e1reas de risco ou viabilizando projetos para preven\u00e7\u00e3o de enchentes ou at\u00e9 mesmo um novo plano de ocupa\u00e7\u00e3o de um munic\u00edpio.<\/p>\n<p>A tecnologia LASER para cria\u00e7\u00e3o de modelos Digitais de Terreno para uso espec\u00edfico em mapas de inunda\u00e7\u00e3o j\u00e1 \u00e9 padr\u00e3o em outros pa\u00edses onde as Inunda\u00e7\u00f5es s\u00e3o uma constante. Nos EUA, a FEMA \u00e9 o \u00f3rg\u00e3o respons\u00e1vel por estudar, prevenir e administrar cat\u00e1strofes naturais e entre elas, est\u00e3o as inunda\u00e7\u00f5es.<\/p>\n<p>Como exemplo de emprego da tecnologia LiDAR para Modelagem de Terreno \u00e9 poss\u00edvel simular a varia\u00e7\u00e3o de n\u00edvel da \u00e1gua sobre uma regi\u00e3o. O mapa simulado de Inunda\u00e7\u00e3o do Munic\u00edpio de Pirapora \u00e9 uma amostra do detalhamento do Modelo Digital do Terreno gerado a partir dados LIDAR. Com ele, \u00e9 poss\u00edvel conhecer a trajet\u00f3ria que a \u00e1gua vai percorrer a cada metro de uma prov\u00e1vel eleva\u00e7\u00e3o do n\u00edvel das \u00e1guas do rio.<\/p>\n<p>Mapa de Inunda\u00e7\u00e3o de Pirapora (MG)- Gerado a partir de dados laser realizados em 2009 com equipamento Leica ALS50II. Pode ser visualizado <a title=\"Mapa de Inunda\u00e7\u00e3o de Pirapora (MG)- Gerado a Partir de Dados Laser Realizados em 2009 com Equipamento Leica ALS50II\" href=\"http:\/\/esteio.com.br\/imagens\/servicos\/oferecidos\/mapas-inundacao\/inundacao\/1_metro\/googlemaps.html\" rel=\"shadowbox[galeria1]\">aqui<\/a>.<\/p>\n<p>Com esta simula\u00e7\u00e3o \u00e9 poss\u00edvel identificar \u00e1reas de risco em potencial e planejar com anteced\u00eancia qualquer movimento de remo\u00e7\u00e3o de aglomerados urbanos ou de alertas para Defesa Civil, habitantes. Al\u00e9m de permitir o direcionamento de obras civis para conten\u00e7\u00e3o de pontos de alagamento, limpeza de c\u00f3rregos e rios, posicionamento de tubula\u00e7\u00f5es de escoamento de \u00e1guas pluviais, etc.","protected":false},"excerpt":{"rendered":"<p>[IMAGEM_CAROUSEL] Enchentes s\u00e3o um dos maiores desastres naturais da atualidade. As consequ\u00eancias desses eventos s\u00e3o altos preju\u00edzos ambientais, sociais e econ\u00f4micos. Os levantamentos LIDAR s\u00e3o capazes de obter de forma &#8230;<\/p>\n","protected":false},"author":1,"featured_media":5983,"parent":1367,"menu_order":0,"comment_status":"closed","ping_status":"closed","template":"","meta":{"footnotes":""},"class_list":["post-2700","page","type-page","status-publish","has-post-thumbnail","hentry"],"_links":{"self":[{"href":"https:\/\/www.esteio.com.br\/en\/wp-json\/wp\/v2\/pages\/2700","targetHints":{"allow":["GET"]}}],"collection":[{"href":"https:\/\/www.esteio.com.br\/en\/wp-json\/wp\/v2\/pages"}],"about":[{"href":"https:\/\/www.esteio.com.br\/en\/wp-json\/wp\/v2\/types\/page"}],"author":[{"embeddable":true,"href":"https:\/\/www.esteio.com.br\/en\/wp-json\/wp\/v2\/users\/1"}],"replies":[{"embeddable":true,"href":"https:\/\/www.esteio.com.br\/en\/wp-json\/wp\/v2\/comments?post=2700"}],"version-history":[{"count":10,"href":"https:\/\/www.esteio.com.br\/en\/wp-json\/wp\/v2\/pages\/2700\/revisions"}],"predecessor-version":[{"id":6975,"href":"https:\/\/www.esteio.com.br\/en\/wp-json\/wp\/v2\/pages\/2700\/revisions\/6975"}],"up":[{"embeddable":true,"href":"https:\/\/www.esteio.com.br\/en\/wp-json\/wp\/v2\/pages\/1367"}],"wp:featuredmedia":[{"embeddable":true,"href":"https:\/\/www.esteio.com.br\/en\/wp-json\/wp\/v2\/media\/5983"}],"wp:attachment":[{"href":"https:\/\/www.esteio.com.br\/en\/wp-json\/wp\/v2\/media?parent=2700"}],"curies":[{"name":"wp","href":"https:\/\/api.w.org\/{rel}","templated":true}]}}