{"id":2967,"date":"2017-07-25T13:30:49","date_gmt":"2017-07-25T13:30:49","guid":{"rendered":"http:\/\/esteio.com.br\/?page_id=2967"},"modified":"2017-09-27T19:18:50","modified_gmt":"2017-09-27T19:18:50","slug":"2967-2","status":"publish","type":"page","link":"https:\/\/www.esteio.com.br\/en\/areas-voadas__trashed\/2967-2\/","title":{"rendered":"Rio de Janeiro &#8211; RJ"},"content":{"rendered":"<table class=\"table\" cellspacing=\"0\">\n<tbody>\n<tr class=\"templateTable\" bgcolor=\"#999999\">\n<td align=\"center\"><strong>Ano<\/strong><\/td>\n<td align=\"center\"><strong>Serv<\/strong><\/td>\n<td align=\"center\"><strong>Lic<\/strong><\/td>\n<td align=\"center\"><strong>Latitude<\/strong><\/td>\n<td align=\"center\"><strong>Longitude<\/strong><\/td>\n<td align=\"center\"><strong>Escala 1\/<\/strong><\/td>\n<td align=\"center\"><strong>Sigilo<\/strong><\/td>\n<\/tr>\n<tr>\n<td colspan=\"7\" bgcolor=\"#CCCCCC\"><strong>Aeroportos Campos e Maca\u00e9<\/strong><\/td>\n<\/tr>\n<tr>\n<td align=\"center\">1997<\/td>\n<td align=\"center\">005<\/td>\n<td align=\"center\">096\/97<\/td>\n<td align=\"center\">21\u00ba35&#8242;-21\u00ba50&#8217;S<\/td>\n<td align=\"center\">41\u00ba10&#8242;-41\u00ba25&#8217;W<\/td>\n<td align=\"center\">8000<\/td>\n<td align=\"center\">Reservado<\/td>\n<\/tr>\n<tr bgcolor=\"#e5e5e5\">\n<td align=\"center\">1997<\/td>\n<td align=\"center\">005<\/td>\n<td align=\"center\">096\/97<\/td>\n<td align=\"center\">22\u00ba15&#8242;-22\u00ba25&#8217;S<\/td>\n<td align=\"center\">41\u00ba40&#8242;-41\u00ba50&#8217;W<\/td>\n<td align=\"center\">30000<\/td>\n<td align=\"center\">Reservado<\/td>\n<\/tr>\n<tr>\n<td colspan=\"6\" valign=\"middle\" bgcolor=\"#CCCCCC\"><strong>Angra dos Reis<\/strong><\/td>\n<td style=\"text-align: center;\" colspan=\"1\" valign=\"middle\" bgcolor=\"#CCCCCC\"><a href=\"http:\/\/esteio.com.br\/produtos\/kmz\/angra_dos_reis.kmz\"><img loading=\"lazy\" decoding=\"async\" title=\"Imagem Google Earth\" src=\"https:\/\/esteio.com.br\/imagens\/earth.png\" width=\"20\" height=\"20\" \/><\/a><\/td>\n<\/tr>\n<tr>\n<td colspan=\"7\" bgcolor=\"#CCCCCC\"><strong>Caxias-Maj\u00e9-Guapimirim<\/strong><\/td>\n<\/tr>\n<tr>\n<td align=\"center\">1995<\/td>\n<td align=\"center\">016<\/td>\n<td align=\"center\">150\/95<\/td>\n<td align=\"center\">22\u00ba25\u2019-22\u00ba50\u2019S<\/td>\n<td align=\"center\">42\u00ba45\u2019-43\u00ba25\u2019W<\/td>\n<td align=\"center\">8000<\/td>\n<td align=\"center\">Reservado\/Conf<\/td>\n<\/tr>\n<tr>\n<td colspan=\"6\" valign=\"middle\" bgcolor=\"#CCCCCC\"><strong>Duque de Caxias &#8211; REVAP<\/strong><\/td>\n<td style=\"text-align: center;\" colspan=\"1\" valign=\"middle\" bgcolor=\"#CCCCCC\"><a href=\"http:\/\/esteio.com.br\/produtos\/kmz\/duque_de_caxias_REVAP.kmz\"><img loading=\"lazy\" decoding=\"async\" title=\"Imagem Google Earth\" src=\"https:\/\/esteio.com.br\/imagens\/earth.png\" width=\"20\" height=\"20\" \/><\/a><\/td>\n<\/tr>\n<tr>\n<td colspan=\"7\" bgcolor=\"#CCCCCC\"><strong>Itaipu-Arraial do Cabo<\/strong><\/td>\n<\/tr>\n<tr>\n<td align=\"center\">1995<\/td>\n<td align=\"center\">014<\/td>\n<td align=\"center\">131\/95<\/td>\n<td align=\"center\">22\u00ba50&#8242;-23\u00ba00&#8217;S<\/td>\n<td align=\"center\">42\u00ba00&#8242;-43\u00ba10&#8217;W<\/td>\n<td align=\"center\">12500<\/td>\n<td align=\"center\">Reservado\/Conf<\/td>\n<\/tr>\n<tr>\n<td colspan=\"7\" bgcolor=\"#CCCCCC\"><strong>Regi\u00f5es de Rio de Janeiro<\/strong><\/td>\n<\/tr>\n<tr>\n<td align=\"center\">2001<\/td>\n<td align=\"center\">002<\/td>\n<td align=\"center\">013\/01<\/td>\n<td align=\"center\">&#8211;<\/td>\n<td align=\"center\">&#8211;<\/td>\n<td align=\"center\">8000\/30000<\/td>\n<td align=\"center\">Confidencial<\/td>\n<\/tr>\n<tr bgcolor=\"#e5e5e5\">\n<td align=\"center\">2001<\/td>\n<td align=\"center\">005<\/td>\n<td align=\"center\">016\/01<\/td>\n<td align=\"center\">&#8211;<\/td>\n<td align=\"center\">&#8211;<\/td>\n<td align=\"center\">8000\/30000<\/td>\n<td align=\"center\">Confidencial<\/td>\n<\/tr>\n<tr>\n<td align=\"center\">2001<\/td>\n<td align=\"center\">005-A<\/td>\n<td align=\"center\">005\/02<\/td>\n<td align=\"center\">&#8211;<\/td>\n<td align=\"center\">&#8211;<\/td>\n<td align=\"center\">LASER<\/td>\n<td align=\"center\">Confidencial<\/td>\n<\/tr>\n<tr bgcolor=\"#e5e5e5\">\n<td align=\"center\">2001<\/td>\n<td align=\"center\">002<\/td>\n<td align=\"center\">013\/01<\/td>\n<td align=\"center\">&#8211;<\/td>\n<td align=\"center\">&#8211;<\/td>\n<td align=\"center\">8000\/30000<\/td>\n<td align=\"center\">Confidencial<\/td>\n<\/tr>\n<tr>\n<td align=\"center\">2001<\/td>\n<td align=\"center\">002-A<\/td>\n<td align=\"center\">001\/02<\/td>\n<td align=\"center\">&#8211;<\/td>\n<td align=\"center\">&#8211;<\/td>\n<td align=\"center\">LASER<\/td>\n<td align=\"center\">Confidencial<\/td>\n<\/tr>\n<tr bgcolor=\"#e5e5e5\">\n<td align=\"center\">2004<\/td>\n<td align=\"center\">008<\/td>\n<td align=\"center\">079\/04<\/td>\n<td align=\"center\">11\u00ba45\u2019-22\u00ba40\u2019S<\/td>\n<td align=\"center\">37\u00ba40\u2019-42\u00ba00\u2019W<\/td>\n<td align=\"center\">8000<br \/>\n30000<br \/>\nLASER<\/td>\n<td align=\"center\">Confidencial<\/td>\n<\/tr>\n<tr>\n<td colspan=\"6\" valign=\"middle\" bgcolor=\"#CCCCCC\"><strong>Resende<\/strong><\/td>\n<td style=\"text-align: center;\" colspan=\"1\" valign=\"middle\" bgcolor=\"#CCCCCC\"><a href=\"http:\/\/esteio.com.br\/produtos\/kmz\/resende.kmz\"><img loading=\"lazy\" decoding=\"async\" title=\"Imagem Google Earth\" src=\"https:\/\/esteio.com.br\/imagens\/earth.png\" width=\"20\" height=\"20\" \/><\/a><\/td>\n<\/tr>\n<tr>\n<td colspan=\"7\" bgcolor=\"#CCCCCC\"><strong>Rio de Janeiro<\/strong><\/td>\n<\/tr>\n<tr>\n<td align=\"center\">2000<\/td>\n<td align=\"center\">004<\/td>\n<td align=\"center\">024\/00<\/td>\n<td align=\"center\">22\u00ba40\u2019-23\u00ba05\u2019S<\/td>\n<td align=\"center\">43\u00ba05\u2019-44\u00ba20\u2019W<\/td>\n<td align=\"center\">8000<\/td>\n<td align=\"center\">Confidencial<\/td>\n<\/tr>\n<tr bgcolor=\"#e5e5e5\">\n<td align=\"center\">1995<\/td>\n<td align=\"center\">013<\/td>\n<td align=\"center\">125\/95<\/td>\n<td align=\"center\">22\u00ba52&#8242;-22\u00ba52&#8217;S<\/td>\n<td align=\"center\">43\u00ba21&#8242;-43\u00ba25&#8217;W<\/td>\n<td align=\"center\">4000<\/td>\n<td align=\"center\">Confidencial<\/td>\n<\/tr>\n<tr>\n<td align=\"center\">1995<\/td>\n<td align=\"center\">013<\/td>\n<td align=\"center\">125\/95<\/td>\n<td align=\"center\">22\u00ba53&#8242;-22\u00ba53&#8217;S<\/td>\n<td align=\"center\">43\u00ba28&#8242;-43\u00ba29&#8217;W<\/td>\n<td align=\"center\">4000<\/td>\n<td align=\"center\">Confidencial<\/td>\n<\/tr>\n<tr bgcolor=\"#e5e5e5\">\n<td align=\"center\">1995<\/td>\n<td align=\"center\">013<\/td>\n<td align=\"center\">125\/95<\/td>\n<td align=\"center\">22\u00ba55&#8242;-22\u00ba56&#8217;S<\/td>\n<td align=\"center\">43\u00ba22&#8242;-43\u00ba22&#8217;W<\/td>\n<td align=\"center\">4000<\/td>\n<td align=\"center\">Confidencial<\/td>\n<\/tr>\n<tr>\n<td align=\"center\">1995<\/td>\n<td align=\"center\">013<\/td>\n<td align=\"center\">125\/95<\/td>\n<td align=\"center\">22\u00ba57&#8242;-22\u00ba58&#8217;S<\/td>\n<td align=\"center\">43\u00ba24&#8242;-43\u00ba24&#8217;W<\/td>\n<td align=\"center\">4000<\/td>\n<td align=\"center\">Confidencial<\/td>\n<\/tr>\n<tr bgcolor=\"#e5e5e5\">\n<td align=\"center\">1995<\/td>\n<td align=\"center\">013<\/td>\n<td align=\"center\">125\/95<\/td>\n<td align=\"center\">22\u00ba54&#8242;-22\u00ba56&#8217;S<\/td>\n<td align=\"center\">43\u00ba10&#8242;-43\u00ba10&#8217;W<\/td>\n<td align=\"center\">4000<\/td>\n<td align=\"center\">Confidencial<\/td>\n<\/tr>\n<tr>\n<td align=\"center\">1996<\/td>\n<td align=\"center\">023<\/td>\n<td align=\"center\">004\/97<\/td>\n<td align=\"center\">22\u00ba40&#8242;-23\u00ba00&#8217;S<\/td>\n<td align=\"center\">43\u00ba00&#8242;-43\u00ba30&#8217;W<\/td>\n<td align=\"center\">4000<\/td>\n<td align=\"center\">Reservado\/Conf<\/td>\n<\/tr>\n<tr bgcolor=\"#e5e5e5\">\n<td align=\"center\">1996<\/td>\n<td align=\"center\">023<\/td>\n<td align=\"center\">004\/97<\/td>\n<td align=\"center\">22\u00fa40&#8242;-23\u00ba00&#8217;S<\/td>\n<td align=\"center\">43\u00ba00&#8242;-43\u00ba30&#8217;W<\/td>\n<td align=\"center\">8000<\/td>\n<td align=\"center\">Reservado\/Conf<\/td>\n<\/tr>\n<tr>\n<td colspan=\"7\" bgcolor=\"#CCCCCC\"><strong>S. Jo\u00e3o de Meriti-Nil\u00f3polis-Nova Igua\u00e7u-Belford Roxo<\/strong><\/td>\n<\/tr>\n<tr>\n<td align=\"center\">1995<\/td>\n<td align=\"center\">016<\/td>\n<td align=\"center\">150\/95<\/td>\n<td align=\"center\">22\u00ba35\u2019-22\u00ba55\u2019S<\/td>\n<td align=\"center\">43\u00ba10\u2019-43\u00ba40\u2019W<\/td>\n<td align=\"center\">8000<\/td>\n<td align=\"center\">Reservado\/Conf<\/td>\n<\/tr>\n<\/tbody>\n<\/table>\n","protected":false},"excerpt":{"rendered":"<p>Ano Serv Lic Latitude Longitude Escala 1\/ Sigilo Aeroportos Campos e Maca\u00e9 1997 005 096\/97 21\u00ba35&#8242;-21\u00ba50&#8217;S 41\u00ba10&#8242;-41\u00ba25&#8217;W 8000 Reservado 1997 005 096\/97 22\u00ba15&#8242;-22\u00ba25&#8217;S 41\u00ba40&#8242;-41\u00ba50&#8217;W 30000 Reservado Angra dos Reis Caxias-Maj\u00e9-Guapimirim &#8230;<\/p>\n","protected":false},"author":1,"featured_media":0,"parent":2804,"menu_order":0,"comment_status":"closed","ping_status":"closed","template":"template-left-sidebar.php","meta":{"footnotes":""},"class_list":["post-2967","page","type-page","status-publish","hentry"],"_links":{"self":[{"href":"https:\/\/www.esteio.com.br\/en\/wp-json\/wp\/v2\/pages\/2967","targetHints":{"allow":["GET"]}}],"collection":[{"href":"https:\/\/www.esteio.com.br\/en\/wp-json\/wp\/v2\/pages"}],"about":[{"href":"https:\/\/www.esteio.com.br\/en\/wp-json\/wp\/v2\/types\/page"}],"author":[{"embeddable":true,"href":"https:\/\/www.esteio.com.br\/en\/wp-json\/wp\/v2\/users\/1"}],"replies":[{"embeddable":true,"href":"https:\/\/www.esteio.com.br\/en\/wp-json\/wp\/v2\/comments?post=2967"}],"version-history":[{"count":9,"href":"https:\/\/www.esteio.com.br\/en\/wp-json\/wp\/v2\/pages\/2967\/revisions"}],"predecessor-version":[{"id":3579,"href":"https:\/\/www.esteio.com.br\/en\/wp-json\/wp\/v2\/pages\/2967\/revisions\/3579"}],"up":[{"embeddable":true,"href":"https:\/\/www.esteio.com.br\/en\/wp-json\/wp\/v2\/pages\/2804"}],"wp:attachment":[{"href":"https:\/\/www.esteio.com.br\/en\/wp-json\/wp\/v2\/media?parent=2967"}],"curies":[{"name":"wp","href":"https:\/\/api.w.org\/{rel}","templated":true}]}}