{"id":3254,"date":"2017-08-18T18:54:15","date_gmt":"2017-08-18T18:54:15","guid":{"rendered":"http:\/\/esteio.com.br\/?page_id=3254"},"modified":"2020-08-25T18:22:44","modified_gmt":"2020-08-25T18:22:44","slug":"cartografia-brasileira","status":"publish","type":"page","link":"https:\/\/www.esteio.com.br\/en\/variedades\/cartografia-brasileira\/","title":{"rendered":"Cartografia Brasileira"},"content":{"rendered":"<p><img loading=\"lazy\" decoding=\"async\" class=\"size-medium wp-image-3255 alignright\" src=\"https:\/\/esteio.com.br\/wp-content\/uploads\/2017\/08\/GloboInvertido-300x300.jpg\" alt=\"\" width=\"300\" height=\"300\" srcset=\"https:\/\/www.esteio.com.br\/wp-content\/uploads\/2017\/08\/GloboInvertido-300x300.jpg 300w, https:\/\/www.esteio.com.br\/wp-content\/uploads\/2017\/08\/GloboInvertido-150x150.jpg 150w, https:\/\/www.esteio.com.br\/wp-content\/uploads\/2017\/08\/GloboInvertido.jpg 584w\" sizes=\"auto, (max-width: 300px) 100vw, 300px\" \/>A Cartografia Brasileira \u00e9 baseada nos padr\u00f5es europeus de Cartografia mar\u00edtima, nos quais a Estrela Polar determina o &#8220;Norte&#8221;. Antes da navega\u00e7\u00e3o mar\u00edtima, o ponto de refer\u00eancia era o Sol, e os mapas apontavam para o oriente. At\u00e9 hoje, usamos termos como &#8220;orientar-se&#8221; e &#8220;desnorteado&#8221;.<\/p>\n<p>Em um mapa verdadeiramente brasileiro, o ponto de refer\u00eancia seria o Cruzeiro do Sul e n\u00e3o a estrela polar, o Brasil seguramente estaria no centro, e os europeus achariam que estavam sendo representados &#8220;de cabe\u00e7a para baixo&#8221;.<\/p>\n<p>A imagem apresenta o primeiro mapa sob a \u00f3tica brasileira, em uma proje\u00e7\u00e3o chamada de eq\u00fcidistante, que mede as dist\u00e2ncias de todos os pa\u00edses vizinhos.<\/p>\n<p>Imediatamente descobrimos, por exemplo, que Porto Alegre est\u00e1 mais pr\u00f3xima de Melbourne, na Austr\u00e1lia do que do Sud\u00e3o, na \u00c1frica; e a Nova Zel\u00e2ndia, mais pr\u00f3xima que a Calif\u00f3rnia.<\/p>\n<p>Se a sua primeira impress\u00e3o foi que o Brasil est\u00e1 de cabe\u00e7a para baixo, isto significa que o seu ponto de orienta\u00e7\u00e3o ainda \u00e9 europeu, e n\u00e3o brasileiro.<\/p>\n","protected":false},"excerpt":{"rendered":"<p>A Cartografia Brasileira \u00e9 baseada nos padr\u00f5es europeus de Cartografia mar\u00edtima, nos quais a Estrela Polar determina o &#8220;Norte&#8221;. Antes da navega\u00e7\u00e3o mar\u00edtima, o ponto de refer\u00eancia era o Sol, &#8230;<\/p>\n","protected":false},"author":1,"featured_media":3255,"parent":3126,"menu_order":0,"comment_status":"closed","ping_status":"closed","template":"","meta":{"footnotes":""},"class_list":["post-3254","page","type-page","status-publish","has-post-thumbnail","hentry"],"_links":{"self":[{"href":"https:\/\/www.esteio.com.br\/en\/wp-json\/wp\/v2\/pages\/3254","targetHints":{"allow":["GET"]}}],"collection":[{"href":"https:\/\/www.esteio.com.br\/en\/wp-json\/wp\/v2\/pages"}],"about":[{"href":"https:\/\/www.esteio.com.br\/en\/wp-json\/wp\/v2\/types\/page"}],"author":[{"embeddable":true,"href":"https:\/\/www.esteio.com.br\/en\/wp-json\/wp\/v2\/users\/1"}],"replies":[{"embeddable":true,"href":"https:\/\/www.esteio.com.br\/en\/wp-json\/wp\/v2\/comments?post=3254"}],"version-history":[{"count":2,"href":"https:\/\/www.esteio.com.br\/en\/wp-json\/wp\/v2\/pages\/3254\/revisions"}],"predecessor-version":[{"id":3257,"href":"https:\/\/www.esteio.com.br\/en\/wp-json\/wp\/v2\/pages\/3254\/revisions\/3257"}],"up":[{"embeddable":true,"href":"https:\/\/www.esteio.com.br\/en\/wp-json\/wp\/v2\/pages\/3126"}],"wp:featuredmedia":[{"embeddable":true,"href":"https:\/\/www.esteio.com.br\/en\/wp-json\/wp\/v2\/media\/3255"}],"wp:attachment":[{"href":"https:\/\/www.esteio.com.br\/en\/wp-json\/wp\/v2\/media?parent=3254"}],"curies":[{"name":"wp","href":"https:\/\/api.w.org\/{rel}","templated":true}]}}