{"id":3264,"date":"2017-08-21T17:22:08","date_gmt":"2017-08-21T17:22:08","guid":{"rendered":"http:\/\/esteio.com.br\/?page_id=3264"},"modified":"2022-05-26T12:26:00","modified_gmt":"2022-05-26T12:26:00","slug":"historia-da-cartografia","status":"publish","type":"page","link":"https:\/\/www.esteio.com.br\/en\/variedades\/historia-da-cartografia\/","title":{"rendered":"Hist\u00f3ria da Cartografia"},"content":{"rendered":"<img loading=\"lazy\" decoding=\"async\" class=\"size-full wp-image-3265 alignleft\" src=\"https:\/\/esteio.com.br\/wp-content\/uploads\/2017\/08\/historia_da_cartografia.jpg\" alt=\"\" width=\"200\" height=\"204\" \/>Alguns colaboradores da ESTEIO se juntaram para elaborar um breve hist\u00f3rico sobre a cartografia. Desde seus prim\u00f3rdios at\u00e9 a atualidade.<\/p>\n<p>Confira o resultado abaixo:<\/p>\n<p><a href=\"http:\/\/esteio.com.br\/curiosidades\/historia_da_cartografia.pps\">Formato PPS (PowerPoint)<\/a> &#8211; Arquivo com 1,65 MB<\/p>\n<p><a href=\"http:\/\/esteio.com.br\/curiosidades\/historia_da_cartografia.pdf\" target=\"_blank\" rel=\"noopener\">Formato PDF (Acrobat)<\/a> &#8211; Arquivo com 2,74 MB","protected":false},"excerpt":{"rendered":"<p>Alguns colaboradores da ESTEIO se juntaram para elaborar um breve hist\u00f3rico sobre a cartografia. Desde seus prim\u00f3rdios at\u00e9 a atualidade. Confira o resultado abaixo: Formato PPS (PowerPoint) &#8211; Arquivo com &#8230;<\/p>\n","protected":false},"author":1,"featured_media":3265,"parent":3126,"menu_order":0,"comment_status":"closed","ping_status":"closed","template":"","meta":{"footnotes":""},"class_list":["post-3264","page","type-page","status-publish","has-post-thumbnail","hentry"],"_links":{"self":[{"href":"https:\/\/www.esteio.com.br\/en\/wp-json\/wp\/v2\/pages\/3264","targetHints":{"allow":["GET"]}}],"collection":[{"href":"https:\/\/www.esteio.com.br\/en\/wp-json\/wp\/v2\/pages"}],"about":[{"href":"https:\/\/www.esteio.com.br\/en\/wp-json\/wp\/v2\/types\/page"}],"author":[{"embeddable":true,"href":"https:\/\/www.esteio.com.br\/en\/wp-json\/wp\/v2\/users\/1"}],"replies":[{"embeddable":true,"href":"https:\/\/www.esteio.com.br\/en\/wp-json\/wp\/v2\/comments?post=3264"}],"version-history":[{"count":5,"href":"https:\/\/www.esteio.com.br\/en\/wp-json\/wp\/v2\/pages\/3264\/revisions"}],"predecessor-version":[{"id":5988,"href":"https:\/\/www.esteio.com.br\/en\/wp-json\/wp\/v2\/pages\/3264\/revisions\/5988"}],"up":[{"embeddable":true,"href":"https:\/\/www.esteio.com.br\/en\/wp-json\/wp\/v2\/pages\/3126"}],"wp:featuredmedia":[{"embeddable":true,"href":"https:\/\/www.esteio.com.br\/en\/wp-json\/wp\/v2\/media\/3265"}],"wp:attachment":[{"href":"https:\/\/www.esteio.com.br\/en\/wp-json\/wp\/v2\/media?parent=3264"}],"curies":[{"name":"wp","href":"https:\/\/api.w.org\/{rel}","templated":true}]}}